{"id":162209,"date":"2025-12-19T12:06:01","date_gmt":"2025-12-19T09:06:01","guid":{"rendered":"https:\/\/baldumarket.lt\/product\/laser-lask02b-komoda-2d2s-szary-czarny-bialy-niebieski\/"},"modified":"2026-04-06T19:18:44","modified_gmt":"2026-04-06T16:18:44","slug":"laser-lask02b-komoda-2d2s-szary-czarny-bialy-niebieski","status":"publish","type":"product","link":"https:\/\/baldumarket.lt\/lt\/product\/laser-lask02b-komoda-2d2s-szary-czarny-bialy-niebieski\/","title":{"rendered":"LASER LASK02B \u2013 Komoda su 2 stal\u010diais, pilka\/juoda\/balta\/m\u0117lyna"},"content":{"rendered":"<p>Atraskite komod\u0105, kuri \u012fne\u0161 harmonijos \u012f bet kok\u012f interjer\u0105 \u2013 \u201eLaser LASK02B\u201c, kruop\u0161\u010diai sukurt\u0105 atsi\u017evelgiant \u012f funkcionalum\u0105 ir estetik\u0105. Pilkos, tamsiai juodos, baltos ir raminan\u010dios m\u0117lynos spalv\u0173 spalv\u0173 pasirinkimas puikiai dera prie bet kokio interjero dizaino. \u0160i komoda, kurios matmenys yra 125,7 cm plo\u010dio, 74,2 cm auk\u0161\u010dio ir 40 cm gylio, puikiai tiks tiek erdviose svetain\u0117se, tiek ma\u017eesniuose kambariuose. Pagaminta i\u0161 auk\u0161tos kokyb\u0117s laminuotos plok\u0161t\u0117s, jos konstrukcija yra atspari kasdieniam naudojimui ir lengvai valoma, \u201eLaser LASK02B\u201c komoda derina modernum\u0105 ir funkcionalum\u0105. Du spintel\u0117s fasadai ir du erdv\u016bs stal\u010diai, kuri\u0173 fasadai galimi \u012fdomi\u0173 spalv\u0173: \u010dili raudonos ir dulk\u0117tos m\u0117lynos, suteikia baldui ne tik prakti\u0161kumo, bet ir yra intriguojantis dekoratyvinis elementas. Laminuota med\u017eio dro\u017eli\u0173 plok\u0161t\u0117, naudojama tiek korpusui, tiek fasadams, padidina spintel\u0117s patvarum\u0105, tod\u0117l gaminiu d\u017eiaugsit\u0117s ilgus metus. Tiksl\u0173 surinkim\u0105 pabr\u0117\u017eia auk\u0161tos kokyb\u0117s pasl\u0117pti vyriai ir ritininiai kreiptuvai, u\u017etikrinantys tyl\u0173 ir skland\u0173 veikim\u0105. Prakti\u0161kos plastikin\u0117s kojel\u0117s apsaugo grindis nuo \u012fbr\u0117\u017eim\u0173.<\/p>","protected":false},"excerpt":{"rendered":"<p>Plotis (cm): 125,7<br \/>\n\u016agis (cm): 74,2<br \/>\nGylis (cm): 40<\/p>","protected":false},"featured_media":162210,"comment_status":"open","ping_status":"open","template":"","meta":[],"product_brand":[],"product_cat":[9460,1173,4107],"product_tag":[],"class_list":{"0":"post-162209","1":"product","2":"type-product","3":"status-publish","4":"has-post-thumbnail","6":"product_cat-furniture-system-laser-wojcik-meble","7":"product_cat-chests-of-drawers","8":"product_cat-meble-wojcik","10":"first","11":"instock","12":"purchasable","13":"product-type-simple"},"_links":{"self":[{"href":"https:\/\/baldumarket.lt\/lt\/wp-json\/wp\/v2\/product\/162209","targetHints":{"allow":["GET"]}}],"collection":[{"href":"https:\/\/baldumarket.lt\/lt\/wp-json\/wp\/v2\/product"}],"about":[{"href":"https:\/\/baldumarket.lt\/lt\/wp-json\/wp\/v2\/types\/product"}],"replies":[{"embeddable":true,"href":"https:\/\/baldumarket.lt\/lt\/wp-json\/wp\/v2\/comments?post=162209"}],"wp:featuredmedia":[{"embeddable":true,"href":"https:\/\/baldumarket.lt\/lt\/wp-json\/wp\/v2\/media\/162210"}],"wp:attachment":[{"href":"https:\/\/baldumarket.lt\/lt\/wp-json\/wp\/v2\/media?parent=162209"}],"wp:term":[{"taxonomy":"product_brand","embeddable":true,"href":"https:\/\/baldumarket.lt\/lt\/wp-json\/wp\/v2\/product_brand?post=162209"},{"taxonomy":"product_cat","embeddable":true,"href":"https:\/\/baldumarket.lt\/lt\/wp-json\/wp\/v2\/product_cat?post=162209"},{"taxonomy":"product_tag","embeddable":true,"href":"https:\/\/baldumarket.lt\/lt\/wp-json\/wp\/v2\/product_tag?post=162209"}],"curies":[{"name":"wp","href":"https:\/\/api.w.org\/{rel}","templated":true}]}}