{"id":162203,"date":"2025-12-19T12:05:49","date_gmt":"2025-12-19T09:05:49","guid":{"rendered":"https:\/\/baldumarket.lt\/product\/imperial-typ-42-komoda-3-drzwiowa-orzech\/"},"modified":"2026-04-06T19:18:34","modified_gmt":"2026-04-06T16:18:34","slug":"imperial-typ-42-komoda-3-drzwiowa-orzech","status":"publish","type":"product","link":"https:\/\/baldumarket.lt\/lt\/product\/imperial-typ-42-komoda-3-drzwiowa-orzech\/","title":{"rendered":"Imperial TYPE 42 \u2013 3 dur\u0173 komoda, rie\u0161uto spalvos"},"content":{"rendered":"<p>Atraskite unikal\u0173 stili\u0173 ir elegancij\u0105, kuri\u0105 j\u016bs\u0173 interjerui suteiks \u2019Imperial TYPE 42\u201c rie\u0161utmed\u017eio komoda. \u0160is baldas puikiai derina funkcionalum\u0105 ir rafinuot\u0105 dizain\u0105, tapdamas unikaliu dekoratyviniu elementu bet kurioje svetain\u0117je ar valgomajame. 140 cm plo\u010dio ir 89,3 cm auk\u0161\u010dio komodos bei 45 cm gylio d\u0117ka joje yra daug vietos daiktams susid\u0117ti. \u201eImperial TYPE 42\u201c komoda sukurta tiems, kurie vertina patvarum\u0105 ir kokybi\u0161kas med\u017eiagas. \u0160iam baldui pagaminta laminuota plok\u0161t\u0117 yra atspari kasdieniam naudojimui, \u012fskaitant dr\u0117gm\u0119, \u012fbr\u0117\u017eimus ir auk\u0161t\u0105 temperat\u016br\u0105. Indauja pagaminta i\u0161 laminuotos med\u017eio dro\u017eli\u0173 plok\u0161t\u0117s, papildytos dekoratyvin\u0117mis MDF juostel\u0117mis, suteikian\u010diomis baldui subtil\u0173, klasikin\u012f charakter\u012f. Gerai apgalvotas indauja su trimis durel\u0117mis, \u012fskaitant vien\u0105 stiklin\u012f element\u0105 i\u0161 gr\u016bdinto stiklo, ne tik padidina naudotojo saugum\u0105, bet ir leid\u017eia eleganti\u0161kai eksponuoti stalo \u012frankius, tauri\u0173 kolekcij\u0105 ar kitus vertingus daiktus. Dekoratyvin\u0117 MDF juostel\u0117 subtiliai pary\u0161kina baldo form\u0105, suteikdama subtilios, klasikin\u0117s elegancijos.<\/p>","protected":false},"excerpt":{"rendered":"<p>Plotis (cm): 140<br \/>\n\u016agis (cm): 89,3<br \/>\nGylis (cm): 45<\/p>","protected":false},"featured_media":162204,"comment_status":"open","ping_status":"open","template":"","meta":[],"product_brand":[],"product_cat":[9484,1173,4107],"product_tag":[],"class_list":{"0":"post-162203","1":"product","2":"type-product","3":"status-publish","4":"has-post-thumbnail","6":"product_cat-furniture-system-imperial-wojcik-meble","7":"product_cat-chests-of-drawers","8":"product_cat-meble-wojcik","10":"first","11":"instock","12":"purchasable","13":"product-type-simple"},"_links":{"self":[{"href":"https:\/\/baldumarket.lt\/lt\/wp-json\/wp\/v2\/product\/162203","targetHints":{"allow":["GET"]}}],"collection":[{"href":"https:\/\/baldumarket.lt\/lt\/wp-json\/wp\/v2\/product"}],"about":[{"href":"https:\/\/baldumarket.lt\/lt\/wp-json\/wp\/v2\/types\/product"}],"replies":[{"embeddable":true,"href":"https:\/\/baldumarket.lt\/lt\/wp-json\/wp\/v2\/comments?post=162203"}],"wp:featuredmedia":[{"embeddable":true,"href":"https:\/\/baldumarket.lt\/lt\/wp-json\/wp\/v2\/media\/162204"}],"wp:attachment":[{"href":"https:\/\/baldumarket.lt\/lt\/wp-json\/wp\/v2\/media?parent=162203"}],"wp:term":[{"taxonomy":"product_brand","embeddable":true,"href":"https:\/\/baldumarket.lt\/lt\/wp-json\/wp\/v2\/product_brand?post=162203"},{"taxonomy":"product_cat","embeddable":true,"href":"https:\/\/baldumarket.lt\/lt\/wp-json\/wp\/v2\/product_cat?post=162203"},{"taxonomy":"product_tag","embeddable":true,"href":"https:\/\/baldumarket.lt\/lt\/wp-json\/wp\/v2\/product_tag?post=162203"}],"curies":[{"name":"wp","href":"https:\/\/api.w.org\/{rel}","templated":true}]}}