{"id":162197,"date":"2025-12-19T12:05:36","date_gmt":"2025-12-19T09:05:36","guid":{"rendered":"https:\/\/baldumarket.lt\/product\/imperial-typ-41-komoda-2d-5s-orzech\/"},"modified":"2026-04-06T19:18:34","modified_gmt":"2026-04-06T16:18:34","slug":"imperial-typ-41-komoda-2d-5s-orzech","status":"publish","type":"product","link":"https:\/\/baldumarket.lt\/lt\/product\/imperial-typ-41-komoda-2d-5s-orzech\/","title":{"rendered":"Imperial TYPE 41 \u2013 Komoda 2D-5S rie\u0161uto spalvos"},"content":{"rendered":"<p>Atraskite unikal\u0173 klasikin\u0117s elegancijos charakter\u012f su \u201eImperial TYPE 41 \u2013 2D-5S\u201c indauja, kurioje dera nesenstantis stilius ir funkcionalumas. \u0160i tvirtos konstrukcijos spintel\u0117 suteiks j\u016bs\u0173 erdvei ne tik i\u0161skirtin\u0119 i\u0161vaizd\u0105, bet ir daugyb\u0119 organizavimo galimybi\u0173. 140 cm plo\u010dio, 89,3 cm auk\u0161\u010dio ir 45,3 cm gylio ji sukuria gerai apgalvot\u0105 dizain\u0105, kuris lengvai patenkins visus j\u016bs\u0173 daikt\u0173 laikymo poreikius. Kruop\u0161\u010diai parinktas rie\u0161utmed\u017eio atspalvis suteikia interjerui \u0161ilumos ir klasikinio gylio, i\u0161laikant nat\u016brali\u0105 spalv\u0105, kuri pabr\u0117\u017eia medienos rafinuotum\u0105. Unikali ir universali apdaila leid\u017eia \u201eImperial TYPE 41\u201c indaujai puikiai tinka \u012fvairiems interjerams \u2013 nuo tradicinio iki modernesnio stiliaus. Patvari laminuota plok\u0161t\u0117, naudojama jos konstrukcijoje, garantuoja atsparum\u0105 kasdieniam naudojimui, apsaugo pavir\u0161i\u0173 nuo \u012fbr\u0117\u017eim\u0173 ir pa\u017eeidim\u0173. Be to, indauja yra atspari dr\u0117gmei ir auk\u0161tai temperat\u016brai, tod\u0117l j\u0105 itin lengva pri\u017ei\u016br\u0117ti.<\/p>","protected":false},"excerpt":{"rendered":"<p>Plotis (cm): 140<br \/>\n\u016agis (cm): 89,3<br \/>\nGylis (cm): 45,3<\/p>","protected":false},"featured_media":162198,"comment_status":"open","ping_status":"open","template":"","meta":[],"product_brand":[],"product_cat":[9484,1173,4107],"product_tag":[],"class_list":{"0":"post-162197","1":"product","2":"type-product","3":"status-publish","4":"has-post-thumbnail","6":"product_cat-furniture-system-imperial-wojcik-meble","7":"product_cat-chests-of-drawers","8":"product_cat-meble-wojcik","10":"first","11":"instock","12":"purchasable","13":"product-type-simple"},"_links":{"self":[{"href":"https:\/\/baldumarket.lt\/lt\/wp-json\/wp\/v2\/product\/162197","targetHints":{"allow":["GET"]}}],"collection":[{"href":"https:\/\/baldumarket.lt\/lt\/wp-json\/wp\/v2\/product"}],"about":[{"href":"https:\/\/baldumarket.lt\/lt\/wp-json\/wp\/v2\/types\/product"}],"replies":[{"embeddable":true,"href":"https:\/\/baldumarket.lt\/lt\/wp-json\/wp\/v2\/comments?post=162197"}],"wp:featuredmedia":[{"embeddable":true,"href":"https:\/\/baldumarket.lt\/lt\/wp-json\/wp\/v2\/media\/162198"}],"wp:attachment":[{"href":"https:\/\/baldumarket.lt\/lt\/wp-json\/wp\/v2\/media?parent=162197"}],"wp:term":[{"taxonomy":"product_brand","embeddable":true,"href":"https:\/\/baldumarket.lt\/lt\/wp-json\/wp\/v2\/product_brand?post=162197"},{"taxonomy":"product_cat","embeddable":true,"href":"https:\/\/baldumarket.lt\/lt\/wp-json\/wp\/v2\/product_cat?post=162197"},{"taxonomy":"product_tag","embeddable":true,"href":"https:\/\/baldumarket.lt\/lt\/wp-json\/wp\/v2\/product_tag?post=162197"}],"curies":[{"name":"wp","href":"https:\/\/api.w.org\/{rel}","templated":true}]}}