{"id":162193,"date":"2025-12-19T12:05:27","date_gmt":"2025-12-19T09:05:27","guid":{"rendered":"https:\/\/baldumarket.lt\/product\/hola-holg07-komoda-2d2s-biala-dab-wotan\/"},"modified":"2026-04-06T19:18:34","modified_gmt":"2026-04-06T16:18:34","slug":"hola-holg07-komoda-2d2s-biala-dab-wotan","status":"publish","type":"product","link":"https:\/\/baldumarket.lt\/lt\/product\/hola-holg07-komoda-2d2s-biala-dab-wotan\/","title":{"rendered":"Hola HOLG07 \u2013 Komoda su stal\u010diais, 2 stal\u010diais, balta\/Wotan \u0105\u017euolas"},"content":{"rendered":"<p>Atraskite rafinuot\u0105 elegancij\u0105 ir tobul\u0105 funkcionalum\u0105, kurie sukuria unikali\u0105 \u201eHola HOLG07\u201c komod\u0105 \u2013 gamin\u012f, pakeliant\u012f prie\u0161kambario dizain\u0105 \u012f nauj\u0105 lyg\u012f. Sukurta tiems, kurie vertina tobul\u0105 tvark\u0105 ir esteti\u0161k\u0105 dizain\u0105, \u0161i ak\u012f traukianti komoda yra stiliaus ir tvarkos simbolis moderniuose namuose.<\/p>\n<p>Nuostabus Alpi\u0173 baltumo ir \u0161ilto Wotano \u0105\u017euolo atspalvio derinys paver\u010dia \u0161i\u0105 komod\u0105 ne tik prakti\u0161ku daikt\u0173 laikymo sprendimu, bet ir svarbiu dekoratyviniu elementu erdv\u0117je. Minimalistin\u0117s, stilingos ranken\u0117l\u0117s puikiai papildo paprastas, modernias bald\u0173 linijas. Komodos funkcionalum\u0105 dar labiau padidina stal\u010diai ant pilno i\u0161traukimo rutulini\u0173 guoli\u0173 b\u0117geli\u0173 ir durel\u0117s su tvirtais pasl\u0117ptais vyriais, kurie garantuoja lengv\u0105 prieig\u0105 prie laikom\u0173 daikt\u0173.<\/p>\n<p>Pagamintas i\u0161 auk\u0161tos kokyb\u0117s laminuotos plok\u0161t\u0117s ir MDF, \u0161is baldas u\u017etikrina patvarum\u0105 ir atsparum\u0105 kasdieniam naudojimui. Laminuotos med\u017eio dro\u017eli\u0173 plok\u0161t\u0117s korpusas u\u017etikrina stabilum\u0105, o MDF fasadai \u2013 esteti\u0161k\u0105 i\u0161vaizd\u0105. Plastikin\u0117s kojel\u0117s ir rankenos suteikia baldui lengvumo ir modernumo, kartu pagerindamos jo funkcionalum\u0105.<br \/>\nBaltos ir Wotano \u0105\u017euolo spalv\u0173 komoda \u201eHola HOLG07\u201c neabejotinai puikiai tiks tiek koridoriuose, tiek kituose kambariuose, kur reikalingas prakti\u0161kas ir esteti\u0161kai patrauklus papildymas. Jos \u017eav\u016bs matmenys \u2013 90 cm plo\u010dio, 88 cm auk\u0161\u010dio ir 33,5 cm gylio \u2013 lengvai randa savo viet\u0105 net ir ma\u017eesn\u0117se erdv\u0117se, kartu u\u017etikrindami didel\u0119 daikt\u0173 saugojimo talp\u0105.<br \/>\n\u0160i komoda, skland\u017eiai \u012fsiliejanti \u012f dinami\u0161k\u0105, modern\u0173 interjer\u0105, taip pat puikiai tiks kaip skandinavi\u0161ko ar \u017eavingo dekoro akcentas. D\u0117l \u012fvairi\u0173 spalv\u0173 ji puikiai dera tiek su baltomis, blizgiomis grind\u0173 plytel\u0117mis, tiek su mediniais dekoratyviniais elementais. Bendras efektas \u2013 erdv\u0117, kurioje dizainas dera su prakti\u0161kumu, sukurianti ideali\u0105 aplink\u0105 \u0161iuolaiki\u0161kiems, kruop\u0161\u010diai suprojektuotiems namams.<\/p>","protected":false},"excerpt":{"rendered":"<p>Plotis (cm): 90<br \/>\n\u016agis (cm): 88<br \/>\nGylis (cm): 33,5<\/p>","protected":false},"featured_media":162194,"comment_status":"open","ping_status":"open","template":"","meta":[],"product_brand":[],"product_cat":[9483,1173,4107],"product_tag":[],"class_list":{"0":"post-162193","1":"product","2":"type-product","3":"status-publish","4":"has-post-thumbnail","6":"product_cat-furniture-system-hola-wojcik-meble","7":"product_cat-chests-of-drawers","8":"product_cat-meble-wojcik","10":"first","11":"instock","12":"purchasable","13":"product-type-simple"},"_links":{"self":[{"href":"https:\/\/baldumarket.lt\/lt\/wp-json\/wp\/v2\/product\/162193","targetHints":{"allow":["GET"]}}],"collection":[{"href":"https:\/\/baldumarket.lt\/lt\/wp-json\/wp\/v2\/product"}],"about":[{"href":"https:\/\/baldumarket.lt\/lt\/wp-json\/wp\/v2\/types\/product"}],"replies":[{"embeddable":true,"href":"https:\/\/baldumarket.lt\/lt\/wp-json\/wp\/v2\/comments?post=162193"}],"wp:featuredmedia":[{"embeddable":true,"href":"https:\/\/baldumarket.lt\/lt\/wp-json\/wp\/v2\/media\/162194"}],"wp:attachment":[{"href":"https:\/\/baldumarket.lt\/lt\/wp-json\/wp\/v2\/media?parent=162193"}],"wp:term":[{"taxonomy":"product_brand","embeddable":true,"href":"https:\/\/baldumarket.lt\/lt\/wp-json\/wp\/v2\/product_brand?post=162193"},{"taxonomy":"product_cat","embeddable":true,"href":"https:\/\/baldumarket.lt\/lt\/wp-json\/wp\/v2\/product_cat?post=162193"},{"taxonomy":"product_tag","embeddable":true,"href":"https:\/\/baldumarket.lt\/lt\/wp-json\/wp\/v2\/product_tag?post=162193"}],"curies":[{"name":"wp","href":"https:\/\/api.w.org\/{rel}","templated":true}]}}