{"id":162187,"date":"2025-12-19T12:05:14","date_gmt":"2025-12-19T09:05:14","guid":{"rendered":"https:\/\/baldumarket.lt\/product\/fribo-frik05-szafka-nocna-2s-biala\/"},"modified":"2026-04-06T19:18:34","modified_gmt":"2026-04-06T16:18:34","slug":"fribo-frik05-szafka-nocna-2s-biala","status":"publish","type":"product","link":"https:\/\/baldumarket.lt\/lt\/product\/fribo-frik05-szafka-nocna-2s-biala\/","title":{"rendered":"Fribo FRIK05 \u2013 2S naktinis staliukas, baltas"},"content":{"rendered":"<p>Atraskite \u201eFribo FRIK05 \u2013 2S\u201c balt\u0105 naktin\u012f staliuk\u0105 \u2013 bald\u0105, kuris leis Jums visapusi\u0161kai \u012fvertinti funkcionalumo privalumus, i\u0161laikant modernaus dizaino estetik\u0105. \u0160i harmoningai apdailinta komoda yra b\u016btinas baldas bet kuriame eleganti\u0161kai \u012frengtame miegamajame, u\u017etikrinantis erdv\u0119 daiktams susid\u0117ti be kompromis\u0173. Jos matmenys: plotis: 40 cm, auk\u0161tis: 51,8 cm ir gylis: 40 cm \u2013 tai apgalvotas atsakas \u012f vartotoj\u0173, vertinan\u010di\u0173 erdv\u0117s optimizavim\u0105, poreikius. Pagaminta i\u0161 auk\u0161tos kokyb\u0117s laminuotos plok\u0161t\u0117s, \u201eFribo\u201c naktinis staliukas yra patvarus ir lengvai pri\u017ei\u016brimas. Balta spalva suteiks bet kuriam miegamajam gaivumo ir erdv\u0117s poj\u016bt\u012f, o universali spalva leid\u017eia lanks\u010diai derinti prie \u012fvairi\u0173 spalv\u0173 paleti\u0173. Modernus stilius, derinamas su laminuota med\u017eio dro\u017eli\u0173 plok\u0161te tiek korpuse, tiek priekyje, sukuria rafinuot\u0105 ir nesenstant\u012f charakter\u012f. Kruop\u0161\u010diai apgalvota sistema be ranken\u0117li\u0173 sustiprina minimalistin\u0119 \u201eFribo\u201c naktinio stalelio estetik\u0105, panaikindama tradicini\u0173 ranken\u0117li\u0173 poreik\u012f ir u\u017etikrindama patog\u0173 naudojim\u0105. Funkcional\u016bs du stal\u010diai yra steb\u0117tinai erdv\u016bs, juose yra daug vietos laikyti svarbiausius naktinio stalelio priedus ir smulkius daiktus lengvai pasiekiamu atstumu.<\/p>","protected":false},"excerpt":{"rendered":"<p>Plotis (cm): 40<br \/>\n\u016agis (cm): 51,8<br \/>\nGylis (cm): 40<\/p>","protected":false},"featured_media":162188,"comment_status":"open","ping_status":"open","template":"","meta":[],"product_brand":[],"product_cat":[9481,1176,4107],"product_tag":[],"class_list":{"0":"post-162187","1":"product","2":"type-product","3":"status-publish","4":"has-post-thumbnail","6":"product_cat-furniture-system-fribo-wojcik-meble","7":"product_cat-bedside-tables","8":"product_cat-meble-wojcik","10":"first","11":"instock","12":"purchasable","13":"product-type-simple"},"_links":{"self":[{"href":"https:\/\/baldumarket.lt\/lt\/wp-json\/wp\/v2\/product\/162187","targetHints":{"allow":["GET"]}}],"collection":[{"href":"https:\/\/baldumarket.lt\/lt\/wp-json\/wp\/v2\/product"}],"about":[{"href":"https:\/\/baldumarket.lt\/lt\/wp-json\/wp\/v2\/types\/product"}],"replies":[{"embeddable":true,"href":"https:\/\/baldumarket.lt\/lt\/wp-json\/wp\/v2\/comments?post=162187"}],"wp:featuredmedia":[{"embeddable":true,"href":"https:\/\/baldumarket.lt\/lt\/wp-json\/wp\/v2\/media\/162188"}],"wp:attachment":[{"href":"https:\/\/baldumarket.lt\/lt\/wp-json\/wp\/v2\/media?parent=162187"}],"wp:term":[{"taxonomy":"product_brand","embeddable":true,"href":"https:\/\/baldumarket.lt\/lt\/wp-json\/wp\/v2\/product_brand?post=162187"},{"taxonomy":"product_cat","embeddable":true,"href":"https:\/\/baldumarket.lt\/lt\/wp-json\/wp\/v2\/product_cat?post=162187"},{"taxonomy":"product_tag","embeddable":true,"href":"https:\/\/baldumarket.lt\/lt\/wp-json\/wp\/v2\/product_tag?post=162187"}],"curies":[{"name":"wp","href":"https:\/\/api.w.org\/{rel}","templated":true}]}}