{"id":162181,"date":"2025-12-19T12:05:01","date_gmt":"2025-12-19T09:05:01","guid":{"rendered":"https:\/\/baldumarket.lt\/product\/fribo-frik06-komoda-5s-biala\/"},"modified":"2026-04-06T19:18:34","modified_gmt":"2026-04-06T16:18:34","slug":"fribo-frik06-komoda-5s-biala","status":"publish","type":"product","link":"https:\/\/baldumarket.lt\/lt\/product\/fribo-frik06-komoda-5s-biala\/","title":{"rendered":"Fribo FRIK06 \u2013 Komoda su 5 stal\u010diais, balta"},"content":{"rendered":"<p>Jei ie\u0161kote bald\u0173, kuriuose der\u0117t\u0173 modernus stilius, prakti\u0161kumas ir nesenstanti elegancija, \u201cFribo FRIK06 \u2013 5S\u201d balta komoda yra puikus pasirinkimas. \u0160i gra\u017eiai pagaminta \u201eFribo\u201c serijos komoda puikiai atitinka net ir i\u0161rankiausi\u0173 vartotoj\u0173 estetinius l\u016bkes\u010dius d\u0117l savo universalios baltos spalv\u0173 gamos ir tvirtos laminuotos plok\u0161t\u0117s konstrukcijos. Komodos plotis yra 82,8 cm, auk\u0161tis \u2013 113,9 cm, o gylis \u2013 40 cm, tod\u0117l tai funkcionalus baldas, kuriame telpa steb\u0117tinai daug drabu\u017ei\u0173 spintos ir kit\u0173 daikt\u0173. Ji suteiks j\u016bs\u0173 erdvei tvarkos ir harmonijos, o kartu atrodys ir pritrenkian\u010diai, papildydama modern\u0173 interjer\u0105. Ranken\u0173 \u201eranken\u0117li\u0173 sistema\u201c garantuoja paprast\u0105 naudojim\u0105 ir pabr\u0117\u017eia minimalistin\u012f baldo dizain\u0105. Stal\u010dius atidaryti ne\u012ftik\u0117tinai lengva, o rutulini\u0173 guoli\u0173 mechanizmas u\u017etikrina visi\u0161k\u0105 i\u0161traukim\u0105, u\u017etikrindamas lengv\u0105 prieig\u0105 prie vis\u0173 juose laikom\u0173 daikt\u0173.<\/p>","protected":false},"excerpt":{"rendered":"<p>Plotis (cm): 82,8<br \/>\n\u016agis (cm): 113,9<br \/>\nGylis (cm): 40<\/p>","protected":false},"featured_media":162182,"comment_status":"open","ping_status":"open","template":"","meta":[],"product_brand":[],"product_cat":[9481,1173,4107],"product_tag":[],"class_list":{"0":"post-162181","1":"product","2":"type-product","3":"status-publish","4":"has-post-thumbnail","6":"product_cat-furniture-system-fribo-wojcik-meble","7":"product_cat-chests-of-drawers","8":"product_cat-meble-wojcik","10":"first","11":"instock","12":"purchasable","13":"product-type-simple"},"_links":{"self":[{"href":"https:\/\/baldumarket.lt\/lt\/wp-json\/wp\/v2\/product\/162181","targetHints":{"allow":["GET"]}}],"collection":[{"href":"https:\/\/baldumarket.lt\/lt\/wp-json\/wp\/v2\/product"}],"about":[{"href":"https:\/\/baldumarket.lt\/lt\/wp-json\/wp\/v2\/types\/product"}],"replies":[{"embeddable":true,"href":"https:\/\/baldumarket.lt\/lt\/wp-json\/wp\/v2\/comments?post=162181"}],"wp:featuredmedia":[{"embeddable":true,"href":"https:\/\/baldumarket.lt\/lt\/wp-json\/wp\/v2\/media\/162182"}],"wp:attachment":[{"href":"https:\/\/baldumarket.lt\/lt\/wp-json\/wp\/v2\/media?parent=162181"}],"wp:term":[{"taxonomy":"product_brand","embeddable":true,"href":"https:\/\/baldumarket.lt\/lt\/wp-json\/wp\/v2\/product_brand?post=162181"},{"taxonomy":"product_cat","embeddable":true,"href":"https:\/\/baldumarket.lt\/lt\/wp-json\/wp\/v2\/product_cat?post=162181"},{"taxonomy":"product_tag","embeddable":true,"href":"https:\/\/baldumarket.lt\/lt\/wp-json\/wp\/v2\/product_tag?post=162181"}],"curies":[{"name":"wp","href":"https:\/\/api.w.org\/{rel}","templated":true}]}}