{"id":162175,"date":"2025-12-19T12:04:47","date_gmt":"2025-12-19T09:04:47","guid":{"rendered":"https:\/\/baldumarket.lt\/product\/fribo-frik02-komoda-2d4s-biala\/"},"modified":"2026-04-06T19:18:34","modified_gmt":"2026-04-06T16:18:34","slug":"fribo-frik02-komoda-2d4s-biala","status":"publish","type":"product","link":"https:\/\/baldumarket.lt\/lt\/product\/fribo-frik02-komoda-2d4s-biala\/","title":{"rendered":"Fribo FRIK02 \u2013 Komoda 2D4S Balta"},"content":{"rendered":"<p>\u012ene\u0161kite harmonijos ir elegancijos \u012f savo interjer\u0105 su \u201eFribo FRIK02\u201c komoda \u2013 tobulu modernaus dizaino ir prakti\u0161ko funkcionalumo deriniu. \u0160i erdvi 2D4S komoda i\u0161 \u201eFribo\u201c kolekcijos, baltai apdailinta, suteiks j\u016bs\u0173 erdvei gaivumo ir prisitaikys prie \u012fvairi\u0173 interjero dizain\u0173 bei stili\u0173. 165,4 cm plo\u010dio, 92,9 cm auk\u0161\u010dio ir 40 cm gylio, tai puikus baldas daiktams laikyti ir tvarkyti namuose. Laminuota plok\u0161t\u0117 yra pagrindin\u0117 med\u017eiaga tiek korpusui, tiek fasadams, u\u017etikrinanti patvarum\u0105 ir lengv\u0105 valym\u0105. Ji taip pat pasi\u017eymi atsparumu \u012fbr\u0117\u017eimams ir pa\u017eeidimams, tod\u0117l komoda tarnaus ilgus metus. Baltas laminuotas pavir\u0161ius puikiai papildo minimalistin\u012f, ta\u010diau eleganti\u0161k\u0105 modern\u0173 stili\u0173, suteikdamas bet kokiam kambariui ry\u0161kumo ir erdvumo. Kalbant apie prakti\u0161kum\u0105, \u201eFribo FRIK02\u201c neabejotinai pirmauja rinkoje. Indauja si\u016blo daug vietos daiktams susid\u0117ti d\u0117l keturi\u0173 gili\u0173 stal\u010di\u0173 ir skyri\u0173 u\u017e dureli\u0173, puikiai tinkan\u010di\u0173 b\u016btiniausiems daiktams laikyti. 160 cm ilgio stalvir\u0161is idealiai tinka dekoratyviniams daiktams eksponuoti arba papildomiems daiktams laikyti stilingose d\u0117\u017e\u0117se ar krep\u0161iuose. Be ranken\u0117li\u0173 apdaila ne tik pagerina baldo estetik\u0105, bet ir palengvina kasdien\u012f naudojim\u0105, suteikdama jam modernumo.<\/p>","protected":false},"excerpt":{"rendered":"<p>Plotis (cm): 165,4<br \/>\n\u016agis (cm): 92,9<br \/>\nGylis (cm): 40<\/p>","protected":false},"featured_media":162176,"comment_status":"open","ping_status":"open","template":"","meta":[],"product_brand":[],"product_cat":[9481,1173,4107],"product_tag":[],"class_list":{"0":"post-162175","1":"product","2":"type-product","3":"status-publish","4":"has-post-thumbnail","6":"product_cat-furniture-system-fribo-wojcik-meble","7":"product_cat-chests-of-drawers","8":"product_cat-meble-wojcik","10":"first","11":"instock","12":"purchasable","13":"product-type-simple"},"_links":{"self":[{"href":"https:\/\/baldumarket.lt\/lt\/wp-json\/wp\/v2\/product\/162175","targetHints":{"allow":["GET"]}}],"collection":[{"href":"https:\/\/baldumarket.lt\/lt\/wp-json\/wp\/v2\/product"}],"about":[{"href":"https:\/\/baldumarket.lt\/lt\/wp-json\/wp\/v2\/types\/product"}],"replies":[{"embeddable":true,"href":"https:\/\/baldumarket.lt\/lt\/wp-json\/wp\/v2\/comments?post=162175"}],"wp:featuredmedia":[{"embeddable":true,"href":"https:\/\/baldumarket.lt\/lt\/wp-json\/wp\/v2\/media\/162176"}],"wp:attachment":[{"href":"https:\/\/baldumarket.lt\/lt\/wp-json\/wp\/v2\/media?parent=162175"}],"wp:term":[{"taxonomy":"product_brand","embeddable":true,"href":"https:\/\/baldumarket.lt\/lt\/wp-json\/wp\/v2\/product_brand?post=162175"},{"taxonomy":"product_cat","embeddable":true,"href":"https:\/\/baldumarket.lt\/lt\/wp-json\/wp\/v2\/product_cat?post=162175"},{"taxonomy":"product_tag","embeddable":true,"href":"https:\/\/baldumarket.lt\/lt\/wp-json\/wp\/v2\/product_tag?post=162175"}],"curies":[{"name":"wp","href":"https:\/\/api.w.org\/{rel}","templated":true}]}}