{"id":162169,"date":"2025-12-19T12:04:34","date_gmt":"2025-12-19T09:04:34","guid":{"rendered":"https:\/\/baldumarket.lt\/product\/fribo-frik03-komoda-2d4s-biala\/"},"modified":"2026-04-06T19:18:34","modified_gmt":"2026-04-06T16:18:34","slug":"fribo-frik03-komoda-2d4s-biala","status":"publish","type":"product","link":"https:\/\/baldumarket.lt\/lt\/product\/fribo-frik03-komoda-2d4s-biala\/","title":{"rendered":"Fribo FRIK03 \u2013 Komoda 2D4S Balta"},"content":{"rendered":"<p>Atraskite paprastumo gro\u017e\u012f su \u201eFribo FRIK03\u201c komoda \u2013 \u012fsp\u016bdingu j\u016bs\u0173 nam\u0173 papildymu, kuriame dera elegancija ir funkcionalumas. \u0160i klasikin\u0117, sniego baltumo 2D4S komoda puikiai tinka tiems, kurie vertina minimalizm\u0105 ir modern\u0173 vaizd\u0105. I\u0161skirtinai erdvi, 135,4 cm plo\u010dio, 92,9 cm auk\u0161\u010dio ir 40 cm gylio, \u201eFribo\u201c komoda suteikia daug vietos susid\u0117ti visus b\u016btiniausius daiktus. Ji turi dvejas dureles ir keturis stal\u010dius ant rutulini\u0173 guoli\u0173 b\u0117geli\u0173, kurie garantuoja visi\u0161k\u0105 ir skland\u0173 i\u0161traukim\u0105, leid\u017eiant\u012f lengvai pasiekti laikomus daiktus. Modernus ir paprastas komodos dizainas dera su kitais \u201eFribo\u201c kolekcijos daiktais, sukurdamas darn\u0173 ir harmoning\u0105 i\u0161d\u0117stym\u0105. Ranken\u0117li\u0173 neturinti sistema suteikia elegancijos ir u\u017etikrina paprast\u0105 naudojim\u0105, o nesenstanti balta spalva praskaidrina kambar\u012f ir vizualiai padidina j\u012f.<\/p>","protected":false},"excerpt":{"rendered":"<p>Plotis (cm): 135,4<br \/>\n\u016agis (cm): 92,9<br \/>\nGylis (cm): 40<\/p>","protected":false},"featured_media":162170,"comment_status":"open","ping_status":"open","template":"","meta":[],"product_brand":[],"product_cat":[9481,1173,4107],"product_tag":[],"class_list":{"0":"post-162169","1":"product","2":"type-product","3":"status-publish","4":"has-post-thumbnail","6":"product_cat-furniture-system-fribo-wojcik-meble","7":"product_cat-chests-of-drawers","8":"product_cat-meble-wojcik","10":"first","11":"instock","12":"purchasable","13":"product-type-simple"},"_links":{"self":[{"href":"https:\/\/baldumarket.lt\/lt\/wp-json\/wp\/v2\/product\/162169","targetHints":{"allow":["GET"]}}],"collection":[{"href":"https:\/\/baldumarket.lt\/lt\/wp-json\/wp\/v2\/product"}],"about":[{"href":"https:\/\/baldumarket.lt\/lt\/wp-json\/wp\/v2\/types\/product"}],"replies":[{"embeddable":true,"href":"https:\/\/baldumarket.lt\/lt\/wp-json\/wp\/v2\/comments?post=162169"}],"wp:featuredmedia":[{"embeddable":true,"href":"https:\/\/baldumarket.lt\/lt\/wp-json\/wp\/v2\/media\/162170"}],"wp:attachment":[{"href":"https:\/\/baldumarket.lt\/lt\/wp-json\/wp\/v2\/media?parent=162169"}],"wp:term":[{"taxonomy":"product_brand","embeddable":true,"href":"https:\/\/baldumarket.lt\/lt\/wp-json\/wp\/v2\/product_brand?post=162169"},{"taxonomy":"product_cat","embeddable":true,"href":"https:\/\/baldumarket.lt\/lt\/wp-json\/wp\/v2\/product_cat?post=162169"},{"taxonomy":"product_tag","embeddable":true,"href":"https:\/\/baldumarket.lt\/lt\/wp-json\/wp\/v2\/product_tag?post=162169"}],"curies":[{"name":"wp","href":"https:\/\/api.w.org\/{rel}","templated":true}]}}