{"id":162163,"date":"2025-12-19T12:04:22","date_gmt":"2025-12-19T09:04:22","guid":{"rendered":"https:\/\/baldumarket.lt\/product\/fribo-frik01-komoda-1d5s-biala\/"},"modified":"2026-04-06T19:18:34","modified_gmt":"2026-04-06T16:18:34","slug":"fribo-frik01-komoda-1d5s-biala","status":"publish","type":"product","link":"https:\/\/baldumarket.lt\/lt\/product\/fribo-frik01-komoda-1d5s-biala\/","title":{"rendered":"Fribo FRIK01 \u2013 Komoda 1D5S Balta"},"content":{"rendered":"<p>Atraskite unikal\u0173 \u201eFribo FRIK01 \u2013 1D5S\u201c baltos komodos su stal\u010diais dizain\u0105 ir funkcionalum\u0105 \u2013 prakti\u0161k\u0105 ir eleganti\u0161k\u0105 j\u016bs\u0173 interjero papildym\u0105. \u0160i komoda derina modernum\u0105 ir nesenstant\u012f stili\u0173, puikiai tinka minimalistams ir tiems, kurie ie\u0161ko eleganti\u0161k\u0173 bald\u0173 savo namams. Pagaminta i\u0161 auk\u0161\u010diausios kokyb\u0117s laminuotos plok\u0161t\u0117s, \u201eFribo FRIK01\u201c u\u017etikrina esteti\u0161kai patrauklios ir funkcionalios erdv\u0117s suk\u016brim\u0105 bet kuriame kambaryje. Stilinga balta spalva leid\u017eia komodai lengvai papildyti \u012fvairius interjerus, u\u017etikrinant, kad ji der\u0117s tiek prie \u0161viesaus, tiek prie tamsesnio dekoro. Be to, balta apdaila suteikia puik\u0173 pagrind\u0105 kurti daugyb\u0119 spalv\u0173 gam\u0173 ir kompozicij\u0173. D\u0117l kompakti\u0161k\u0173 matmen\u0173: plotis 83,1 cm, auk\u0161tis 113,9 cm ir gylis 40 cm, \u201eFribo FRIK01\u201c komoda yra puikus pasirinkimas ma\u017eoms ir vidutinio dyd\u017eio patalpoms, kur kiekvienas erdv\u0117s centimetras yra vertinamas. Tuo pa\u010diu metu baldai pasi\u017eymi \u012fsp\u016bdinga talpa d\u0117l penki\u0173 gili\u0173 stal\u010di\u0173 ir papildom\u0173 pasl\u0117pt\u0173 erdvi\u0173 u\u017e priekio, kurios leid\u017eia tvarkingai laikyti \u012fvairius daiktus \u2013 nuo drabu\u017ei\u0173 iki apatini\u0173 drabu\u017ei\u0173 ir aksesuar\u0173.<\/p>","protected":false},"excerpt":{"rendered":"<p>Plotis (cm): 83,1<br \/>\n\u016agis (cm): 113,9<br \/>\nGylis (cm): 40<\/p>","protected":false},"featured_media":162164,"comment_status":"open","ping_status":"open","template":"","meta":[],"product_brand":[],"product_cat":[9481,1173,4107],"product_tag":[],"class_list":{"0":"post-162163","1":"product","2":"type-product","3":"status-publish","4":"has-post-thumbnail","6":"product_cat-furniture-system-fribo-wojcik-meble","7":"product_cat-chests-of-drawers","8":"product_cat-meble-wojcik","10":"first","11":"instock","12":"purchasable","13":"product-type-simple"},"_links":{"self":[{"href":"https:\/\/baldumarket.lt\/lt\/wp-json\/wp\/v2\/product\/162163","targetHints":{"allow":["GET"]}}],"collection":[{"href":"https:\/\/baldumarket.lt\/lt\/wp-json\/wp\/v2\/product"}],"about":[{"href":"https:\/\/baldumarket.lt\/lt\/wp-json\/wp\/v2\/types\/product"}],"replies":[{"embeddable":true,"href":"https:\/\/baldumarket.lt\/lt\/wp-json\/wp\/v2\/comments?post=162163"}],"wp:featuredmedia":[{"embeddable":true,"href":"https:\/\/baldumarket.lt\/lt\/wp-json\/wp\/v2\/media\/162164"}],"wp:attachment":[{"href":"https:\/\/baldumarket.lt\/lt\/wp-json\/wp\/v2\/media?parent=162163"}],"wp:term":[{"taxonomy":"product_brand","embeddable":true,"href":"https:\/\/baldumarket.lt\/lt\/wp-json\/wp\/v2\/product_brand?post=162163"},{"taxonomy":"product_cat","embeddable":true,"href":"https:\/\/baldumarket.lt\/lt\/wp-json\/wp\/v2\/product_cat?post=162163"},{"taxonomy":"product_tag","embeddable":true,"href":"https:\/\/baldumarket.lt\/lt\/wp-json\/wp\/v2\/product_tag?post=162163"}],"curies":[{"name":"wp","href":"https:\/\/api.w.org\/{rel}","templated":true}]}}