{"id":162157,"date":"2025-12-19T12:04:09","date_gmt":"2025-12-19T09:04:09","guid":{"rendered":"https:\/\/baldumarket.lt\/product\/fribo-frik05-szafka-nocna-2s-dab-ribbeck-zloty\/"},"modified":"2026-04-06T19:18:25","modified_gmt":"2026-04-06T16:18:25","slug":"fribo-frik05-szafka-nocna-2s-dab-ribbeck-zloty","status":"publish","type":"product","link":"https:\/\/baldumarket.lt\/lt\/product\/fribo-frik05-szafka-nocna-2s-dab-ribbeck-zloty\/","title":{"rendered":"Fribo FRIK05 \u2013 Dvivietis naktinis staliukas, Ribbek \u0105\u017euolo spalvos, auksin\u0117"},"content":{"rendered":"<p>Patirkite jaukaus miegamojo magij\u0105 su \u201eFribo FRIK05\u201c naktiniu staliuku i\u0161 \u201eRibbeck Golden Oak\u201c spalvos. I\u0161skirtinai stilingas ir prakti\u0161kas baldas, puikiai atitinkantis modernaus interjero poreikius, kur svarbi kiekviena detal\u0117. Subalansuotos 40 cm plo\u010dio, 51,8 cm auk\u0161\u010dio ir 40 cm gylio proporcijos paver\u010dia \u201eFribo FRIK05\u201c tobulu naktinio staliuko palydovu, si\u016blan\u010diu daug vietos visiems j\u016bs\u0173 nakties poreikiams. Atraskite FRIK05 naktinio staliuko daikt\u0173 laikymo privalumus \u2013 jame yra du erdv\u016bs stal\u010diai, kuriuose yra daugiau nei pakankamai vietos knygoms, stiklin\u0117ms ir net smulkiems aksesuarams. Visi\u0161kai i\u0161traukiamos b\u0117gel\u0117s leid\u017eia lengvai pasiekti laikomus daiktus. Daugiau nebereik\u0117s ie\u0161koti \u017eibintuv\u0117lio tamsoje \u2013 viskas yra po ranka tvarkingoje ir lengvai pasiekiamoje vietoje. Unikali \u0161io naktinio staliuko estetika neabejotinai suteiks \u017eavesio bet kuriam miegamajam. Auksiniai \u201eRibbeck\u201c \u0105\u017euolo atspalviai puikiai dera su \u012fvairiomis spalv\u0173 palet\u0117mis, suteikdami interjerui \u0161ilumos ir nat\u016bralumo. Laminuota plok\u0161t\u0117 yra ne tik gra\u017ei, bet ir patvari bei lengvai valoma, tod\u0117l spintel\u0117 ilg\u0105 laik\u0105 i\u0161laikys savo nepriekai\u0161ting\u0105 i\u0161vaizd\u0105.<\/p>","protected":false},"excerpt":{"rendered":"<p>Plotis (cm): 40<br \/>\n\u016agis (cm): 51,8<br \/>\nGylis (cm): 40<\/p>","protected":false},"featured_media":162158,"comment_status":"open","ping_status":"open","template":"","meta":[],"product_brand":[],"product_cat":[9481,1176,4107],"product_tag":[],"class_list":{"0":"post-162157","1":"product","2":"type-product","3":"status-publish","4":"has-post-thumbnail","6":"product_cat-furniture-system-fribo-wojcik-meble","7":"product_cat-bedside-tables","8":"product_cat-meble-wojcik","10":"first","11":"instock","12":"purchasable","13":"product-type-simple"},"_links":{"self":[{"href":"https:\/\/baldumarket.lt\/lt\/wp-json\/wp\/v2\/product\/162157","targetHints":{"allow":["GET"]}}],"collection":[{"href":"https:\/\/baldumarket.lt\/lt\/wp-json\/wp\/v2\/product"}],"about":[{"href":"https:\/\/baldumarket.lt\/lt\/wp-json\/wp\/v2\/types\/product"}],"replies":[{"embeddable":true,"href":"https:\/\/baldumarket.lt\/lt\/wp-json\/wp\/v2\/comments?post=162157"}],"wp:featuredmedia":[{"embeddable":true,"href":"https:\/\/baldumarket.lt\/lt\/wp-json\/wp\/v2\/media\/162158"}],"wp:attachment":[{"href":"https:\/\/baldumarket.lt\/lt\/wp-json\/wp\/v2\/media?parent=162157"}],"wp:term":[{"taxonomy":"product_brand","embeddable":true,"href":"https:\/\/baldumarket.lt\/lt\/wp-json\/wp\/v2\/product_brand?post=162157"},{"taxonomy":"product_cat","embeddable":true,"href":"https:\/\/baldumarket.lt\/lt\/wp-json\/wp\/v2\/product_cat?post=162157"},{"taxonomy":"product_tag","embeddable":true,"href":"https:\/\/baldumarket.lt\/lt\/wp-json\/wp\/v2\/product_tag?post=162157"}],"curies":[{"name":"wp","href":"https:\/\/api.w.org\/{rel}","templated":true}]}}