{"id":162151,"date":"2025-12-19T12:03:55","date_gmt":"2025-12-19T09:03:55","guid":{"rendered":"https:\/\/baldumarket.lt\/product\/fribo-frik06-komoda-5s-dab-ribbeck-zloty\/"},"modified":"2026-04-06T19:18:25","modified_gmt":"2026-04-06T16:18:25","slug":"fribo-frik06-komoda-5s-dab-ribbeck-zloty","status":"publish","type":"product","link":"https:\/\/baldumarket.lt\/lt\/product\/fribo-frik06-komoda-5s-dab-ribbeck-zloty\/","title":{"rendered":"Fribo FRIK06 \u2013 Komoda su 5 stal\u010diais, Ribbeck \u0105\u017euolo spalvos, auksin\u0117"},"content":{"rendered":"<p>Moderni ir funkcionali \u2013 tai \u201eFribo FRIK06\u201c komoda, kurios unikalus dizainas ir prakti\u0161kas erdv\u0117s i\u0161naudojimas puikiai atitiks bet kuri\u0173 nam\u0173 poreikius. Stilinga, ta\u010diau eleganti\u0161ka, \u0161i \u201eRibbeck Golden Oak\u201c medienos komoda yra stulbinantis baldas tiek vizualiai, tiek funkcionaliai. Gerai apgalvoti matmenys \u2013 82,8 cm plo\u010dio, 113,9 cm auk\u0161\u010dio ir 40 cm gylio \u2013 garantuoja optimal\u0173 naudojim\u0105 net ir ma\u017eose erdv\u0117se, tod\u0117l \u0161is baldas idealiai tinka visiems, kurie vertina ne tik estetik\u0105, bet ir funkcionalum\u0105. \u201eFribo FRIK06\u201c pagaminta i\u0161 auk\u0161\u010diausios kokyb\u0117s laminuotos plok\u0161t\u0117s, pasi\u017eymin\u010dios patvarumu ir lengvu valymu. Nat\u016brali, \u0161ilto med\u017eio atspalvio spalva suteiks j\u016bs\u0173 interjerui harmonijos ir ramyb\u0117s, suteikdama jaukumo ir nam\u0173 jaukumo.<\/p>","protected":false},"excerpt":{"rendered":"<p>Plotis (cm): 82,8<br \/>\n\u016agis (cm): 113,9<br \/>\nGylis (cm): 40<\/p>","protected":false},"featured_media":162152,"comment_status":"open","ping_status":"open","template":"","meta":[],"product_brand":[],"product_cat":[9481,1173,4107],"product_tag":[],"class_list":{"0":"post-162151","1":"product","2":"type-product","3":"status-publish","4":"has-post-thumbnail","6":"product_cat-furniture-system-fribo-wojcik-meble","7":"product_cat-chests-of-drawers","8":"product_cat-meble-wojcik","10":"first","11":"instock","12":"purchasable","13":"product-type-simple"},"_links":{"self":[{"href":"https:\/\/baldumarket.lt\/lt\/wp-json\/wp\/v2\/product\/162151","targetHints":{"allow":["GET"]}}],"collection":[{"href":"https:\/\/baldumarket.lt\/lt\/wp-json\/wp\/v2\/product"}],"about":[{"href":"https:\/\/baldumarket.lt\/lt\/wp-json\/wp\/v2\/types\/product"}],"replies":[{"embeddable":true,"href":"https:\/\/baldumarket.lt\/lt\/wp-json\/wp\/v2\/comments?post=162151"}],"wp:featuredmedia":[{"embeddable":true,"href":"https:\/\/baldumarket.lt\/lt\/wp-json\/wp\/v2\/media\/162152"}],"wp:attachment":[{"href":"https:\/\/baldumarket.lt\/lt\/wp-json\/wp\/v2\/media?parent=162151"}],"wp:term":[{"taxonomy":"product_brand","embeddable":true,"href":"https:\/\/baldumarket.lt\/lt\/wp-json\/wp\/v2\/product_brand?post=162151"},{"taxonomy":"product_cat","embeddable":true,"href":"https:\/\/baldumarket.lt\/lt\/wp-json\/wp\/v2\/product_cat?post=162151"},{"taxonomy":"product_tag","embeddable":true,"href":"https:\/\/baldumarket.lt\/lt\/wp-json\/wp\/v2\/product_tag?post=162151"}],"curies":[{"name":"wp","href":"https:\/\/api.w.org\/{rel}","templated":true}]}}