{"id":162145,"date":"2025-12-19T12:03:43","date_gmt":"2025-12-19T09:03:43","guid":{"rendered":"https:\/\/baldumarket.lt\/product\/fribo-frik03-komoda-2d4s-dab-ribbeck-zloty\/"},"modified":"2026-04-06T19:18:25","modified_gmt":"2026-04-06T16:18:25","slug":"fribo-frik03-komoda-2d4s-dab-ribbeck-zloty","status":"publish","type":"product","link":"https:\/\/baldumarket.lt\/lt\/product\/fribo-frik03-komoda-2d4s-dab-ribbeck-zloty\/","title":{"rendered":"Fribo FRIK03 \u2013 Komoda 2D4S Ribbeck \u0105\u017euolo aukso spalvos"},"content":{"rendered":"<p>Atraskite \u201eFribo FRIK03 \u2013 2-D4S\u201c komod\u0105 \u201eGolden Ribbeck Oak\u201c spalvos \u2013 tobul\u0105 funkcionalumo, modernaus dizaino ir nat\u016brali\u0173 spalv\u0173 \u0161ilumos derin\u012f. \u0160i gra\u017ei ir prakti\u0161ka komoda i\u0161 \u201eMeble W\u00f3jcik\u201c kolekcijos patiks net ir i\u0161rankiausiems rafinuoto stiliaus ir kokyb\u0117s m\u0117g\u0117jams. Jos 135,4 cm plotis, 92,9 cm auk\u0161tis ir 40 cm gylis u\u017etikrina optimali\u0105 daikt\u0173 laikymo erdv\u0119, skland\u017eiai \u012fsiliejan\u010di\u0105 \u012f \u012fvairias j\u016bs\u0173 nam\u0173 erdves. Pagaminta i\u0161 auk\u0161\u010diausios kokyb\u0117s laminuotos plok\u0161t\u0117s, atsparios kasdieniams i\u0161\u0161\u016bkiams \u2013 dr\u0117gmei, \u012fbr\u0117\u017eimams ir auk\u0161tai temperat\u016brai \u2013 FRIK03 komoda yra investicija, kuri tarnaus ilgus metus. Subtilus, nat\u016bralus \u201eGolden Ribbeck Oak\u201c ra\u0161tas suteikia blizgesio bet kokiam kambariui, kartu leisdamas lengvai papildyti elementus, kaskart suteikdamas interjerui gaivumo ir naujo \u017evilgsnio. Unikali sistema be ranken\u0117li\u0173 suteikia \u0161iai komodai i\u0161skirtin\u012f naudotojo komfort\u0105. Priekin\u0117 dalis ir korpusas pagaminti i\u0161 laminuotos med\u017eio dro\u017eli\u0173 plok\u0161t\u0117s, u\u017etikrinan\u010dios stabilum\u0105 ir ilgaam\u017ei\u0161kum\u0105. Dureli\u0173 ir stal\u010di\u0173 atidarymas be ranken\u0117li\u0173 n\u0117ra vienintelis privalumas \u2013 taip pat galite m\u0117gautis patogia prieiga prie laikom\u0173 daikt\u0173 d\u0117l pilno i\u0161traukimo rutulini\u0173 guoli\u0173 b\u0117geli\u0173.<\/p>","protected":false},"excerpt":{"rendered":"<p>Plotis (cm): 135,4<br \/>\n\u016agis (cm): 92,9<br \/>\nGylis (cm): 40<\/p>","protected":false},"featured_media":162146,"comment_status":"open","ping_status":"open","template":"","meta":[],"product_brand":[],"product_cat":[9481,1173,4107],"product_tag":[],"class_list":{"0":"post-162145","1":"product","2":"type-product","3":"status-publish","4":"has-post-thumbnail","6":"product_cat-furniture-system-fribo-wojcik-meble","7":"product_cat-chests-of-drawers","8":"product_cat-meble-wojcik","10":"first","11":"instock","12":"purchasable","13":"product-type-simple"},"_links":{"self":[{"href":"https:\/\/baldumarket.lt\/lt\/wp-json\/wp\/v2\/product\/162145","targetHints":{"allow":["GET"]}}],"collection":[{"href":"https:\/\/baldumarket.lt\/lt\/wp-json\/wp\/v2\/product"}],"about":[{"href":"https:\/\/baldumarket.lt\/lt\/wp-json\/wp\/v2\/types\/product"}],"replies":[{"embeddable":true,"href":"https:\/\/baldumarket.lt\/lt\/wp-json\/wp\/v2\/comments?post=162145"}],"wp:featuredmedia":[{"embeddable":true,"href":"https:\/\/baldumarket.lt\/lt\/wp-json\/wp\/v2\/media\/162146"}],"wp:attachment":[{"href":"https:\/\/baldumarket.lt\/lt\/wp-json\/wp\/v2\/media?parent=162145"}],"wp:term":[{"taxonomy":"product_brand","embeddable":true,"href":"https:\/\/baldumarket.lt\/lt\/wp-json\/wp\/v2\/product_brand?post=162145"},{"taxonomy":"product_cat","embeddable":true,"href":"https:\/\/baldumarket.lt\/lt\/wp-json\/wp\/v2\/product_cat?post=162145"},{"taxonomy":"product_tag","embeddable":true,"href":"https:\/\/baldumarket.lt\/lt\/wp-json\/wp\/v2\/product_tag?post=162145"}],"curies":[{"name":"wp","href":"https:\/\/api.w.org\/{rel}","templated":true}]}}