{"id":162139,"date":"2025-12-19T12:03:31","date_gmt":"2025-12-19T09:03:31","guid":{"rendered":"https:\/\/baldumarket.lt\/product\/fribo-frik02-komoda-2d4s-dab-ribbeck-zloty\/"},"modified":"2026-04-06T19:18:25","modified_gmt":"2026-04-06T16:18:25","slug":"fribo-frik02-komoda-2d4s-dab-ribbeck-zloty","status":"publish","type":"product","link":"https:\/\/baldumarket.lt\/lt\/product\/fribo-frik02-komoda-2d4s-dab-ribbeck-zloty\/","title":{"rendered":"Fribo FRIK02 \u2013 Komoda 2D4S Ribbeck \u0105\u017euolo aukso spalvos"},"content":{"rendered":"<p>Pristatome eleganti\u0161k\u0105 ir funkcionali\u0105 \u201eFribo FRIK02\u201c kolekcijos 2D4S komod\u0105, kuri \u017eavi nat\u016braliu \u201eRibbeck\u201c auksinio \u0105\u017euolo \u017eavesiu. \u0160ilta spalva paver\u010dia \u0161\u012f bald\u0105 nesenstan\u010diu bet kurios erdv\u0117s akcentu. Puik\u016bs 165,4 cm plo\u010dio, 92,9 cm auk\u0161\u010dio ir 40 cm gylio matmenys u\u017etikrina optimal\u0173 erdv\u0117s i\u0161naudojim\u0105 ir tuo pa\u010diu metu yra pagrindinis akcentas. Komoda pasi\u017eymi moderniu dizainu, kur\u012f pabr\u0117\u017eia lyg\u016bs fasadai ir subtil\u016bs auksiniai akcentai ant laminuotos med\u017eio dro\u017eli\u0173 plok\u0161t\u0117s korpuso. \u0160varios linijos ir tradicini\u0173 ranken\u0117li\u0173 nebuvimas \u012frodo, kad minimalizmas kartu su elegancija gali sukurti jauki\u0105 atmosfer\u0105 namuose. Pasl\u0117pti vyriai ir pilno i\u0161traukimo rutuliniai guoliai garantuoja skland\u0173 veikim\u0105 ir paprast\u0105 naudojim\u0105, tod\u0117l kasdienis komodos naudojimas yra nepaprastai patogus. Keturi erdv\u016bs stal\u010diai, apr\u016bpinti modernia sistema be ranken\u0117li\u0173, puikiai tinka laikyti visk\u0105, ko jums reikia, lengvai pasiekiamoje vietoje ir matomoje vietoje.<\/p>","protected":false},"excerpt":{"rendered":"<p>Plotis (cm): 165,4<br \/>\n\u016agis (cm): 92,9<br \/>\nGylis (cm): 40<\/p>","protected":false},"featured_media":162140,"comment_status":"open","ping_status":"open","template":"","meta":[],"product_brand":[],"product_cat":[9481,1173,4107],"product_tag":[],"class_list":{"0":"post-162139","1":"product","2":"type-product","3":"status-publish","4":"has-post-thumbnail","6":"product_cat-furniture-system-fribo-wojcik-meble","7":"product_cat-chests-of-drawers","8":"product_cat-meble-wojcik","10":"first","11":"instock","12":"purchasable","13":"product-type-simple"},"_links":{"self":[{"href":"https:\/\/baldumarket.lt\/lt\/wp-json\/wp\/v2\/product\/162139","targetHints":{"allow":["GET"]}}],"collection":[{"href":"https:\/\/baldumarket.lt\/lt\/wp-json\/wp\/v2\/product"}],"about":[{"href":"https:\/\/baldumarket.lt\/lt\/wp-json\/wp\/v2\/types\/product"}],"replies":[{"embeddable":true,"href":"https:\/\/baldumarket.lt\/lt\/wp-json\/wp\/v2\/comments?post=162139"}],"wp:featuredmedia":[{"embeddable":true,"href":"https:\/\/baldumarket.lt\/lt\/wp-json\/wp\/v2\/media\/162140"}],"wp:attachment":[{"href":"https:\/\/baldumarket.lt\/lt\/wp-json\/wp\/v2\/media?parent=162139"}],"wp:term":[{"taxonomy":"product_brand","embeddable":true,"href":"https:\/\/baldumarket.lt\/lt\/wp-json\/wp\/v2\/product_brand?post=162139"},{"taxonomy":"product_cat","embeddable":true,"href":"https:\/\/baldumarket.lt\/lt\/wp-json\/wp\/v2\/product_cat?post=162139"},{"taxonomy":"product_tag","embeddable":true,"href":"https:\/\/baldumarket.lt\/lt\/wp-json\/wp\/v2\/product_tag?post=162139"}],"curies":[{"name":"wp","href":"https:\/\/api.w.org\/{rel}","templated":true}]}}