{"id":162133,"date":"2025-12-19T12:03:17","date_gmt":"2025-12-19T09:03:17","guid":{"rendered":"https:\/\/baldumarket.lt\/product\/fribo-frik01-komoda-1d5s-dab-ribbeck-zloty\/"},"modified":"2026-04-06T19:18:25","modified_gmt":"2026-04-06T16:18:25","slug":"fribo-frik01-komoda-1d5s-dab-ribbeck-zloty","status":"publish","type":"product","link":"https:\/\/baldumarket.lt\/lt\/product\/fribo-frik01-komoda-1d5s-dab-ribbeck-zloty\/","title":{"rendered":"Fribo FRIK01 \u2013 Komoda 1D5S Ribbeck \u0105\u017euolo aukso spalvos"},"content":{"rendered":"<p>Atraskite nauj\u0105 elegancijos ir funkcionalumo apibr\u0117\u017eim\u0105 su \u201eFribo FRIK01\u201c komoda su rafinuota \u201eRibbeck Golden Oak\u201c apdaila. \u0160is unikalus baldas \u2013 tai modernaus dizaino ir tradicin\u0117s medienos \u0161ilumos derinys, puikiai tinkantis tiems, kurie nori savo interjerui suteikti unikal\u0173 charakter\u012f. \u201eFribo\u201c komodos plotis \u2013 83,1 cm, auk\u0161tis \u2013 113,9 cm, o gylis \u2013 40 cm, tod\u0117l ji yra prakti\u0161ka ir ne\u012ftik\u0117tinai universali. Ji gali b\u016bti naudojama kaip eleganti\u0161kos svetain\u0117s apdailos detal\u0117 arba kaip prakti\u0161kas daikt\u0173 laikymo sprendimas miegamajame ar prie\u0161kambaryje. Komoda suteikia vietos dekoratyviniam eksponavimui arba kasdieniam naudojimui. Pagaminta i\u0161 laminuotos plok\u0161t\u0117s, pasi\u017eymin\u010dios padidintu atsparumu dr\u0117gmei, \u012fbr\u0117\u017eimams, pa\u017eeidimams ir auk\u0161tai temperat\u016brai, \u201eFribo\u201c patenkins net ir reikliausi\u0173 vartotoj\u0173 poreikius. Korpusas ir fasadai pagaminti i\u0161 laminuotos med\u017eio dro\u017eli\u0173 plok\u0161t\u0117s, u\u017etikrinan\u010dios tvirt\u0105 strukt\u016br\u0105 ir lengv\u0105, erdvi\u0105 i\u0161vaizd\u0105.<\/p>","protected":false},"excerpt":{"rendered":"<p>Plotis (cm): 83,1<br \/>\n\u016agis (cm): 113,9<br \/>\nGylis (cm): 40<\/p>","protected":false},"featured_media":162134,"comment_status":"open","ping_status":"open","template":"","meta":[],"product_brand":[],"product_cat":[9481,1173,4107],"product_tag":[],"class_list":{"0":"post-162133","1":"product","2":"type-product","3":"status-publish","4":"has-post-thumbnail","6":"product_cat-furniture-system-fribo-wojcik-meble","7":"product_cat-chests-of-drawers","8":"product_cat-meble-wojcik","10":"first","11":"instock","12":"purchasable","13":"product-type-simple"},"_links":{"self":[{"href":"https:\/\/baldumarket.lt\/lt\/wp-json\/wp\/v2\/product\/162133","targetHints":{"allow":["GET"]}}],"collection":[{"href":"https:\/\/baldumarket.lt\/lt\/wp-json\/wp\/v2\/product"}],"about":[{"href":"https:\/\/baldumarket.lt\/lt\/wp-json\/wp\/v2\/types\/product"}],"replies":[{"embeddable":true,"href":"https:\/\/baldumarket.lt\/lt\/wp-json\/wp\/v2\/comments?post=162133"}],"wp:featuredmedia":[{"embeddable":true,"href":"https:\/\/baldumarket.lt\/lt\/wp-json\/wp\/v2\/media\/162134"}],"wp:attachment":[{"href":"https:\/\/baldumarket.lt\/lt\/wp-json\/wp\/v2\/media?parent=162133"}],"wp:term":[{"taxonomy":"product_brand","embeddable":true,"href":"https:\/\/baldumarket.lt\/lt\/wp-json\/wp\/v2\/product_brand?post=162133"},{"taxonomy":"product_cat","embeddable":true,"href":"https:\/\/baldumarket.lt\/lt\/wp-json\/wp\/v2\/product_cat?post=162133"},{"taxonomy":"product_tag","embeddable":true,"href":"https:\/\/baldumarket.lt\/lt\/wp-json\/wp\/v2\/product_tag?post=162133"}],"curies":[{"name":"wp","href":"https:\/\/api.w.org\/{rel}","templated":true}]}}