{"id":162127,"date":"2025-12-19T12:03:05","date_gmt":"2025-12-19T09:03:05","guid":{"rendered":"https:\/\/baldumarket.lt\/product\/flexi-flxk03-szafka-nocna-1s-biala-szara\/"},"modified":"2026-04-06T19:18:25","modified_gmt":"2026-04-06T16:18:25","slug":"flexi-flxk03-szafka-nocna-1s-biala-szara","status":"publish","type":"product","link":"https:\/\/baldumarket.lt\/lt\/product\/flexi-flxk03-szafka-nocna-1s-biala-szara\/","title":{"rendered":"Flexi FLXK03 \u2013 1S naktinis staliukas, baltas\/pilkas"},"content":{"rendered":"<p>Pristatome eleganti\u0161k\u0105 ir prakti\u0161k\u0105 \u201eFlexi\u201c serijos naktin\u012f staliuk\u0105 \u2013 FLXK03 model\u012f, kuris puikiai papildys modernaus miegamojo estetik\u0105. Blizgios baltos spalvos 1S naktinis staliukas puikiai tinka tiems, kurie vertina minimalistinio dizaino ir maksimalaus funkcionalumo derin\u012f. \u201eFlexi FLXK03\u201c naktinis staliukas sukurtas atsi\u017evelgiant \u012f \u0161iuolaikinio interjero reikalavimus. Jo matmenys \u2013 42 cm plo\u010dio, 41,5 cm auk\u0161\u010dio ir 41,6 cm gylio, tod\u0117l tai puikus naktinis staliukas, neu\u017eimantis per daug vietos. Auk\u0161tos kokyb\u0117s laminuota plok\u0161t\u0117, naudojama jo konstrukcijoje, u\u017etikrina ilgalaik\u012f naudojim\u0105 ir lengv\u0105 valym\u0105. Naktinis staliukas, padengtas ry\u0161kia balta spalva, turi laminuotos med\u017eio dro\u017eli\u0173 plok\u0161t\u0117s r\u0117m\u0105 ir MDF priekin\u0119 dal\u012f, padengt\u0105 PVC folija, kuri ne tik suteikia jam i\u0161skirtin\u0119 i\u0161vaizd\u0105, bet ir padidina atsparum\u0105 kasdieniam naudojimui. Subtil\u016bs kontrastai ir u\u017eapvalinti stal\u010diaus kra\u0161tai sukuria subtil\u0173 dizaino element\u0105, i\u0161skiriant\u012f \u0161\u012f bald\u0105 i\u0161 kit\u0173 naktini\u0173 staliuk\u0173.<\/p>","protected":false},"excerpt":{"rendered":"<p>Plotis (cm): 42<br \/>\n\u016agis (cm): 41,5<br \/>\nGylis (cm): 41,6<\/p>","protected":false},"featured_media":162128,"comment_status":"open","ping_status":"open","template":"","meta":[],"product_brand":[],"product_cat":[9480,1176,4107],"product_tag":[],"class_list":{"0":"post-162127","1":"product","2":"type-product","3":"status-publish","4":"has-post-thumbnail","6":"product_cat-furniture-system-flexi-wojcik-meble","7":"product_cat-bedside-tables","8":"product_cat-meble-wojcik","10":"first","11":"instock","12":"purchasable","13":"product-type-simple"},"_links":{"self":[{"href":"https:\/\/baldumarket.lt\/lt\/wp-json\/wp\/v2\/product\/162127","targetHints":{"allow":["GET"]}}],"collection":[{"href":"https:\/\/baldumarket.lt\/lt\/wp-json\/wp\/v2\/product"}],"about":[{"href":"https:\/\/baldumarket.lt\/lt\/wp-json\/wp\/v2\/types\/product"}],"replies":[{"embeddable":true,"href":"https:\/\/baldumarket.lt\/lt\/wp-json\/wp\/v2\/comments?post=162127"}],"wp:featuredmedia":[{"embeddable":true,"href":"https:\/\/baldumarket.lt\/lt\/wp-json\/wp\/v2\/media\/162128"}],"wp:attachment":[{"href":"https:\/\/baldumarket.lt\/lt\/wp-json\/wp\/v2\/media?parent=162127"}],"wp:term":[{"taxonomy":"product_brand","embeddable":true,"href":"https:\/\/baldumarket.lt\/lt\/wp-json\/wp\/v2\/product_brand?post=162127"},{"taxonomy":"product_cat","embeddable":true,"href":"https:\/\/baldumarket.lt\/lt\/wp-json\/wp\/v2\/product_cat?post=162127"},{"taxonomy":"product_tag","embeddable":true,"href":"https:\/\/baldumarket.lt\/lt\/wp-json\/wp\/v2\/product_tag?post=162127"}],"curies":[{"name":"wp","href":"https:\/\/api.w.org\/{rel}","templated":true}]}}