{"id":162115,"date":"2025-12-19T12:02:39","date_gmt":"2025-12-19T09:02:39","guid":{"rendered":"https:\/\/baldumarket.lt\/product\/flexi-flxk01-komoda-3d3s-biala-szara\/"},"modified":"2026-04-06T19:18:25","modified_gmt":"2026-04-06T16:18:25","slug":"flexi-flxk01-komoda-3d3s-biala-szara","status":"publish","type":"product","link":"https:\/\/baldumarket.lt\/lt\/product\/flexi-flxk01-komoda-3d3s-biala-szara\/","title":{"rendered":"Flexi FLXK01 \u2013 3D3S komoda, balta\/pilka"},"content":{"rendered":"<p>Svajojate apie bekompromis\u012f funkcionalumo ir modernaus dizaino derin\u012f? Rinkit\u0117s \u201eFlexi FLXK01 \u2013 3D3S\u201c balt\u0105 komod\u0105 \u2013 stiliaus ir prakti\u0161kumo kvintesencij\u0105. Prabangi balta spalva suteikia interjerui gaivumo ir erdvumo poj\u016bt\u012f, o modernus dizainas paver\u010dia \u0161\u012f bald\u0105 universaliu bet kurio kambario papildymu. Pagaminta i\u0161 auk\u0161\u010diausios kokyb\u0117s med\u017eiag\u0173 \u2013 laminuotos plok\u0161t\u0117s ir MDF \u2013 \u201eFlexi\u201c komoda u\u017etikrina patvarum\u0105 ir atsparum\u0105 kasdieniam naudojimui. Subtilus horizontalus frezavimas fasaduose kartu su balta apdaila sukuria eleganti\u0161k\u0105 efekt\u0105, kuris neabejotinai pritrauks d\u0117mes\u012f ir suteiks j\u016bs\u0173 interjerui unikalaus charakterio. Nesenstanti balta spalva papildys \u012fvairius i\u0161d\u0117stymus \u2013 nuo minimalistini\u0173 iki ekstravaganti\u0161k\u0173 koncepcij\u0173. Komodos matmenys (77 cm auk\u0161\u010dio, 126 cm plo\u010dio ir 41,6 cm gylio) suteikia daug vietos daiktams susid\u0117ti, o trys plat\u016bs stal\u010diai su pilno i\u0161traukimo sistema leid\u017eia lengvai pasiekti visus laikomus daiktus. J\u016bs\u0173 drabu\u017eiai, aksesuarai ir kiti b\u016btini daiktai ras savo viet\u0105 u\u017e u\u017edar\u0173 dureli\u0173, erdviose ir eleganti\u0161kai pasl\u0117ptose lentynose.<\/p>","protected":false},"excerpt":{"rendered":"<p>Plotis (cm): 126<br \/>\n\u016agis (cm): 77<br \/>\nGylis (cm): 41,6<\/p>","protected":false},"featured_media":162116,"comment_status":"open","ping_status":"open","template":"","meta":[],"product_brand":[],"product_cat":[9480,1173,4107],"product_tag":[],"class_list":{"0":"post-162115","1":"product","2":"type-product","3":"status-publish","4":"has-post-thumbnail","6":"product_cat-furniture-system-flexi-wojcik-meble","7":"product_cat-chests-of-drawers","8":"product_cat-meble-wojcik","10":"first","11":"instock","12":"purchasable","13":"product-type-simple"},"_links":{"self":[{"href":"https:\/\/baldumarket.lt\/lt\/wp-json\/wp\/v2\/product\/162115","targetHints":{"allow":["GET"]}}],"collection":[{"href":"https:\/\/baldumarket.lt\/lt\/wp-json\/wp\/v2\/product"}],"about":[{"href":"https:\/\/baldumarket.lt\/lt\/wp-json\/wp\/v2\/types\/product"}],"replies":[{"embeddable":true,"href":"https:\/\/baldumarket.lt\/lt\/wp-json\/wp\/v2\/comments?post=162115"}],"wp:featuredmedia":[{"embeddable":true,"href":"https:\/\/baldumarket.lt\/lt\/wp-json\/wp\/v2\/media\/162116"}],"wp:attachment":[{"href":"https:\/\/baldumarket.lt\/lt\/wp-json\/wp\/v2\/media?parent=162115"}],"wp:term":[{"taxonomy":"product_brand","embeddable":true,"href":"https:\/\/baldumarket.lt\/lt\/wp-json\/wp\/v2\/product_brand?post=162115"},{"taxonomy":"product_cat","embeddable":true,"href":"https:\/\/baldumarket.lt\/lt\/wp-json\/wp\/v2\/product_cat?post=162115"},{"taxonomy":"product_tag","embeddable":true,"href":"https:\/\/baldumarket.lt\/lt\/wp-json\/wp\/v2\/product_tag?post=162115"}],"curies":[{"name":"wp","href":"https:\/\/api.w.org\/{rel}","templated":true}]}}