{"id":162110,"date":"2025-12-19T12:02:29","date_gmt":"2025-12-19T09:02:29","guid":{"rendered":"https:\/\/baldumarket.lt\/product\/denim-deik03-komoda-3d2s-orzech-rockford-jasny-cashmere-caroline\/"},"modified":"2026-04-06T18:42:28","modified_gmt":"2026-04-06T15:42:28","slug":"denim-deik03-komoda-3d2s-orzech-rockford-jasny-cashmere-caroline","status":"publish","type":"product","link":"https:\/\/baldumarket.lt\/lt\/product\/denim-deik03-komoda-3d2s-orzech-rockford-jasny-cashmere-caroline\/","title":{"rendered":"DENIM DEIK03 \u2013 3D2S komoda \u201eRockford Light Walnut\/Cashmere\/Caroline\u201c"},"content":{"rendered":"<p>Patirkite \u012fkvepiant\u012f modernumo ir i\u0161skirtinio funkcionalumo alsavim\u0105, kur\u012f si\u016blo \u201eDenim DEIK03\u201c komoda. \u0160i unikali ir kruop\u0161\u010diai pagaminta komoda \u2013 puikus pasirinkimas visiems, norintiems savo namuose suderinti eleganti\u0161k\u0105 estetik\u0105 ir prakti\u0161kum\u0105. Sukurta tiems, kurie vertina nesenstan\u010dius sprendimus ir prakti\u0161kus baldus, \u0161i komoda patenkins net ir i\u0161rankiausi\u0173 klient\u0173 l\u016bkes\u010dius. Erdvin\u0117 apdaila, pasirinkta i\u0161 \u0161viesaus Rockford rie\u0161uto, ka\u0161myro ir Caroline atspalvi\u0173, sukuria harmoning\u0105 kontrast\u0105 ir jauki\u0105 atmosfer\u0105 bet kuriame interjere. Nesvarbu, ar ie\u0161kote bald\u0173 svetainei, miegamajam, ar jaunimo kambariui, \u201eDenim DEIK03\u201c komoda puikiai tiks bet kurioje erdv\u0117je. Jos plotis \u2013 94,5 cm, auk\u0161tis \u2013 137,9 cm, o gylis \u2013 40 cm \u2013 \u0161ie matmenys daro j\u0105 erdvi\u0105 ir kompakti\u0161k\u0105. Pagaminta i\u0161 auk\u0161tos kokyb\u0117s laminuotos plok\u0161t\u0117s, \u0161i komoda garantuoja patvarum\u0105 ir lengv\u0105 prie\u017ei\u016br\u0105. Korpusas ir priekin\u0117 dalis pagaminti i\u0161 laminuotos med\u017eio dro\u017eli\u0173 plok\u0161t\u0117s, kuri ne tik suteikia patvarumo, bet ir pabr\u0117\u017eia modern\u0173 komodos charakter\u012f. Odin\u0117s rankenos suteikia elegancijos ir rafinuoto \u017eavesio.<\/p>","protected":false},"excerpt":{"rendered":"<p>Plotis (cm): 94,5<br \/>\n\u016agis (cm): 137,9<br \/>\nGylis (cm): 40<\/p>","protected":false},"featured_media":162111,"comment_status":"open","ping_status":"open","template":"","meta":[],"product_brand":[],"product_cat":[9478,1173,4107],"product_tag":[],"class_list":{"0":"post-162110","1":"product","2":"type-product","3":"status-publish","4":"has-post-thumbnail","6":"product_cat-furniture-system-denim-wojcik-meble","7":"product_cat-chests-of-drawers","8":"product_cat-meble-wojcik","10":"first","11":"instock","12":"purchasable","13":"product-type-simple"},"_links":{"self":[{"href":"https:\/\/baldumarket.lt\/lt\/wp-json\/wp\/v2\/product\/162110","targetHints":{"allow":["GET"]}}],"collection":[{"href":"https:\/\/baldumarket.lt\/lt\/wp-json\/wp\/v2\/product"}],"about":[{"href":"https:\/\/baldumarket.lt\/lt\/wp-json\/wp\/v2\/types\/product"}],"replies":[{"embeddable":true,"href":"https:\/\/baldumarket.lt\/lt\/wp-json\/wp\/v2\/comments?post=162110"}],"wp:featuredmedia":[{"embeddable":true,"href":"https:\/\/baldumarket.lt\/lt\/wp-json\/wp\/v2\/media\/162111"}],"wp:attachment":[{"href":"https:\/\/baldumarket.lt\/lt\/wp-json\/wp\/v2\/media?parent=162110"}],"wp:term":[{"taxonomy":"product_brand","embeddable":true,"href":"https:\/\/baldumarket.lt\/lt\/wp-json\/wp\/v2\/product_brand?post=162110"},{"taxonomy":"product_cat","embeddable":true,"href":"https:\/\/baldumarket.lt\/lt\/wp-json\/wp\/v2\/product_cat?post=162110"},{"taxonomy":"product_tag","embeddable":true,"href":"https:\/\/baldumarket.lt\/lt\/wp-json\/wp\/v2\/product_tag?post=162110"}],"curies":[{"name":"wp","href":"https:\/\/api.w.org\/{rel}","templated":true}]}}