{"id":162104,"date":"2025-12-19T12:02:15","date_gmt":"2025-12-19T09:02:15","guid":{"rendered":"https:\/\/baldumarket.lt\/product\/cortina-cnak03-komoda-3-drzwiowa-dab-grandson\/"},"modified":"2026-04-06T18:42:28","modified_gmt":"2026-04-06T15:42:28","slug":"cortina-cnak03-komoda-3-drzwiowa-dab-grandson","status":"publish","type":"product","link":"https:\/\/baldumarket.lt\/lt\/product\/cortina-cnak03-komoda-3-drzwiowa-dab-grandson\/","title":{"rendered":"Cortina CNAK03 \u2013 komoda su 3 durimis, Grandson Oak spalvos"},"content":{"rendered":"<p>Su \u2019Cortina CNAK03\u201c komoda, kurioje dera funkcionalumas ir rafinuotas stilius, suteikite savo namams nauj\u0105 interjero dizaino lyg\u012f. \u0160i trij\u0173 dur\u0173 komoda, pagaminta i\u0161 \u0161ilt\u0173 \u201eGrandson Oak\u201c \u0105\u017euolo atspalvi\u0173, yra tobulas prakti\u0161kumo ir estetikos derinys moderniame dizaine. 156,8 cm plo\u010dio, 86 cm auk\u0161\u010dio ir 40,9 cm gylio, ji yra erdviai efektyvi ir puikiai tinka tvarkyti namus. Kruop\u0161\u010diai atrinktos med\u017eiagos, tokios kaip laminuota plok\u0161t\u0117 ir MDF, garantuoja patvarum\u0105 ir stabilum\u0105. Rafinuota nat\u016brali spalva suteiks bet kokiam kambariui \u0161ilt\u0105 ir jauk\u0173 charakter\u012f. MDF fasadai kartu su subtiliu laminuotos med\u017eio dro\u017eli\u0173 plok\u0161t\u0117s korpusu garantuoja patvarum\u0105 ir eleganti\u0161k\u0105 i\u0161vaizd\u0105. \u201eCortina CNAK03\u201c komoda turi metalines rankenas, kurios suteikia stiling\u0105 akcent\u0105 ir yra patogios naudoti. J\u016bs\u0173 patogumui komodos durel\u0117s suprojektuotos su \u0161velnaus u\u017edarymo mechanizmu, leid\u017eian\u010diu patogiai naudotis baldais. Papildomas privalumas \u2013 gr\u016bdinto stiklo panaudojimas centrin\u0117je, \u012fstiklintoje komodos dalyje, kuris ne tik padidina estetin\u012f patrauklum\u0105, bet ir u\u017etikrina didesn\u012f saugum\u0105.<\/p>","protected":false},"excerpt":{"rendered":"<p>Plotis (cm): 156,8<br \/>\n\u016agis (cm): 86<br \/>\nGylis (cm): 40,9<\/p>","protected":false},"featured_media":162105,"comment_status":"open","ping_status":"open","template":"","meta":[],"product_brand":[],"product_cat":[9477,1173,4107],"product_tag":[],"class_list":{"0":"post-162104","1":"product","2":"type-product","3":"status-publish","4":"has-post-thumbnail","6":"product_cat-furniture-system-cortina-wojcik-meble","7":"product_cat-chests-of-drawers","8":"product_cat-meble-wojcik","10":"first","11":"instock","12":"purchasable","13":"product-type-simple"},"_links":{"self":[{"href":"https:\/\/baldumarket.lt\/lt\/wp-json\/wp\/v2\/product\/162104","targetHints":{"allow":["GET"]}}],"collection":[{"href":"https:\/\/baldumarket.lt\/lt\/wp-json\/wp\/v2\/product"}],"about":[{"href":"https:\/\/baldumarket.lt\/lt\/wp-json\/wp\/v2\/types\/product"}],"replies":[{"embeddable":true,"href":"https:\/\/baldumarket.lt\/lt\/wp-json\/wp\/v2\/comments?post=162104"}],"wp:featuredmedia":[{"embeddable":true,"href":"https:\/\/baldumarket.lt\/lt\/wp-json\/wp\/v2\/media\/162105"}],"wp:attachment":[{"href":"https:\/\/baldumarket.lt\/lt\/wp-json\/wp\/v2\/media?parent=162104"}],"wp:term":[{"taxonomy":"product_brand","embeddable":true,"href":"https:\/\/baldumarket.lt\/lt\/wp-json\/wp\/v2\/product_brand?post=162104"},{"taxonomy":"product_cat","embeddable":true,"href":"https:\/\/baldumarket.lt\/lt\/wp-json\/wp\/v2\/product_cat?post=162104"},{"taxonomy":"product_tag","embeddable":true,"href":"https:\/\/baldumarket.lt\/lt\/wp-json\/wp\/v2\/product_tag?post=162104"}],"curies":[{"name":"wp","href":"https:\/\/api.w.org\/{rel}","templated":true}]}}