{"id":162098,"date":"2025-12-19T12:02:02","date_gmt":"2025-12-19T09:02:02","guid":{"rendered":"https:\/\/baldumarket.lt\/product\/cortina-cnak01-komoda-2-drzwiowa-dab-grandson\/"},"modified":"2026-04-06T18:42:28","modified_gmt":"2026-04-06T15:42:28","slug":"cortina-cnak01-komoda-2-drzwiowa-dab-grandson","status":"publish","type":"product","link":"https:\/\/baldumarket.lt\/lt\/product\/cortina-cnak01-komoda-2-drzwiowa-dab-grandson\/","title":{"rendered":"Cortina CNAK01 \u2013 2 dur\u0173 komoda Grandson Oak spalvos"},"content":{"rendered":"<p>Pristatome eleganti\u0161k\u0105 ir moderni\u0105 \u201eCortina CNAK01\u201c indauja, kuri u\u017ekariauja erdvumo ir minimalizmo vertintoj\u0173 \u0161irdis. Kruop\u0161\u010diai pagaminta i\u0161 auk\u0161tos kokyb\u0117s med\u017eiag\u0173, \u0161i indauja yra puikus pasirinkimas tiems, kurie ie\u0161ko funkcionalumo ir rafinuoto dizaino derinio. Ak\u012f traukianti \u201eGrandson Oak\u201c spalva suteikia bet kokiam interjerui i\u0161skirtinio \u0161ilumos, kartu i\u0161laikydama universalum\u0105 \u012fvairiose aplinkose. \u201eCortina\u201c indauja pasi\u017eymi tvirta konstrukcija \u2013 92,8 cm plo\u010dio, 86 cm auk\u0161\u010dio ir 40,9 cm gylio, tod\u0117l galite pilnai i\u0161naudoti turim\u0105 erdv\u0119 neprarandant estetikos. D\u0117l prakti\u0161k\u0173 matmen\u0173 ji puikiai tinka tiek jaukiai svetainei, tiek eleganti\u0161kam valgomajam. Med\u017eiagos, i\u0161 kuri\u0173 pagaminta indauja \u2013 auk\u0161tos kokyb\u0117s laminuota plok\u0161t\u0117 ir MDF \u2013 garantuoja ne tik malonum\u0105 naudoti kasdien, bet ir atsparum\u0105 dilimui bei lengv\u0105 valym\u0105, tod\u0117l \u0161is baldas yra itin prakti\u0161kas pasirinkimas.<\/p>","protected":false},"excerpt":{"rendered":"<p>Plotis (cm): 92,8<br \/>\n\u016agis (cm): 86<br \/>\nGylis (cm): 40,9<\/p>","protected":false},"featured_media":162099,"comment_status":"open","ping_status":"open","template":"","meta":[],"product_brand":[],"product_cat":[9477,1173,4107],"product_tag":[],"class_list":{"0":"post-162098","1":"product","2":"type-product","3":"status-publish","4":"has-post-thumbnail","6":"product_cat-furniture-system-cortina-wojcik-meble","7":"product_cat-chests-of-drawers","8":"product_cat-meble-wojcik","10":"first","11":"instock","12":"purchasable","13":"product-type-simple"},"_links":{"self":[{"href":"https:\/\/baldumarket.lt\/lt\/wp-json\/wp\/v2\/product\/162098","targetHints":{"allow":["GET"]}}],"collection":[{"href":"https:\/\/baldumarket.lt\/lt\/wp-json\/wp\/v2\/product"}],"about":[{"href":"https:\/\/baldumarket.lt\/lt\/wp-json\/wp\/v2\/types\/product"}],"replies":[{"embeddable":true,"href":"https:\/\/baldumarket.lt\/lt\/wp-json\/wp\/v2\/comments?post=162098"}],"wp:featuredmedia":[{"embeddable":true,"href":"https:\/\/baldumarket.lt\/lt\/wp-json\/wp\/v2\/media\/162099"}],"wp:attachment":[{"href":"https:\/\/baldumarket.lt\/lt\/wp-json\/wp\/v2\/media?parent=162098"}],"wp:term":[{"taxonomy":"product_brand","embeddable":true,"href":"https:\/\/baldumarket.lt\/lt\/wp-json\/wp\/v2\/product_brand?post=162098"},{"taxonomy":"product_cat","embeddable":true,"href":"https:\/\/baldumarket.lt\/lt\/wp-json\/wp\/v2\/product_cat?post=162098"},{"taxonomy":"product_tag","embeddable":true,"href":"https:\/\/baldumarket.lt\/lt\/wp-json\/wp\/v2\/product_tag?post=162098"}],"curies":[{"name":"wp","href":"https:\/\/api.w.org\/{rel}","templated":true}]}}