{"id":162092,"date":"2025-12-19T12:01:49","date_gmt":"2025-12-19T09:01:49","guid":{"rendered":"https:\/\/baldumarket.lt\/product\/cortina-cnak02-komoda-3d1s-dab-grandson\/"},"modified":"2026-04-06T18:42:28","modified_gmt":"2026-04-06T15:42:28","slug":"cortina-cnak02-komoda-3d1s-dab-grandson","status":"publish","type":"product","link":"https:\/\/baldumarket.lt\/lt\/product\/cortina-cnak02-komoda-3d1s-dab-grandson\/","title":{"rendered":"Cortina CNAK02 \u2013 Komoda 3D1S an\u016bkas \u0105\u017euolas"},"content":{"rendered":"<p>Norite savo interjerui suteikti elegancijos ir funkcionalumo? \u2019Cortina CNAK02 3D1S\u201c indauja \u201eGrandson Oak\u201c spalvos \u2013 tai baldas, kuris pateisins j\u016bs\u0173 l\u016bkes\u010dius, si\u016blydamas ne tik prakti\u0161k\u0105 daikt\u0173 laikymo viet\u0105, bet ir \u012fsp\u016bding\u0105 dizain\u0105, kuris pakeis bet kur\u012f kambar\u012f. Sukurtas galvojant apie subtilaus, bet i\u0161rai\u0161kingo stiliaus m\u0117g\u0117jus, jis traukia d\u0117mes\u012f nat\u016bralia spalv\u0173 palete ir stebina meistri\u0161kumu. Pagaminta i\u0161 auk\u0161\u010diausios kokyb\u0117s med\u017eiag\u0173 \u2013 laminuotos plok\u0161t\u0117s ir MDF \u2013 \u201eCortina CNAK02\u201c indauja yra atspari \u012fbr\u0117\u017eimams ir lengvai valoma, tod\u0117l j\u0105 nepaprastai lengva i\u0161laikyti nepriekai\u0161tingos b\u016bkl\u0117s. Kruop\u0161\u010diai parinktos med\u017eiagos, tokios kaip laminuotos med\u017eio dro\u017eli\u0173 plok\u0161t\u0117s korpusas ir MDF fasadai, ne tik parodo baldo patvarum\u0105, bet ir pabr\u0117\u017eia jo modern\u0173 charakter\u012f. Indaujaus matmenys (156,8 cm plo\u010dio x 86 cm auk\u0161\u010dio x 40,9 cm gylio) yra kruop\u0161\u010diai apgalvoti, kad b\u016bt\u0173 i\u0161naudotas kiekvienas erdv\u0117s centimetras. Erdvios ni\u0161os ir funkcionalus stal\u010dius lengvai sutalpins tiek dekoracijas, tiek kasdienius reikmenis. Komodos matmenys puikiai tinka tiek erdvioms svetain\u0117ms, tiek jaukiems miegamiesiems.<\/p>","protected":false},"excerpt":{"rendered":"<p>Plotis (cm): 156,8<br \/>\n\u016agis (cm): 86<br \/>\nGylis (cm): 40,9<\/p>","protected":false},"featured_media":162093,"comment_status":"open","ping_status":"open","template":"","meta":[],"product_brand":[],"product_cat":[9477,1173,4107],"product_tag":[],"class_list":{"0":"post-162092","1":"product","2":"type-product","3":"status-publish","4":"has-post-thumbnail","6":"product_cat-furniture-system-cortina-wojcik-meble","7":"product_cat-chests-of-drawers","8":"product_cat-meble-wojcik","10":"first","11":"instock","12":"purchasable","13":"product-type-simple"},"_links":{"self":[{"href":"https:\/\/baldumarket.lt\/lt\/wp-json\/wp\/v2\/product\/162092","targetHints":{"allow":["GET"]}}],"collection":[{"href":"https:\/\/baldumarket.lt\/lt\/wp-json\/wp\/v2\/product"}],"about":[{"href":"https:\/\/baldumarket.lt\/lt\/wp-json\/wp\/v2\/types\/product"}],"replies":[{"embeddable":true,"href":"https:\/\/baldumarket.lt\/lt\/wp-json\/wp\/v2\/comments?post=162092"}],"wp:featuredmedia":[{"embeddable":true,"href":"https:\/\/baldumarket.lt\/lt\/wp-json\/wp\/v2\/media\/162093"}],"wp:attachment":[{"href":"https:\/\/baldumarket.lt\/lt\/wp-json\/wp\/v2\/media?parent=162092"}],"wp:term":[{"taxonomy":"product_brand","embeddable":true,"href":"https:\/\/baldumarket.lt\/lt\/wp-json\/wp\/v2\/product_brand?post=162092"},{"taxonomy":"product_cat","embeddable":true,"href":"https:\/\/baldumarket.lt\/lt\/wp-json\/wp\/v2\/product_cat?post=162092"},{"taxonomy":"product_tag","embeddable":true,"href":"https:\/\/baldumarket.lt\/lt\/wp-json\/wp\/v2\/product_tag?post=162092"}],"curies":[{"name":"wp","href":"https:\/\/api.w.org\/{rel}","templated":true}]}}