{"id":162080,"date":"2025-12-19T12:01:24","date_gmt":"2025-12-19T09:01:24","guid":{"rendered":"https:\/\/baldumarket.lt\/product\/cestino-vnnk01-komoda-1d2s-jackson-hickory-amadeus\/"},"modified":"2026-04-06T18:42:28","modified_gmt":"2026-04-06T15:42:28","slug":"cestino-vnnk01-komoda-1d2s-jackson-hickory-amadeus","status":"publish","type":"product","link":"https:\/\/baldumarket.lt\/lt\/product\/cestino-vnnk01-komoda-1d2s-jackson-hickory-amadeus\/","title":{"rendered":"Cestino VNNK01 \u2013 Komoda 1D2S Jackson Hickory \/ Amadeus"},"content":{"rendered":"<p>Atraskite unikali\u0105 dizaino ir prakti\u0161kumo harmonij\u0105 pasirinkdami \u201eCestino VNNK01\u201c indauja \u2013 bald\u0105, kuris j\u016bs\u0173 interjerui suteiks elegancijos ir funkcionalumo. Tai gero skonio ir prakti\u0161ko komforto derinys viename tobulai suprojektuotame balde. \u0160i stilinga, 92,5 cm plo\u010dio, 150 cm auk\u0161\u010dio ir 42 cm gylio indauja sukurta modernaus, ta\u010diau \u0161ilto ir charakteringo interjero m\u0117g\u0117jams. Pagaminta i\u0161 laminuotos med\u017eio dro\u017eli\u0173 plok\u0161t\u0117s ir subtilesn\u0117s MDF plok\u0161t\u0117s, apdailinta \u0161iltu Jackson Hickory atspalviu ir papuo\u0161ta Amadeus ra\u0161tu, \u0161i indauja suteikia kambariui nat\u016brali\u0105 atmosfer\u0105. \u0160is baldas tinka tiek svetain\u0117ms, tiek valgomiesiems, tiek nam\u0173 biurams, tiek jaunimo kambariams, derindamas bohemi\u0161ko stiliaus elementus. U\u017e tvirto priekio yra tiek atviros, tiek u\u017edaros lentynos, tod\u0117l galite nuspr\u0119sti, k\u0105 rodyti, o k\u0105 diskreti\u0161kai pasl\u0117pti.<\/p>","protected":false},"excerpt":{"rendered":"<p>Plotis (cm): 92,5<br \/>\n\u016agis (cm): 150<br \/>\nGylis (cm): 42<\/p>","protected":false},"featured_media":162081,"comment_status":"open","ping_status":"open","template":"","meta":[],"product_brand":[],"product_cat":[9474,1173,4107],"product_tag":[],"class_list":{"0":"post-162080","1":"product","2":"type-product","3":"status-publish","4":"has-post-thumbnail","6":"product_cat-furniture-system-cestino-wojcik-meble","7":"product_cat-chests-of-drawers","8":"product_cat-meble-wojcik","10":"first","11":"instock","12":"purchasable","13":"product-type-simple"},"_links":{"self":[{"href":"https:\/\/baldumarket.lt\/lt\/wp-json\/wp\/v2\/product\/162080","targetHints":{"allow":["GET"]}}],"collection":[{"href":"https:\/\/baldumarket.lt\/lt\/wp-json\/wp\/v2\/product"}],"about":[{"href":"https:\/\/baldumarket.lt\/lt\/wp-json\/wp\/v2\/types\/product"}],"replies":[{"embeddable":true,"href":"https:\/\/baldumarket.lt\/lt\/wp-json\/wp\/v2\/comments?post=162080"}],"wp:featuredmedia":[{"embeddable":true,"href":"https:\/\/baldumarket.lt\/lt\/wp-json\/wp\/v2\/media\/162081"}],"wp:attachment":[{"href":"https:\/\/baldumarket.lt\/lt\/wp-json\/wp\/v2\/media?parent=162080"}],"wp:term":[{"taxonomy":"product_brand","embeddable":true,"href":"https:\/\/baldumarket.lt\/lt\/wp-json\/wp\/v2\/product_brand?post=162080"},{"taxonomy":"product_cat","embeddable":true,"href":"https:\/\/baldumarket.lt\/lt\/wp-json\/wp\/v2\/product_cat?post=162080"},{"taxonomy":"product_tag","embeddable":true,"href":"https:\/\/baldumarket.lt\/lt\/wp-json\/wp\/v2\/product_tag?post=162080"}],"curies":[{"name":"wp","href":"https:\/\/api.w.org\/{rel}","templated":true}]}}