{"id":162074,"date":"2025-12-19T12:01:10","date_gmt":"2025-12-19T09:01:10","guid":{"rendered":"https:\/\/baldumarket.lt\/product\/brolo-brok07-komoda-4s-dab-catania-czarna-perla-biala\/"},"modified":"2026-04-06T18:42:28","modified_gmt":"2026-04-06T15:42:28","slug":"brolo-brok07-komoda-4s-dab-catania-czarna-perla-biala","status":"publish","type":"product","link":"https:\/\/baldumarket.lt\/lt\/product\/brolo-brok07-komoda-4s-dab-catania-czarna-perla-biala\/","title":{"rendered":"Brolo BROK07 \u2013 4 stal\u010di\u0173 komoda, Catania \u0105\u017euolas\/juodas perlas\/balta"},"content":{"rendered":"<p>Nesvarbu, ar pertvarkote savo but\u0105, ar ie\u0161kote baldo, kuris atnaujint\u0173 erdv\u0119, \u201eBrolo BROK07\u201c komoda yra pasirinkimas, kuris patenkins net ir i\u0161rankiausi\u0105 skon\u012f. Sukurta atsi\u017evelgiant \u012f funkcionalum\u0105 ir estetik\u0105, ji puikiai papildys modern\u0173 interjer\u0105, suteikdama lofto charakterio. \u201eBrolo BROK07\u201c komodos matmenys idealiai atitinka erdv\u0117s poreikius: plotis 85,4 cm, auk\u0161tis 103 cm ir gylis 50 cm. Unikalios \u201eCatania Oak\u201c, \u201eBlack Pearl\u201c ir \u201eWhite\u201c spalvos suteikia jai unikali\u0105 i\u0161vaizd\u0105 ir leid\u017eia lengvai derinti prie \u012fvairi\u0173 interjer\u0173 ir aksesuar\u0173. \u0160is baldas s\u0117kmingai taps j\u016bs\u0173 miegamojo, svetain\u0117s ar prie\u0161kambario traukos centru. Pagaminta i\u0161 auk\u0161tos kokyb\u0117s med\u017eiag\u0173, toki\u0173 kaip laminuota plok\u0161t\u0117 ir MDF, ji garantuoja patvarum\u0105 ir atsparum\u0105 kasdieniam naudojimui. Komoda pagaminta i\u0161 laminuotos med\u017eio dro\u017eli\u0173 plok\u0161t\u0117s, o stal\u010di\u0173 fasadai \u2013 i\u0161 MDF, kurios lygumas ir auk\u0161tos kokyb\u0117s apdaila yra maloni liesti ir lengvai valoma.<\/p>","protected":false},"excerpt":{"rendered":"<p>Plotis (cm): 85,4<br \/>\n\u016agis (cm): 103<br \/>\nGylis (cm): 50<\/p>","protected":false},"featured_media":162075,"comment_status":"open","ping_status":"open","template":"","meta":[],"product_brand":[],"product_cat":[9472,1173,4107],"product_tag":[],"class_list":{"0":"post-162074","1":"product","2":"type-product","3":"status-publish","4":"has-post-thumbnail","6":"product_cat-furniture-system-brolo-wojcik-meble","7":"product_cat-chests-of-drawers","8":"product_cat-meble-wojcik","10":"first","11":"instock","12":"purchasable","13":"product-type-simple"},"_links":{"self":[{"href":"https:\/\/baldumarket.lt\/lt\/wp-json\/wp\/v2\/product\/162074","targetHints":{"allow":["GET"]}}],"collection":[{"href":"https:\/\/baldumarket.lt\/lt\/wp-json\/wp\/v2\/product"}],"about":[{"href":"https:\/\/baldumarket.lt\/lt\/wp-json\/wp\/v2\/types\/product"}],"replies":[{"embeddable":true,"href":"https:\/\/baldumarket.lt\/lt\/wp-json\/wp\/v2\/comments?post=162074"}],"wp:featuredmedia":[{"embeddable":true,"href":"https:\/\/baldumarket.lt\/lt\/wp-json\/wp\/v2\/media\/162075"}],"wp:attachment":[{"href":"https:\/\/baldumarket.lt\/lt\/wp-json\/wp\/v2\/media?parent=162074"}],"wp:term":[{"taxonomy":"product_brand","embeddable":true,"href":"https:\/\/baldumarket.lt\/lt\/wp-json\/wp\/v2\/product_brand?post=162074"},{"taxonomy":"product_cat","embeddable":true,"href":"https:\/\/baldumarket.lt\/lt\/wp-json\/wp\/v2\/product_cat?post=162074"},{"taxonomy":"product_tag","embeddable":true,"href":"https:\/\/baldumarket.lt\/lt\/wp-json\/wp\/v2\/product_tag?post=162074"}],"curies":[{"name":"wp","href":"https:\/\/api.w.org\/{rel}","templated":true}]}}