{"id":162068,"date":"2025-12-19T12:00:58","date_gmt":"2025-12-19T09:00:58","guid":{"rendered":"https:\/\/baldumarket.lt\/product\/brolo-brok04-komoda-3d1s-dab-catania-czarna-perla-biala\/"},"modified":"2026-04-06T18:42:17","modified_gmt":"2026-04-06T15:42:17","slug":"brolo-brok04-komoda-3d1s-dab-catania-czarna-perla-biala","status":"publish","type":"product","link":"https:\/\/baldumarket.lt\/lt\/product\/brolo-brok04-komoda-3d1s-dab-catania-czarna-perla-biala\/","title":{"rendered":"Brolo BROK04 \u2013 3D1S komoda, Catania \u0105\u017euolas\/juodas perlas\/balta"},"content":{"rendered":"<p>Pristatome unikali\u0105 \u201eBrolo BROK04\u201c komod\u0105, kurioje harmoningai dera \u201eCatania Oak\u201c, \u201eBlack Pearl\u201c ir \u201eSky White\u201c spalvos blizgioje apdailoje. \u0160i trij\u0173 dur\u0173, vieno stal\u010diaus komoda neabejotinai taps funkcionaliu ir stilingu bet kurio interjero akcentu \u2013 nuo svetain\u0117s iki prie\u0161kambario ir miegamojo. \u201eBrolo BROK04\u201c komodos plotis yra 167 cm, auk\u0161tis 90,3 cm, o gylis \u2013 40 cm, tod\u0117l jai skirta daug vietos \u012fvairiems daiktams laikyti. Kruop\u0161\u010diai atrinktos med\u017eiagos, tokios kaip laminuota plok\u0161t\u0117 ir auk\u0161tos kokyb\u0117s MDF, garantuoja patvarum\u0105 ir atsparum\u0105 kasdieniam naudojimui. Nat\u016brali \u201eCatania Oak\u201c spalva dera su eleganti\u0161ka \u201eBlack Pearl\u201c ir blizgia balta komodos priekine dalimi, sukurdama esteti\u0161kai patraukl\u0173 derin\u012f, kuris tinka tiek klasikiniam, tiek moderniam interjerui. Modern\u0173 bald\u0173 stili\u0173 taip pat pabr\u0117\u017eia unikali priekin\u0117s dalies apdaila, pagaminta i\u0161 juodai da\u017eytos ir PVC folija padengtos MDF plok\u0161t\u0117s, suteikian\u010dios gil\u0173 blizgesio efekt\u0105.<\/p>","protected":false},"excerpt":{"rendered":"<p>Plotis (cm): 167<br \/>\n\u016agis (cm): 90,3<br \/>\nGylis (cm): 40<\/p>","protected":false},"featured_media":162069,"comment_status":"open","ping_status":"open","template":"","meta":[],"product_brand":[],"product_cat":[9472,1173,4107],"product_tag":[],"class_list":{"0":"post-162068","1":"product","2":"type-product","3":"status-publish","4":"has-post-thumbnail","6":"product_cat-furniture-system-brolo-wojcik-meble","7":"product_cat-chests-of-drawers","8":"product_cat-meble-wojcik","10":"first","11":"instock","12":"purchasable","13":"product-type-simple"},"_links":{"self":[{"href":"https:\/\/baldumarket.lt\/lt\/wp-json\/wp\/v2\/product\/162068","targetHints":{"allow":["GET"]}}],"collection":[{"href":"https:\/\/baldumarket.lt\/lt\/wp-json\/wp\/v2\/product"}],"about":[{"href":"https:\/\/baldumarket.lt\/lt\/wp-json\/wp\/v2\/types\/product"}],"replies":[{"embeddable":true,"href":"https:\/\/baldumarket.lt\/lt\/wp-json\/wp\/v2\/comments?post=162068"}],"wp:featuredmedia":[{"embeddable":true,"href":"https:\/\/baldumarket.lt\/lt\/wp-json\/wp\/v2\/media\/162069"}],"wp:attachment":[{"href":"https:\/\/baldumarket.lt\/lt\/wp-json\/wp\/v2\/media?parent=162068"}],"wp:term":[{"taxonomy":"product_brand","embeddable":true,"href":"https:\/\/baldumarket.lt\/lt\/wp-json\/wp\/v2\/product_brand?post=162068"},{"taxonomy":"product_cat","embeddable":true,"href":"https:\/\/baldumarket.lt\/lt\/wp-json\/wp\/v2\/product_cat?post=162068"},{"taxonomy":"product_tag","embeddable":true,"href":"https:\/\/baldumarket.lt\/lt\/wp-json\/wp\/v2\/product_tag?post=162068"}],"curies":[{"name":"wp","href":"https:\/\/api.w.org\/{rel}","templated":true}]}}