{"id":162062,"date":"2025-12-19T12:00:45","date_gmt":"2025-12-19T09:00:45","guid":{"rendered":"https:\/\/baldumarket.lt\/product\/brolo-brok06-komoda-3d1s-dab-catania-czarna-perla-biala\/"},"modified":"2026-04-06T18:42:17","modified_gmt":"2026-04-06T15:42:17","slug":"brolo-brok06-komoda-3d1s-dab-catania-czarna-perla-biala","status":"publish","type":"product","link":"https:\/\/baldumarket.lt\/lt\/product\/brolo-brok06-komoda-3d1s-dab-catania-czarna-perla-biala\/","title":{"rendered":"Brolo BROK06 \u2013 3D1S komoda, Catania \u0105\u017euolas\/juodas perlas\/balta"},"content":{"rendered":"<p>Ie\u0161kote komodos, kuri j\u016bs\u0173 interjerui suteikt\u0173 stiliaus, funkcionalumo ir modernaus dizaino? \u201eBrolo BROK06 \u2013 3D1S\u201c komoda \u201eCatania Oak\u201c \/ \u201eBlack Pearl\u201c \/ \u201eWhite\u201c spalv\u0173 \u2013 tai baldas, kuris atitiks visus \u0161iuos l\u016bkes\u010dius. I\u0161skirtin\u0117 talpa ir eleganti\u0161ka spalv\u0173 gama pavers j\u0105 bet kurio kambario puo\u0161mena. \u012esp\u016bdingo 197,3 cm plo\u010dio komoda pasi\u017eymi apgalvotu spalv\u0173 ir med\u017eiag\u0173 deriniu. Komoda \u017eavi 40 cm gyliu ir 90,3 cm auk\u0161\u010diu, tod\u0117l yra ne tik dekoratyvinis elementas, bet ir i\u0161skirtinai prakti\u0161kas j\u016bs\u0173 nam\u0173 papildymas. Blizg\u016bs balti fasadai kontrastuoja su nat\u016braliais \u201eCatania Oak\u201c ir gilios \u201eBlack Pearl\u201c spalvos atspalviais, suteikdami komodai unikal\u0173 charakter\u012f. Pagaminta i\u0161 auk\u0161\u010diausios kokyb\u0117s laminuotos plok\u0161t\u0117s ir MDF, \u201eBrolo BROK06\u201c komoda garantuoja ilgaam\u017ei\u0161kum\u0105. Laminuotos med\u017eio dro\u017eli\u0173 plok\u0161t\u0117s korpusas yra tvirtas ir atsparus kasdieniam naudojimui. Fasadai dekoruoti juodos spalvos MDF plok\u0161t\u0117mis, padengtomis blizgia PVC pl\u0117vele, kurios yra ne tik vizualiai gra\u017eios, bet ir lengvai valomos.<\/p>","protected":false},"excerpt":{"rendered":"<p>Plotis (cm): 197,3<br \/>\n\u016agis (cm): 90,3<br \/>\nGylis (cm): 40<\/p>","protected":false},"featured_media":162063,"comment_status":"open","ping_status":"open","template":"","meta":[],"product_brand":[],"product_cat":[9472,1173,4107],"product_tag":[],"class_list":{"0":"post-162062","1":"product","2":"type-product","3":"status-publish","4":"has-post-thumbnail","6":"product_cat-furniture-system-brolo-wojcik-meble","7":"product_cat-chests-of-drawers","8":"product_cat-meble-wojcik","10":"first","11":"instock","12":"purchasable","13":"product-type-simple"},"_links":{"self":[{"href":"https:\/\/baldumarket.lt\/lt\/wp-json\/wp\/v2\/product\/162062","targetHints":{"allow":["GET"]}}],"collection":[{"href":"https:\/\/baldumarket.lt\/lt\/wp-json\/wp\/v2\/product"}],"about":[{"href":"https:\/\/baldumarket.lt\/lt\/wp-json\/wp\/v2\/types\/product"}],"replies":[{"embeddable":true,"href":"https:\/\/baldumarket.lt\/lt\/wp-json\/wp\/v2\/comments?post=162062"}],"wp:featuredmedia":[{"embeddable":true,"href":"https:\/\/baldumarket.lt\/lt\/wp-json\/wp\/v2\/media\/162063"}],"wp:attachment":[{"href":"https:\/\/baldumarket.lt\/lt\/wp-json\/wp\/v2\/media?parent=162062"}],"wp:term":[{"taxonomy":"product_brand","embeddable":true,"href":"https:\/\/baldumarket.lt\/lt\/wp-json\/wp\/v2\/product_brand?post=162062"},{"taxonomy":"product_cat","embeddable":true,"href":"https:\/\/baldumarket.lt\/lt\/wp-json\/wp\/v2\/product_cat?post=162062"},{"taxonomy":"product_tag","embeddable":true,"href":"https:\/\/baldumarket.lt\/lt\/wp-json\/wp\/v2\/product_tag?post=162062"}],"curies":[{"name":"wp","href":"https:\/\/api.w.org\/{rel}","templated":true}]}}