{"id":162056,"date":"2025-12-19T12:00:32","date_gmt":"2025-12-19T09:00:32","guid":{"rendered":"https:\/\/baldumarket.lt\/product\/brolo-brok01-komoda-rtv-2d2s-dab-catania-czarna-perla-biala\/"},"modified":"2026-04-06T18:42:17","modified_gmt":"2026-04-06T15:42:17","slug":"brolo-brok01-komoda-rtv-2d2s-dab-catania-czarna-perla-biala","status":"publish","type":"product","link":"https:\/\/baldumarket.lt\/lt\/product\/brolo-brok01-komoda-rtv-2d2s-dab-catania-czarna-perla-biala\/","title":{"rendered":"Brolo BROK01 \u2013 TV spintel\u0117 2D2S Catania \u0105\u017euolas\/juodas perlas\/balta"},"content":{"rendered":"<p>Atraskite nauj\u0105 elegancijos ir funkcionalumo dimensij\u0105 su \u201eBrolo BROK01\u201c televizoriaus staliuku, kuris meistri\u0161kai sujungia nat\u016brali\u0105 Katanijos \u0105\u017euolo spalv\u0105 su nepakei\u010diama juodojo perlo elegancija ir baltos spalvos grynumu. \u0160is unikalus baldas ne tik taps j\u016bs\u0173 svetain\u0117s traukos centru, bet ir suteiks neprilygstam\u0105 erdv\u0119 daiktams susid\u0117ti d\u0117l dviej\u0173 dureli\u0173 ir dviej\u0173 erdvi\u0173 stal\u010di\u0173 derinio. Sukurtas galvojant apie modernaus dizaino m\u0117g\u0117jus, \u201eBrolo\u201c televizoriaus staliukas, kurio plotis 167 cm, auk\u0161tis 74,3 cm ir gylis 40 cm, pasi\u017eymi blizgia balta priekine apdaila, kuri gra\u017eiai kontrastuoja su \u0161iltais Katanijos \u0105\u017euolo korpuso ir nesenstan\u010dios juodos spalvos atspalviais. D\u0117l auk\u0161\u010diausios kokyb\u0117s med\u017eiag\u0173, toki\u0173 kaip laminuota plok\u0161t\u0117 ir MDF, naudojimo \u0161is baldas u\u017etikrina ir patvarum\u0105, ir nepriekai\u0161ting\u0105 i\u0161vaizd\u0105 ilgus metus. Priekin\u0117 panel\u0117, pagaminta i\u0161 juodai da\u017eytos MDF plok\u0161t\u0117s, padengtos blizgia PVC pl\u0117vele, garantuoja rafinuot\u0105 i\u0161vaizd\u0105 ir lengv\u0105 valym\u0105. O laminuotos med\u017eio dro\u017eli\u0173 plok\u0161t\u0117s korpusas puikiai atkuria \u0161iltus nat\u016bralios medienos atspalvius, suteikdamas kambariui jauki\u0105 atmosfer\u0105.<\/p>","protected":false},"excerpt":{"rendered":"<p>Plotis (cm): 167<br \/>\n\u016agis (cm): 74,3<br \/>\nGylis (cm): 40<\/p>","protected":false},"featured_media":162057,"comment_status":"open","ping_status":"open","template":"","meta":[],"product_brand":[],"product_cat":[9472,4107,1175],"product_tag":[],"class_list":{"0":"post-162056","1":"product","2":"type-product","3":"status-publish","4":"has-post-thumbnail","6":"product_cat-furniture-system-brolo-wojcik-meble","7":"product_cat-meble-wojcik","8":"product_cat-tv-stands","10":"first","11":"instock","12":"purchasable","13":"product-type-simple"},"_links":{"self":[{"href":"https:\/\/baldumarket.lt\/lt\/wp-json\/wp\/v2\/product\/162056","targetHints":{"allow":["GET"]}}],"collection":[{"href":"https:\/\/baldumarket.lt\/lt\/wp-json\/wp\/v2\/product"}],"about":[{"href":"https:\/\/baldumarket.lt\/lt\/wp-json\/wp\/v2\/types\/product"}],"replies":[{"embeddable":true,"href":"https:\/\/baldumarket.lt\/lt\/wp-json\/wp\/v2\/comments?post=162056"}],"wp:featuredmedia":[{"embeddable":true,"href":"https:\/\/baldumarket.lt\/lt\/wp-json\/wp\/v2\/media\/162057"}],"wp:attachment":[{"href":"https:\/\/baldumarket.lt\/lt\/wp-json\/wp\/v2\/media?parent=162056"}],"wp:term":[{"taxonomy":"product_brand","embeddable":true,"href":"https:\/\/baldumarket.lt\/lt\/wp-json\/wp\/v2\/product_brand?post=162056"},{"taxonomy":"product_cat","embeddable":true,"href":"https:\/\/baldumarket.lt\/lt\/wp-json\/wp\/v2\/product_cat?post=162056"},{"taxonomy":"product_tag","embeddable":true,"href":"https:\/\/baldumarket.lt\/lt\/wp-json\/wp\/v2\/product_tag?post=162056"}],"curies":[{"name":"wp","href":"https:\/\/api.w.org\/{rel}","templated":true}]}}