{"id":162050,"date":"2025-12-19T12:00:18","date_gmt":"2025-12-19T09:00:18","guid":{"rendered":"https:\/\/baldumarket.lt\/product\/angel-typ-95-szafka-nocna-1s-dab-white-craft\/"},"modified":"2026-04-06T18:42:17","modified_gmt":"2026-04-06T15:42:17","slug":"angel-typ-95-szafka-nocna-1s-dab-white-craft","status":"publish","type":"product","link":"https:\/\/baldumarket.lt\/lt\/product\/angel-typ-95-szafka-nocna-1s-dab-white-craft\/","title":{"rendered":"Angelas TYP-95 \u2013 1S naktinis staliukas, \u0105\u017euolo baltumo, amatinink\u0173 dirbiniai"},"content":{"rendered":"<p>Pristatome \u201eAngel TYP-95 \u2013 1S White\u201c naktin\u012f staliuk\u0105 \u2013 puik\u0173 pasirinkim\u0105 bet kokiam moderniam interjerui, patenkinant\u012f net ir i\u0161rankiausi\u0173 vartotoj\u0173 l\u016bkes\u010dius. \u0160is stilingas ir funkcionalus naktinis staliukas stebina elegancijos ir dabartini\u0173 dizaino tendencij\u0173 deriniu. Jis i\u0161siskiria patrauklia, minimalistine i\u0161vaizda ir si\u016blo prakti\u0161kus daikt\u0173 laikymo sprendimus. Vos 49,1 cm plo\u010dio, 37,6 cm auk\u0161\u010dio ir 40,2 cm gylio \u201eAngel TYP-95\u201c naktinis staliukas puikiai tinka ma\u017eoms erdv\u0117ms ir tampa ne tik dekoratyviniu priedu, bet ir itin naudingu miegamojo baldu. Pagamintas i\u0161 auk\u0161tos kokyb\u0117s laminuotos plok\u0161t\u0117s, jis garantuoja patvarum\u0105 ir lengv\u0105 valym\u0105. Klasikin\u0117s baltos spalvos staliukas \u012fne\u0161a \u012f bet kur\u012f kambar\u012f gaivumo ir elegancijos. Moderni \u201eAngel TYP-95\u201c modelio estetika kyla i\u0161 paprastumo ir funkcionalumo. Jam b\u016bdingas tradicini\u0173 ranken\u0117li\u0173 nebuvimas, kuris i\u0161skiria j\u012f i\u0161 konkurent\u0173 modeli\u0173 ir u\u017etikrina nepriekai\u0161ting\u0105 dizain\u0105. Stal\u010diaus lengv\u0105 atidarym\u0105 ir u\u017edarym\u0105 u\u017etikrina novatori\u0161ka sistema be ranken\u0117li\u0173, o ritininiai kreiptuvai u\u017etikrina lengv\u0105 ir tyl\u0173 veikim\u0105.<\/p>","protected":false},"excerpt":{"rendered":"<p>Plotis (cm): 49,1<br \/>\n\u016agis (cm): 37,6<br \/>\nGylis (cm): 40,2<\/p>","protected":false},"featured_media":162051,"comment_status":"open","ping_status":"open","template":"","meta":[],"product_brand":[],"product_cat":[9470,1176,4107],"product_tag":[],"class_list":{"0":"post-162050","1":"product","2":"type-product","3":"status-publish","4":"has-post-thumbnail","6":"product_cat-furniture-system-angel-wojcik-meble","7":"product_cat-bedside-tables","8":"product_cat-meble-wojcik","10":"first","11":"instock","12":"purchasable","13":"product-type-simple"},"_links":{"self":[{"href":"https:\/\/baldumarket.lt\/lt\/wp-json\/wp\/v2\/product\/162050","targetHints":{"allow":["GET"]}}],"collection":[{"href":"https:\/\/baldumarket.lt\/lt\/wp-json\/wp\/v2\/product"}],"about":[{"href":"https:\/\/baldumarket.lt\/lt\/wp-json\/wp\/v2\/types\/product"}],"replies":[{"embeddable":true,"href":"https:\/\/baldumarket.lt\/lt\/wp-json\/wp\/v2\/comments?post=162050"}],"wp:featuredmedia":[{"embeddable":true,"href":"https:\/\/baldumarket.lt\/lt\/wp-json\/wp\/v2\/media\/162051"}],"wp:attachment":[{"href":"https:\/\/baldumarket.lt\/lt\/wp-json\/wp\/v2\/media?parent=162050"}],"wp:term":[{"taxonomy":"product_brand","embeddable":true,"href":"https:\/\/baldumarket.lt\/lt\/wp-json\/wp\/v2\/product_brand?post=162050"},{"taxonomy":"product_cat","embeddable":true,"href":"https:\/\/baldumarket.lt\/lt\/wp-json\/wp\/v2\/product_cat?post=162050"},{"taxonomy":"product_tag","embeddable":true,"href":"https:\/\/baldumarket.lt\/lt\/wp-json\/wp\/v2\/product_tag?post=162050"}],"curies":[{"name":"wp","href":"https:\/\/api.w.org\/{rel}","templated":true}]}}