{"id":162044,"date":"2025-12-19T12:00:04","date_gmt":"2025-12-19T09:00:04","guid":{"rendered":"https:\/\/baldumarket.lt\/product\/angel-typ-42-komoda-2d-6s-dab-white-craft\/"},"modified":"2026-04-06T18:42:17","modified_gmt":"2026-04-06T15:42:17","slug":"angel-typ-42-komoda-2d-6s-dab-white-craft","status":"publish","type":"product","link":"https:\/\/baldumarket.lt\/lt\/product\/angel-typ-42-komoda-2d-6s-dab-white-craft\/","title":{"rendered":"Angelas TYP-42 \u2013 Komoda su stal\u010diais 2D-6S, \u0105\u017euolo baltumo, rankdarbiams"},"content":{"rendered":"<p>Susipa\u017einkite su balta komoda \u201eAngel TYP-42 \u2013 2D-6S\u201c, kurios minimalistinis dizainas ir puikus funkcionalumas idealiai tinka tiek modernioms, tiek klasikin\u0117ms erdv\u0117ms. Elegancija ir paprastumas \u2013 \u0161io unikalaus daikt\u0173 laikymo sprendimo bruo\u017eai. Sukurta tiems, kurie vertina gerai apgalvotus sprendimus ir estetin\u012f patrauklum\u0105, \u201eAngel TYP-42\u201c komoda yra 118,7 cm plo\u010dio, 76,5 cm auk\u0161\u010dio ir 40,2 cm gylio, tod\u0117l ji yra ne tik kompakti\u0161ka, bet ir i\u0161skirtinai erdvi. Pagaminta i\u0161 auk\u0161tos kokyb\u0117s baltos laminuotos plok\u0161t\u0117s, ji bet kuriame kambaryje suteikia ramyb\u0117s ir harmonijos poj\u016bt\u012f. Subtili, nat\u016brali spalva dera tiek su balta, tiek su kitomis spalv\u0173 palet\u0117mis j\u016bs\u0173 namuose, sukurdama darni\u0105 ir jauki\u0105 atmosfer\u0105. Patvari ir atspari laminuota plok\u0161t\u0117, naudojama korpusui ir fasadams, garantuoja apsaug\u0105 nuo kasdieni\u0173 i\u0161\u0161\u016bki\u0173, toki\u0173 kaip \u012fbr\u0117\u017eimai, pa\u017eeidimai, dr\u0117gm\u0117 ir auk\u0161ta temperat\u016bra. \u0160is erdvus baldas turi \u0161e\u0161is prakti\u0161kus, be ranken\u0117li\u0173 stal\u010dius, kuriuos lengva atidaryti, ir \u0161vari\u0105, moderni\u0105 estetik\u0105. Be to, indauja u\u017e fasad\u0173 turi dvi reguliuojamo auk\u0161\u010dio lentynas, idealiai tinkan\u010dias didesniems daiktams laikyti.<\/p>","protected":false},"excerpt":{"rendered":"<p>Plotis (cm): 118,7<br \/>\n\u016agis (cm): 76,5<br \/>\nGylis (cm): 40,2<\/p>","protected":false},"featured_media":162045,"comment_status":"open","ping_status":"open","template":"","meta":[],"product_brand":[],"product_cat":[9470,1173,4107],"product_tag":[],"class_list":{"0":"post-162044","1":"product","2":"type-product","3":"status-publish","4":"has-post-thumbnail","6":"product_cat-furniture-system-angel-wojcik-meble","7":"product_cat-chests-of-drawers","8":"product_cat-meble-wojcik","10":"first","11":"instock","12":"purchasable","13":"product-type-simple"},"_links":{"self":[{"href":"https:\/\/baldumarket.lt\/lt\/wp-json\/wp\/v2\/product\/162044","targetHints":{"allow":["GET"]}}],"collection":[{"href":"https:\/\/baldumarket.lt\/lt\/wp-json\/wp\/v2\/product"}],"about":[{"href":"https:\/\/baldumarket.lt\/lt\/wp-json\/wp\/v2\/types\/product"}],"replies":[{"embeddable":true,"href":"https:\/\/baldumarket.lt\/lt\/wp-json\/wp\/v2\/comments?post=162044"}],"wp:featuredmedia":[{"embeddable":true,"href":"https:\/\/baldumarket.lt\/lt\/wp-json\/wp\/v2\/media\/162045"}],"wp:attachment":[{"href":"https:\/\/baldumarket.lt\/lt\/wp-json\/wp\/v2\/media?parent=162044"}],"wp:term":[{"taxonomy":"product_brand","embeddable":true,"href":"https:\/\/baldumarket.lt\/lt\/wp-json\/wp\/v2\/product_brand?post=162044"},{"taxonomy":"product_cat","embeddable":true,"href":"https:\/\/baldumarket.lt\/lt\/wp-json\/wp\/v2\/product_cat?post=162044"},{"taxonomy":"product_tag","embeddable":true,"href":"https:\/\/baldumarket.lt\/lt\/wp-json\/wp\/v2\/product_tag?post=162044"}],"curies":[{"name":"wp","href":"https:\/\/api.w.org\/{rel}","templated":true}]}}