{"id":162038,"date":"2025-12-19T11:59:51","date_gmt":"2025-12-19T08:59:51","guid":{"rendered":"https:\/\/baldumarket.lt\/product\/angel-typ-43-komoda-5s-dab-white-craft\/"},"modified":"2026-04-06T18:42:17","modified_gmt":"2026-04-06T15:42:17","slug":"angel-typ-43-komoda-5s-dab-white-craft","status":"publish","type":"product","link":"https:\/\/baldumarket.lt\/lt\/product\/angel-typ-43-komoda-5s-dab-white-craft\/","title":{"rendered":"Angelas TYP-43 \u2013 Komoda su 5 stal\u010diais, \u0105\u017euolo baltumo, rankdarbiams"},"content":{"rendered":"<p>Per\u017ei\u016br\u0117kite naujausi\u0105 m\u016bs\u0173 komod\u0173 kolekcijos papildym\u0105: eleganti\u0161k\u0105 ir funkcionali\u0105 \u2019Angel TYP-43\u201c komod\u0105 \u2013 5 stal\u010di\u0173 balt\u0105. \u0160is modernus baldas pasi\u017eymi paprastu, ta\u010diau stilingu dizainu, kuris suteiks klas\u0117s bet kokiam interjerui. \u201eAngel TYP-43\u201c komoda yra idealiai tinkanti \u012fvairioms erdv\u0117ms: jos plotis \u2013 84 cm, auk\u0161tis \u2013 76,5 cm, o gylis \u2013 40,2 cm, tod\u0117l ji tinka tiek erdvioms svetain\u0117ms, tiek kompakti\u0161kiems miegamiesiems. Pagaminta i\u0161 auk\u0161\u010diausios kokyb\u0117s laminuotos plok\u0161t\u0117s, ji garantuoja ilgalaik\u012f naudojim\u0105 be baim\u0117s d\u0117l \u012fbr\u0117\u017eim\u0173, pa\u017eeidim\u0173 ar pa\u017eeidim\u0173, kuriuos sukelia dr\u0117gm\u0117 ar auk\u0161ta temperat\u016bra. Komodos spalv\u0173 gama derina gryn\u0105 balt\u0105 spalv\u0105 su nat\u016brali\u0173 spalv\u0173 akcentais, sukurdama unikali\u0105, universali\u0105 i\u0161vaizd\u0105, kuri papildo bet koki\u0105 spalv\u0173 palet\u0119. Korpusas pagamintas i\u0161 laminuotos med\u017eio dro\u017eli\u0173 plok\u0161t\u0117s, u\u017etikrinan\u010dios tvirt\u0105 konstrukcij\u0105 ir patvari\u0105 apdail\u0105.<\/p>","protected":false},"excerpt":{"rendered":"<p>Plotis (cm): 84<br \/>\n\u016agis (cm): 76,5<br \/>\nGylis (cm): 40,2<\/p>","protected":false},"featured_media":162039,"comment_status":"open","ping_status":"open","template":"","meta":[],"product_brand":[],"product_cat":[9470,1173,4107],"product_tag":[],"class_list":{"0":"post-162038","1":"product","2":"type-product","3":"status-publish","4":"has-post-thumbnail","6":"product_cat-furniture-system-angel-wojcik-meble","7":"product_cat-chests-of-drawers","8":"product_cat-meble-wojcik","10":"first","11":"instock","12":"purchasable","13":"product-type-simple"},"_links":{"self":[{"href":"https:\/\/baldumarket.lt\/lt\/wp-json\/wp\/v2\/product\/162038","targetHints":{"allow":["GET"]}}],"collection":[{"href":"https:\/\/baldumarket.lt\/lt\/wp-json\/wp\/v2\/product"}],"about":[{"href":"https:\/\/baldumarket.lt\/lt\/wp-json\/wp\/v2\/types\/product"}],"replies":[{"embeddable":true,"href":"https:\/\/baldumarket.lt\/lt\/wp-json\/wp\/v2\/comments?post=162038"}],"wp:featuredmedia":[{"embeddable":true,"href":"https:\/\/baldumarket.lt\/lt\/wp-json\/wp\/v2\/media\/162039"}],"wp:attachment":[{"href":"https:\/\/baldumarket.lt\/lt\/wp-json\/wp\/v2\/media?parent=162038"}],"wp:term":[{"taxonomy":"product_brand","embeddable":true,"href":"https:\/\/baldumarket.lt\/lt\/wp-json\/wp\/v2\/product_brand?post=162038"},{"taxonomy":"product_cat","embeddable":true,"href":"https:\/\/baldumarket.lt\/lt\/wp-json\/wp\/v2\/product_cat?post=162038"},{"taxonomy":"product_tag","embeddable":true,"href":"https:\/\/baldumarket.lt\/lt\/wp-json\/wp\/v2\/product_tag?post=162038"}],"curies":[{"name":"wp","href":"https:\/\/api.w.org\/{rel}","templated":true}]}}