{"id":162032,"date":"2025-12-19T11:59:39","date_gmt":"2025-12-19T08:59:39","guid":{"rendered":"https:\/\/baldumarket.lt\/product\/angel-typ-35-komoda-1d-3s-dab-white-craft\/"},"modified":"2026-04-06T18:42:17","modified_gmt":"2026-04-06T15:42:17","slug":"angel-typ-35-komoda-1d-3s-dab-white-craft","status":"publish","type":"product","link":"https:\/\/baldumarket.lt\/lt\/product\/angel-typ-35-komoda-1d-3s-dab-white-craft\/","title":{"rendered":"Angelas TYP-35 \u2013 Komoda 1D-3S \u0105\u017euolo baltumo Craft"},"content":{"rendered":"<p>Pristatome \u2019Angel TYP-35 \u2013 1D-3S\u201c balt\u0105 komod\u0105 \u2013 unikal\u0173 bald\u0105, kuris d\u0117l savo universalumo ir eleganti\u0161kos apdailos puikiai papildys modernaus nam\u0173 interjero estetik\u0105. \u0160ios komodos elegancij\u0105 pabr\u0117\u017eia blizgi balta apdaila ir minimalistinis dizainas, kuriame derinami klasikiniai ir novatori\u0161ki dizaino elementai. Puikiai tinka tiems, kurie vertina funkcionalum\u0105 su subtilia elegancija. \u201eAngel TYP-35\u201c pasi\u017eymi optimaliais matmenimis: plotis 56 cm, auk\u0161tis 116,3 cm ir gylis 40,2 cm, tod\u0117l lengvai randa savo viet\u0105 net ir ma\u017eesn\u0117se erdv\u0117se. Pagaminta i\u0161 auk\u0161\u010diausios kokyb\u0117s laminuotos plok\u0161t\u0117s, ji garantuoja ilgaam\u017ei\u0161kum\u0105 ir atsparum\u0105 kasdieniam naudojimui. \u0160i med\u017eiaga pasi\u017eymi atsparumu \u012fbr\u0117\u017eimams, mechaniniams pa\u017eeidimams, dr\u0117gmei ir auk\u0161tai temperat\u016brai, tod\u0117l \u201eAngel TYP-35\u201c komoda yra prakti\u0161kai nesunaikinama kasdien naudojant. Nepaprastas komodos funkcionalumas atsispindi gerai apgalvotoje daikt\u0173 laikymo sistemoje. Indauja turi tris patogius stal\u010dius ant ritinini\u0173 b\u0117geli\u0173, kurie lengvai ir tyliai atsidaro, nereikalaujant tradicini\u0173 ranken\u0173 d\u0117l konstrukcijos be ranken\u0117li\u0173. Be to, dvi pasl\u0117ptos \u012fdubos u\u017e fasad\u0173 suteikia papildomos vietos didesniems daiktams. \u0160is sprendimas u\u017etikrina, kad viskas, ko jums reikia, visada b\u016bt\u0173 ranka pasiekiama ir puikiai sutvarkyta.<\/p>","protected":false},"excerpt":{"rendered":"<p>Plotis (cm): 56<br \/>\n\u016agis (cm): 116,3<br \/>\nGylis (cm): 40,2<\/p>","protected":false},"featured_media":162033,"comment_status":"open","ping_status":"open","template":"","meta":[],"product_brand":[],"product_cat":[9470,1173,4107],"product_tag":[],"class_list":{"0":"post-162032","1":"product","2":"type-product","3":"status-publish","4":"has-post-thumbnail","6":"product_cat-furniture-system-angel-wojcik-meble","7":"product_cat-chests-of-drawers","8":"product_cat-meble-wojcik","10":"first","11":"instock","12":"purchasable","13":"product-type-simple"},"_links":{"self":[{"href":"https:\/\/baldumarket.lt\/lt\/wp-json\/wp\/v2\/product\/162032","targetHints":{"allow":["GET"]}}],"collection":[{"href":"https:\/\/baldumarket.lt\/lt\/wp-json\/wp\/v2\/product"}],"about":[{"href":"https:\/\/baldumarket.lt\/lt\/wp-json\/wp\/v2\/types\/product"}],"replies":[{"embeddable":true,"href":"https:\/\/baldumarket.lt\/lt\/wp-json\/wp\/v2\/comments?post=162032"}],"wp:featuredmedia":[{"embeddable":true,"href":"https:\/\/baldumarket.lt\/lt\/wp-json\/wp\/v2\/media\/162033"}],"wp:attachment":[{"href":"https:\/\/baldumarket.lt\/lt\/wp-json\/wp\/v2\/media?parent=162032"}],"wp:term":[{"taxonomy":"product_brand","embeddable":true,"href":"https:\/\/baldumarket.lt\/lt\/wp-json\/wp\/v2\/product_brand?post=162032"},{"taxonomy":"product_cat","embeddable":true,"href":"https:\/\/baldumarket.lt\/lt\/wp-json\/wp\/v2\/product_cat?post=162032"},{"taxonomy":"product_tag","embeddable":true,"href":"https:\/\/baldumarket.lt\/lt\/wp-json\/wp\/v2\/product_tag?post=162032"}],"curies":[{"name":"wp","href":"https:\/\/api.w.org\/{rel}","templated":true}]}}