{"id":162026,"date":"2025-12-19T11:59:26","date_gmt":"2025-12-19T08:59:26","guid":{"rendered":"https:\/\/baldumarket.lt\/product\/angel-typ-41-komoda-1d-5s-dab-white-craft\/"},"modified":"2026-04-06T18:42:17","modified_gmt":"2026-04-06T15:42:17","slug":"angel-typ-41-komoda-1d-5s-dab-white-craft","status":"publish","type":"product","link":"https:\/\/baldumarket.lt\/lt\/product\/angel-typ-41-komoda-1d-5s-dab-white-craft\/","title":{"rendered":"Angelas TYP-41 \u2013 Komoda 1D-5S \u0105\u017euolo baltumo Craft"},"content":{"rendered":"<p>Pristatome jums \u201eAngel TYP-41\u201c \u2013 balt\u0105 1D-5S komod\u0105, kurios stulbinanti i\u0161vaizda ir funkcionalumas suteiks gaivumo ir elegancijos bet kokiam interjerui. \u0160is gaminys \u2013 tai tobulas modernaus dizaino ir patvarumo derinys, sukuriantis prakti\u0161k\u0105 ir i\u0161skirtinai esteti\u0161k\u0105 erdv\u0119. 118,7 cm plo\u010dio, 76,5 cm auk\u0161\u010dio ir 40,2 cm gylio ji leid\u017eia optimaliai i\u0161naudoti turim\u0105 erdv\u0119 neu\u017egriozdinant kambario. Klasifikuojama kaip komoda, \u0161i gra\u017ei ir funkcionali \u201eAngel TYP-41\u201c pasi\u017eymi \u0161varia, balta spalv\u0173 gama, kuri praskaidrins ir suteiks bet kokiam kambariui lengvumo. Patvari laminuota plok\u0161t\u0117 u\u017etikrina ilgalaik\u012f naudojim\u0105, nesijaudinant d\u0117l pavir\u0161iaus pa\u017eeidim\u0173. Laminatas yra atsparus \u012fbr\u0117\u017eimams, dr\u0117gmei ir net auk\u0161tai temperat\u016brai. Ry\u0161kiai baltas komodos korpusas ir priekis, pagaminti i\u0161 laminuotos med\u017eio dro\u017eli\u0173 plok\u0161t\u0117s, puikiai atrodo tiek moderniame, tiek minimalistiniame interjere, sukurdami darn\u0173 ir eleganti\u0161k\u0105 interjero dizain\u0105. \u201eAngel TYP-41\u201c naudojama sistema be ranken\u0117li\u0173 sustiprina modernum\u0105, o priekiams suteikia lygi\u0105, vientis\u0105 i\u0161vaizd\u0105. Ritinin\u0117s stal\u010di\u0173 kreipian\u010diosios u\u017etikrina skland\u0173 ir tyl\u0173 atidarym\u0105, o pasl\u0117pti dureli\u0173 vyriai \u2013 skland\u0173 veikim\u0105.<\/p>","protected":false},"excerpt":{"rendered":"<p>Plotis (cm): 118,7<br \/>\n\u016agis (cm): 76,5<br \/>\nGylis (cm): 40,2<\/p>","protected":false},"featured_media":162027,"comment_status":"open","ping_status":"open","template":"","meta":[],"product_brand":[],"product_cat":[9470,1173,4107],"product_tag":[],"class_list":{"0":"post-162026","1":"product","2":"type-product","3":"status-publish","4":"has-post-thumbnail","6":"product_cat-furniture-system-angel-wojcik-meble","7":"product_cat-chests-of-drawers","8":"product_cat-meble-wojcik","10":"first","11":"instock","12":"purchasable","13":"product-type-simple"},"_links":{"self":[{"href":"https:\/\/baldumarket.lt\/lt\/wp-json\/wp\/v2\/product\/162026","targetHints":{"allow":["GET"]}}],"collection":[{"href":"https:\/\/baldumarket.lt\/lt\/wp-json\/wp\/v2\/product"}],"about":[{"href":"https:\/\/baldumarket.lt\/lt\/wp-json\/wp\/v2\/types\/product"}],"replies":[{"embeddable":true,"href":"https:\/\/baldumarket.lt\/lt\/wp-json\/wp\/v2\/comments?post=162026"}],"wp:featuredmedia":[{"embeddable":true,"href":"https:\/\/baldumarket.lt\/lt\/wp-json\/wp\/v2\/media\/162027"}],"wp:attachment":[{"href":"https:\/\/baldumarket.lt\/lt\/wp-json\/wp\/v2\/media?parent=162026"}],"wp:term":[{"taxonomy":"product_brand","embeddable":true,"href":"https:\/\/baldumarket.lt\/lt\/wp-json\/wp\/v2\/product_brand?post=162026"},{"taxonomy":"product_cat","embeddable":true,"href":"https:\/\/baldumarket.lt\/lt\/wp-json\/wp\/v2\/product_cat?post=162026"},{"taxonomy":"product_tag","embeddable":true,"href":"https:\/\/baldumarket.lt\/lt\/wp-json\/wp\/v2\/product_tag?post=162026"}],"curies":[{"name":"wp","href":"https:\/\/api.w.org\/{rel}","templated":true}]}}