{"id":162020,"date":"2025-12-19T11:59:14","date_gmt":"2025-12-19T08:59:14","guid":{"rendered":"https:\/\/baldumarket.lt\/product\/angel-typ-31-komoda-3d-1s-dab-white-craft\/"},"modified":"2026-04-06T18:42:08","modified_gmt":"2026-04-06T15:42:08","slug":"angel-typ-31-komoda-3d-1s-dab-white-craft","status":"publish","type":"product","link":"https:\/\/baldumarket.lt\/lt\/product\/angel-typ-31-komoda-3d-1s-dab-white-craft\/","title":{"rendered":"Angelas TYP-31 \u2013 Komoda 3D-1S \u0105\u017euolo baltumo Craft"},"content":{"rendered":"<p>Papuo\u0161kite savo erdv\u0119 subtiliu \u017eavesiu ir racionaliu po\u017ei\u016briu \u012f daikt\u0173 laikym\u0105 su balta \u201eAngel TYP-31\u201c komoda. \u0160is stilingas ir modernus sprendimas bet kokiam interjerui pad\u0117s palaikyti tvark\u0105 ir suteiks unikal\u0173 dekoratyvin\u012f akcent\u0105. 84 cm plo\u010dio, 130,7 cm auk\u0161\u010dio ir 40,2 cm gylio matmenys leid\u017eia \u0161i\u0105 komod\u0105 naudoti \u012fvairiose erdv\u0117se \u2013 nuo miegam\u0173j\u0173 iki vaik\u0173 kambari\u0173. Pagaminta i\u0161 auk\u0161tos kokyb\u0117s laminuotos plok\u0161t\u0117s, \u201eAngel TYP-31\u201c komoda yra patvari ir lengvai valoma. Balta spalva suteikia interjerui gaivumo, \u0161viesumo, o nat\u016bral\u016bs akcentai sukuria harmoning\u0105 ir \u0161ilt\u0105 atmosfer\u0105. Tvirta laminuotos med\u017eio dro\u017eli\u0173 plok\u0161t\u0117s korpuso ir priekin\u0117s dalies konstrukcija u\u017etikrina ilgalaik\u012f patvarum\u0105 ir stabilum\u0105. I\u0161mani atidarymo sistema be ranken\u0117li\u0173 ne tik suteikia modernaus stiliaus elemento, bet ir prakti\u0161kumo bei saugumo, ypa\u010d jauniausi\u0173 vartotoj\u0173 kambariuose. Skland\u017eiai slystantys ritininiai kreiptuvai ir tvirti vyriai u\u017etikrina skland\u0173 valdym\u0105 ir lengv\u0105 prieig\u0105 prie bald\u0173 turinio.<\/p>","protected":false},"excerpt":{"rendered":"<p>Plotis (cm): 84<br \/>\n\u016agis (cm): 130,7<br \/>\nGylis (cm): 40,2<\/p>","protected":false},"featured_media":162021,"comment_status":"open","ping_status":"open","template":"","meta":[],"product_brand":[],"product_cat":[9470,1173,4107],"product_tag":[],"class_list":{"0":"post-162020","1":"product","2":"type-product","3":"status-publish","4":"has-post-thumbnail","6":"product_cat-furniture-system-angel-wojcik-meble","7":"product_cat-chests-of-drawers","8":"product_cat-meble-wojcik","10":"first","11":"instock","12":"purchasable","13":"product-type-simple"},"_links":{"self":[{"href":"https:\/\/baldumarket.lt\/lt\/wp-json\/wp\/v2\/product\/162020","targetHints":{"allow":["GET"]}}],"collection":[{"href":"https:\/\/baldumarket.lt\/lt\/wp-json\/wp\/v2\/product"}],"about":[{"href":"https:\/\/baldumarket.lt\/lt\/wp-json\/wp\/v2\/types\/product"}],"replies":[{"embeddable":true,"href":"https:\/\/baldumarket.lt\/lt\/wp-json\/wp\/v2\/comments?post=162020"}],"wp:featuredmedia":[{"embeddable":true,"href":"https:\/\/baldumarket.lt\/lt\/wp-json\/wp\/v2\/media\/162021"}],"wp:attachment":[{"href":"https:\/\/baldumarket.lt\/lt\/wp-json\/wp\/v2\/media?parent=162020"}],"wp:term":[{"taxonomy":"product_brand","embeddable":true,"href":"https:\/\/baldumarket.lt\/lt\/wp-json\/wp\/v2\/product_brand?post=162020"},{"taxonomy":"product_cat","embeddable":true,"href":"https:\/\/baldumarket.lt\/lt\/wp-json\/wp\/v2\/product_cat?post=162020"},{"taxonomy":"product_tag","embeddable":true,"href":"https:\/\/baldumarket.lt\/lt\/wp-json\/wp\/v2\/product_tag?post=162020"}],"curies":[{"name":"wp","href":"https:\/\/api.w.org\/{rel}","templated":true}]}}