{"id":162014,"date":"2025-12-19T11:59:02","date_gmt":"2025-12-19T08:59:02","guid":{"rendered":"https:\/\/baldumarket.lt\/product\/angel-typ-33-komoda-4d-2s-dab-white-craft\/"},"modified":"2026-04-06T18:42:08","modified_gmt":"2026-04-06T15:42:08","slug":"angel-typ-33-komoda-4d-2s-dab-white-craft","status":"publish","type":"product","link":"https:\/\/baldumarket.lt\/lt\/product\/angel-typ-33-komoda-4d-2s-dab-white-craft\/","title":{"rendered":"Angelas TYP-33 \u2013 Komoda su stal\u010diais 4D-2S, \u0105\u017euolo baltumo, rankdarbiams"},"content":{"rendered":"<p>Atraskite tobul\u0105 funkcionalumo ir modernaus dizaino derin\u012f su baltos spalvos \u201eAngel TYP-33 \u2013 4D-2S\u201c komoda. Sukurta tiems, kurie vertina minimalizm\u0105 ir tvark\u0105, \u0161i eleganti\u0161ka komoda yra b\u016btinas bet kuriame stilingame interjere. 84 cm plo\u010dio, 116,3 cm auk\u0161\u010dio ir 40,2 cm gylio i\u0161skirtinis dizainas suteikia puiki\u0105 erdv\u0119 daiktams susid\u0117ti nepakenkiant estetikai. \u0160vytinti balta pagrindin\u0117 spalva \u201eAngel TYP-33\u201c komoda suteikia bet kokiam kambariui gaivumo ir erdvumo poj\u016bt\u012f. Nat\u016brali apdaila kartu su laminuotos plok\u0161t\u0117s patvarumu suteikia \u0161iam baldui charakter\u012f, kuris lengvai dera prie \u0161iuolaikini\u0173 interjero dizaino tendencij\u0173. Atspari \u012fbr\u0117\u017eimams, pa\u017eeidimams, dr\u0117gmei ir auk\u0161tai temperat\u016brai, med\u017eiaga \u017eada ilgaam\u017ei\u0161kum\u0105 ir nepriekai\u0161ting\u0105 i\u0161vaizd\u0105. Sukurta atsi\u017evelgiant \u012f praktin\u012f erdv\u0117s organizavim\u0105, \u201eAngel TYP-33\u201c turi dvi modernias, u\u017edaras sekcijas be ranken\u0117li\u0173, kurios paslepia erdvias ni\u0161as. Be to, du skland\u017eiai judantys stal\u010diai ant ritinini\u0173 b\u0117geli\u0173 leid\u017eia lengvai pasiekti kasdienius daiktus. Kartu su modernia sistema be ranken\u0117li\u0173 \u0161i komoda yra labai funkcionali, nepakenkiant estetikai.<\/p>","protected":false},"excerpt":{"rendered":"<p>Plotis (cm): 84<br \/>\n\u016agis (cm): 116,3<br \/>\nGylis (cm): 40,2<\/p>","protected":false},"featured_media":162015,"comment_status":"open","ping_status":"open","template":"","meta":[],"product_brand":[],"product_cat":[9470,1173,4107],"product_tag":[],"class_list":{"0":"post-162014","1":"product","2":"type-product","3":"status-publish","4":"has-post-thumbnail","6":"product_cat-furniture-system-angel-wojcik-meble","7":"product_cat-chests-of-drawers","8":"product_cat-meble-wojcik","10":"first","11":"instock","12":"purchasable","13":"product-type-simple"},"_links":{"self":[{"href":"https:\/\/baldumarket.lt\/lt\/wp-json\/wp\/v2\/product\/162014","targetHints":{"allow":["GET"]}}],"collection":[{"href":"https:\/\/baldumarket.lt\/lt\/wp-json\/wp\/v2\/product"}],"about":[{"href":"https:\/\/baldumarket.lt\/lt\/wp-json\/wp\/v2\/types\/product"}],"replies":[{"embeddable":true,"href":"https:\/\/baldumarket.lt\/lt\/wp-json\/wp\/v2\/comments?post=162014"}],"wp:featuredmedia":[{"embeddable":true,"href":"https:\/\/baldumarket.lt\/lt\/wp-json\/wp\/v2\/media\/162015"}],"wp:attachment":[{"href":"https:\/\/baldumarket.lt\/lt\/wp-json\/wp\/v2\/media?parent=162014"}],"wp:term":[{"taxonomy":"product_brand","embeddable":true,"href":"https:\/\/baldumarket.lt\/lt\/wp-json\/wp\/v2\/product_brand?post=162014"},{"taxonomy":"product_cat","embeddable":true,"href":"https:\/\/baldumarket.lt\/lt\/wp-json\/wp\/v2\/product_cat?post=162014"},{"taxonomy":"product_tag","embeddable":true,"href":"https:\/\/baldumarket.lt\/lt\/wp-json\/wp\/v2\/product_tag?post=162014"}],"curies":[{"name":"wp","href":"https:\/\/api.w.org\/{rel}","templated":true}]}}