{"id":162008,"date":"2025-12-19T11:58:49","date_gmt":"2025-12-19T08:58:49","guid":{"rendered":"https:\/\/baldumarket.lt\/product\/angel-typ-10-bielizniarka-1d-3s-dab-white-craft\/"},"modified":"2026-04-06T18:42:08","modified_gmt":"2026-04-06T15:42:08","slug":"angel-typ-10-bielizniarka-1d-3s-dab-white-craft","status":"publish","type":"product","link":"https:\/\/baldumarket.lt\/lt\/product\/angel-typ-10-bielizniarka-1d-3s-dab-white-craft\/","title":{"rendered":"Angel TYPE-10 \u2013 Komoda 1D-3S \u0105\u017euolo baltumo Craft"},"content":{"rendered":"<p>Atraskite elegancij\u0105 ir funkcionalum\u0105 viename \u2013 pristatome \u2019Angel TYP-10\u201c \u2013 balt\u0105 linin\u0119 komod\u0105 1D-3S, kuri i\u0161siskirs bet kuriame kambaryje. \u0160i moderni komoda ne tik suteiks charakterio j\u016bs\u0173 interjerui, bet ir nustebins savo prakti\u0161kumu. 56 cm plo\u010dio, 190,5 cm auk\u0161\u010dio ir 40,2 cm gylio ji puikiai tiks tiek ma\u017euose, tiek dideliuose kambariuose ir pasi\u016blys puikius daikt\u0173 laikymo sprendimus. Trys erdv\u016bs stal\u010diai be ranken\u0117li\u0173 \u2013 tikras lobynas apatiniams drabu\u017eiams ir kitiems smulkiems daiktams, kuriuos norite tur\u0117ti po ranka, bet pasl\u0117ptus nuo aki\u0173, laikyti. U\u017e eleganti\u0161kos komodos priekio slypi papildoma prakti\u0161ka erdv\u0117 su keturiais funkciniais skyriais, puikiai tinkan\u010diais rank\u0161luos\u010diams, mar\u0161kiniams ar megztiniams laikyti. Kiekviena erdv\u0117 sukurta atsi\u017evelgiant \u012f maksimal\u0173 komfort\u0105. Auk\u0161\u010diausia gamybos kokyb\u0117 u\u017etikrina patvarum\u0105 kasdieniam naudojimui \u2013 komodos korpusas ir priekin\u0117 dalis pagaminti i\u0161 tvirtos laminuotos med\u017eio dro\u017eli\u0173 plok\u0161t\u0117s, kuri yra ne tik patvari, bet ir lengvai valoma. Grynai balta spalva suteikia bet kokiam interjerui gaivumo ir lengvumo, puikiai dera su \u012fvairiais interjero dizaino stiliais. \u0160i med\u017eiaga yra atspari dr\u0117gmei, mechaniniams pa\u017eeidimams, \u012fbr\u0117\u017eimams ir auk\u0161tai temperat\u016brai, tod\u0117l ji tarnaus jums ilgus metus.<\/p>","protected":false},"excerpt":{"rendered":"<p>Plotis (cm): 56<br \/>\n\u016agis (cm): 190,5<br \/>\nGylis (cm): 40,2<\/p>","protected":false},"featured_media":162009,"comment_status":"open","ping_status":"open","template":"","meta":[],"product_brand":[],"product_cat":[9470,1173,4107],"product_tag":[],"class_list":{"0":"post-162008","1":"product","2":"type-product","3":"status-publish","4":"has-post-thumbnail","6":"product_cat-furniture-system-angel-wojcik-meble","7":"product_cat-chests-of-drawers","8":"product_cat-meble-wojcik","10":"first","11":"instock","12":"purchasable","13":"product-type-simple"},"_links":{"self":[{"href":"https:\/\/baldumarket.lt\/lt\/wp-json\/wp\/v2\/product\/162008","targetHints":{"allow":["GET"]}}],"collection":[{"href":"https:\/\/baldumarket.lt\/lt\/wp-json\/wp\/v2\/product"}],"about":[{"href":"https:\/\/baldumarket.lt\/lt\/wp-json\/wp\/v2\/types\/product"}],"replies":[{"embeddable":true,"href":"https:\/\/baldumarket.lt\/lt\/wp-json\/wp\/v2\/comments?post=162008"}],"wp:featuredmedia":[{"embeddable":true,"href":"https:\/\/baldumarket.lt\/lt\/wp-json\/wp\/v2\/media\/162009"}],"wp:attachment":[{"href":"https:\/\/baldumarket.lt\/lt\/wp-json\/wp\/v2\/media?parent=162008"}],"wp:term":[{"taxonomy":"product_brand","embeddable":true,"href":"https:\/\/baldumarket.lt\/lt\/wp-json\/wp\/v2\/product_brand?post=162008"},{"taxonomy":"product_cat","embeddable":true,"href":"https:\/\/baldumarket.lt\/lt\/wp-json\/wp\/v2\/product_cat?post=162008"},{"taxonomy":"product_tag","embeddable":true,"href":"https:\/\/baldumarket.lt\/lt\/wp-json\/wp\/v2\/product_tag?post=162008"}],"curies":[{"name":"wp","href":"https:\/\/api.w.org\/{rel}","templated":true}]}}