{"id":162002,"date":"2025-12-19T11:58:37","date_gmt":"2025-12-19T08:58:37","guid":{"rendered":"https:\/\/baldumarket.lt\/product\/stol-jadalniany-mdt20-dab\/"},"modified":"2026-02-03T23:30:54","modified_gmt":"2026-02-03T20:30:54","slug":"stol-jadalniany-mdt20-dab","status":"publish","type":"product","link":"https:\/\/baldumarket.lt\/lt\/product\/stol-jadalniany-mdt20-dab\/","title":{"rendered":"MDT20 \u0105\u017euolinis valgomojo stalas"},"content":{"rendered":"<p>Kvie\u010diame ap\u017ei\u016br\u0117ti eleganti\u0161k\u0105 ir funkcional\u0173 MDT20 \u0105\u017euolin\u012f valgomojo stal\u0105 \u2013 \u0161iuolaikinio bald\u0173 dizaino ir naudojimo paprastumo kvintesencij\u0105. Tai puikus sprendimas m\u0117gstantiems \u0161ilt\u0105 \u0105\u017euolo spindes\u012f ir universal\u0173 dizain\u0105, galint\u012f \u012fkvepti d\u017eiaugsm\u0105 bet kokiame interjere. Sukurtas galvojant apie dinami\u0161k\u0105, kasdien\u012f gyvenim\u0105, jis taps valgomojo \u0161irdimi ir \u0161eimos gyvenimo traukos centru. MDT20 \u0105\u017euolinio stalo kokyb\u0117 akivaizdi kiekvienoje detal\u0117je \u2013 nuo patvarios, laminuotos med\u017eio dro\u017eli\u0173 plok\u0161t\u0117s, tvirtos konstrukcijos kojos iki tiksliai veikian\u010dio sinchroninio b\u0117gelio, u\u017etikrinan\u010dio skland\u0173 ir lengv\u0105 stalo i\u0161pl\u0117tim\u0105. Nat\u016brali \u0105\u017euolo spalva, atspindinti \u201eCoast Evoke Oak\u201c atspalv\u012f, ne tik suteikia interjerui \u0161ilumos, bet ir si\u016blo plat\u0173 pritaikymo galimybi\u0173 spektr\u0105 \u012fvairiems interjerams \u2013 nuo skandinavi\u0161ko minimalizmo ir grie\u017eto industrinio stiliaus iki jaukaus bohemi\u0161ko ar eleganti\u0161ko Hamptono. MDT20 \u0105\u017euolinis valgomojo stalas buvo sukurtas siekiant sukurti optimal\u0173 tiek formos, tiek funkcionalumo bald\u0105. Jo matmenys \u2013 160 cm plo\u010dio, i\u0161traukiamas iki 200 cm, 76,2 cm auk\u0161\u010dio ir 90 cm gylio \u2013 leid\u017eia patogiai naudoti tiek kasdien\u0117se situacijose, tiek ypatingomis progomis su stambesniais sve\u010diais. Storas stalvir\u0161is ir modernus pagrindas ne tik \u017eavi savo i\u0161vaizda, bet ir u\u017etikrina naudojimo patogum\u0105 bei puik\u0173 stabilum\u0105.<\/p>","protected":false},"excerpt":{"rendered":"<p>Plotis (cm): 160\u2013200<br \/>\n\u016agis (cm): 76,2<br \/>\nGylis (cm): 90<\/p>","protected":false},"featured_media":162003,"comment_status":"open","ping_status":"open","template":"","meta":[],"product_brand":[],"product_cat":[4107,1934],"product_tag":[],"class_list":{"0":"post-162002","1":"product","2":"type-product","3":"status-publish","4":"has-post-thumbnail","6":"product_cat-meble-wojcik","7":"product_cat-tables","9":"first","10":"instock","11":"purchasable","12":"product-type-simple"},"_links":{"self":[{"href":"https:\/\/baldumarket.lt\/lt\/wp-json\/wp\/v2\/product\/162002","targetHints":{"allow":["GET"]}}],"collection":[{"href":"https:\/\/baldumarket.lt\/lt\/wp-json\/wp\/v2\/product"}],"about":[{"href":"https:\/\/baldumarket.lt\/lt\/wp-json\/wp\/v2\/types\/product"}],"replies":[{"embeddable":true,"href":"https:\/\/baldumarket.lt\/lt\/wp-json\/wp\/v2\/comments?post=162002"}],"wp:featuredmedia":[{"embeddable":true,"href":"https:\/\/baldumarket.lt\/lt\/wp-json\/wp\/v2\/media\/162003"}],"wp:attachment":[{"href":"https:\/\/baldumarket.lt\/lt\/wp-json\/wp\/v2\/media?parent=162002"}],"wp:term":[{"taxonomy":"product_brand","embeddable":true,"href":"https:\/\/baldumarket.lt\/lt\/wp-json\/wp\/v2\/product_brand?post=162002"},{"taxonomy":"product_cat","embeddable":true,"href":"https:\/\/baldumarket.lt\/lt\/wp-json\/wp\/v2\/product_cat?post=162002"},{"taxonomy":"product_tag","embeddable":true,"href":"https:\/\/baldumarket.lt\/lt\/wp-json\/wp\/v2\/product_tag?post=162002"}],"curies":[{"name":"wp","href":"https:\/\/api.w.org\/{rel}","templated":true}]}}