{"id":161998,"date":"2025-12-19T11:58:29","date_gmt":"2025-12-19T08:58:29","guid":{"rendered":"https:\/\/baldumarket.lt\/product\/avenale-avek03-komoda-2d2s-bialy-alpejski-bialy-polysk\/"},"modified":"2026-04-06T18:42:08","modified_gmt":"2026-04-06T15:42:08","slug":"avenale-avek03-komoda-2d2s-bialy-alpejski-bialy-polysk","status":"publish","type":"product","link":"https:\/\/baldumarket.lt\/lt\/product\/avenale-avek03-komoda-2d2s-bialy-alpejski-bialy-polysk\/","title":{"rendered":"Avenale AVEK03 &#8211; Komoda 2D2S Alpi\u0173 balta blizgi balta"},"content":{"rendered":"<p>Kompakti\u0161ka ir stilinga AVENALE AVEK03 komoda \u2013 puikus sprendimas ie\u0161kantiems bald\u0173, kurie derint\u0173 funkcionalum\u0105 ir elegancij\u0105. Minimalistinis blizgios Alpi\u0173 baltos spalvos dizainas su subtiliais grioveliais ant fasad\u0173 suteikia interjerui modernumo ir puikiai atitinka dabartines dizaino tendencijas. 105,4 cm plo\u010dio ir 117,2 cm auk\u0161\u010dio \u0161i komoda ras savo viet\u0105 svetain\u0117je, jaunimo kambaryje, biure ar valgomajame, suteikdama unikal\u0173 stili\u0173 kiekvienam kampeliui.<\/p>\n<p>D\u0117l metalini\u0173 kojeli\u0173, kurios suteikia baldui lengvumo, AVENALE komoda yra ne tik esteti\u0161kai patraukli, bet ir prakti\u0161ka ma\u017eesn\u0117se erdv\u0117se. Suma\u017eintas auk\u0161tis (12 cm) po komoda leid\u017eia lengvai naudoti valymo robot\u0105, o tai \u017eymiai supaprastina kasdien\u0119 prie\u017ei\u016br\u0105. Tai puikus novatori\u0161ko dizaino, derinan\u010dio gro\u017e\u012f su funkcionalumu, pavyzdys.<\/p>\n<p>Komodos viduje slypi daug praktini\u0173 element\u0173, kurie leis puikiai sutvarkyti j\u016bs\u0173 daiktus. Du erdv\u016bs stal\u010diai ant pilno i\u0161traukimo rutulini\u0173 guoli\u0173 b\u0117geli\u0173 puikiai tinka dokumentams, aksesuarams ir tekstil\u0117s gaminiams laikyti. Atvira ni\u0161a suteikia puiki\u0105 viet\u0105 knygoms, dekoracijoms ir smulkiai elektronikai, tod\u0117l galite suasmeninti \u0161\u012f bald\u0105 pagal savo poreikius.<\/p>\n<p>Komoda AVENALE AVEK03 yra ne tik prakti\u0161ka, bet ir esteti\u0161kai patraukli bet kokiam interjerui. Jos \u0161velnaus u\u017edarymo sistema ir tradicini\u0173 ranken\u0117li\u0173 nebuvimas suteikia j\u016bs\u0173 erdvei harmonijos ir modernumo. D\u0117l tvirtos MDF ir laminuot\u0173 med\u017eio dro\u017eli\u0173 plok\u0161\u010di\u0173 konstrukcijos \u0161i komoda yra ne tik patvari, bet ir lengvai pri\u017ei\u016brima. J\u016bs\u0173 interjero evoliucija prasideda nuo bald\u0173 \u2013 rinkit\u0117s AVENALE komod\u0105 ir pajusite transformacij\u0105 savo namuose.<\/p>","protected":false},"excerpt":{"rendered":"<p>Plotis (cm): 105,4<br \/>\n\u016agis (cm): 117,2<br \/>\nGylis (cm): 40<\/p>","protected":false},"featured_media":161999,"comment_status":"open","ping_status":"open","template":"","meta":[],"product_brand":[],"product_cat":[9471,1173,4107],"product_tag":[],"class_list":{"0":"post-161998","1":"product","2":"type-product","3":"status-publish","4":"has-post-thumbnail","6":"product_cat-furniture-system-avenale-wojcik-meble","7":"product_cat-chests-of-drawers","8":"product_cat-meble-wojcik","10":"first","11":"instock","12":"purchasable","13":"product-type-simple"},"_links":{"self":[{"href":"https:\/\/baldumarket.lt\/lt\/wp-json\/wp\/v2\/product\/161998","targetHints":{"allow":["GET"]}}],"collection":[{"href":"https:\/\/baldumarket.lt\/lt\/wp-json\/wp\/v2\/product"}],"about":[{"href":"https:\/\/baldumarket.lt\/lt\/wp-json\/wp\/v2\/types\/product"}],"replies":[{"embeddable":true,"href":"https:\/\/baldumarket.lt\/lt\/wp-json\/wp\/v2\/comments?post=161998"}],"wp:featuredmedia":[{"embeddable":true,"href":"https:\/\/baldumarket.lt\/lt\/wp-json\/wp\/v2\/media\/161999"}],"wp:attachment":[{"href":"https:\/\/baldumarket.lt\/lt\/wp-json\/wp\/v2\/media?parent=161998"}],"wp:term":[{"taxonomy":"product_brand","embeddable":true,"href":"https:\/\/baldumarket.lt\/lt\/wp-json\/wp\/v2\/product_brand?post=161998"},{"taxonomy":"product_cat","embeddable":true,"href":"https:\/\/baldumarket.lt\/lt\/wp-json\/wp\/v2\/product_cat?post=161998"},{"taxonomy":"product_tag","embeddable":true,"href":"https:\/\/baldumarket.lt\/lt\/wp-json\/wp\/v2\/product_tag?post=161998"}],"curies":[{"name":"wp","href":"https:\/\/api.w.org\/{rel}","templated":true}]}}