{"id":161994,"date":"2025-12-19T11:58:21","date_gmt":"2025-12-19T08:58:21","guid":{"rendered":"https:\/\/baldumarket.lt\/product\/avenale-avek03-komoda-2d2s-cashmere\/"},"modified":"2026-04-06T18:42:08","modified_gmt":"2026-04-06T15:42:08","slug":"avenale-avek03-komoda-2d2s-cashmere","status":"publish","type":"product","link":"https:\/\/baldumarket.lt\/lt\/product\/avenale-avek03-komoda-2d2s-cashmere\/","title":{"rendered":"Avenale AVEK03 &#8211; 2D2S ka\u0161myro komoda"},"content":{"rendered":"<p>Atraskite **modernum\u0105** ir **elegancij\u0105** viename su **AVENALE AVEK03** komoda subtilaus **ka\u0161myro** atspalvio. \u0160is unikalus garsiosios **Meble W\u00f3jcik** kolekcijos baldas \u017eavi tiek estetika, tiek funkcionalumu, sukurdamas tobul\u0105 daikt\u0173 laikymo viet\u0105 bet kokiame interjere. Prislopintos spalvos ir kruop\u0161\u010diai apdirbti fasadai su subtiliais grioveliais suteikia charakterio, kuris harmoningai der\u0117s prie \u012fvairi\u0173 i\u0161d\u0117stym\u0173.<\/p>\n<p>**AVEK03** komoda \u2013 **i\u0161manus sprendimas** namams su ribota erdve. 105,4 cm plo\u010dio, 117,2 cm auk\u0161\u010dio ir 40 cm gylio ji puikiai tinka svetain\u0117ms, koridoriams, paaugli\u0173 kambariams ar miegamiesiems. Modernus dizainas su metalin\u0117mis kojel\u0117mis ne tik pabr\u0117\u017eia lengvum\u0105, bet ir supaprastina kasdien\u012f gyvenim\u0105, leisdamas valymo \u012frankiams laisvai jud\u0117ti po komoda.<\/p>\n<p>Komodos **AVEK03** vidus buvo sukurtas galvojant apie efektyv\u0173 daikt\u0173 saugojim\u0105. Ji turi du stal\u010dius, kurie skland\u017eiai atsidaro d\u0117l pilno i\u0161traukimo rutulini\u0173 guoli\u0173 b\u0117geli\u0173, tod\u0117l tampa tikru s\u0105jungininku organizuojant erdv\u0119. Be to, du varstomi fasadai su **\u0161velnaus u\u017edarymo** funkcija slepia erdvias lentynas, puikiai tinkan\u010dias didesniems drabu\u017ei\u0173 spintos daiktams, dokumentams ar tekstil\u0117s gaminiams, o atvira ni\u0161a leid\u017eia eksponuoti m\u0117gstamas dekoracijas ar knygas.<\/p>\n<p>Pagaminta i\u0161 patvari\u0173 med\u017eiag\u0173, toki\u0173 kaip laminuotos med\u017eio dro\u017eli\u0173 plok\u0161t\u0117s ir MDF, **AVENALE AVEK03** komoda pasi\u017eymi patvarumu, kuris atlaikys laiko i\u0161bandym\u0105. Tai baldas, kur\u012f galima lengvai integruoti \u012f esam\u0105 interjer\u0105 arba naudoti kaip pagrindin\u012f element\u0105 naujoje erdv\u0117je. Tiems, kurie vertina ir estetik\u0105, ir prakti\u0161kum\u0105, \u0161i komoda bus ne\u012fkainojamas papildymas, derinantis **formos paprastum\u0105** su **funkcionalumu**.**.<\/p>\n<p>Rinkit\u0117s **AVENALE AVEK03** komod\u0105 ir suteikite savo namams modernaus elegancijos. Tai puikus pasirinkimas tiems, kurie nori harmoningai derinti stili\u0173 su prakti\u0161ku daikt\u0173 laikymu, sukurdami unikali\u0105 erdv\u0119 savo kasdieniame gyvenime.<\/p>","protected":false},"excerpt":{"rendered":"<p>Plotis (cm): 105,4<br \/>\n\u016agis (cm): 117,2<br \/>\nGylis (cm): 40<\/p>","protected":false},"featured_media":161995,"comment_status":"open","ping_status":"open","template":"","meta":[],"product_brand":[],"product_cat":[9471,1173,4107],"product_tag":[],"class_list":{"0":"post-161994","1":"product","2":"type-product","3":"status-publish","4":"has-post-thumbnail","6":"product_cat-furniture-system-avenale-wojcik-meble","7":"product_cat-chests-of-drawers","8":"product_cat-meble-wojcik","10":"first","11":"instock","12":"purchasable","13":"product-type-simple"},"_links":{"self":[{"href":"https:\/\/baldumarket.lt\/lt\/wp-json\/wp\/v2\/product\/161994","targetHints":{"allow":["GET"]}}],"collection":[{"href":"https:\/\/baldumarket.lt\/lt\/wp-json\/wp\/v2\/product"}],"about":[{"href":"https:\/\/baldumarket.lt\/lt\/wp-json\/wp\/v2\/types\/product"}],"replies":[{"embeddable":true,"href":"https:\/\/baldumarket.lt\/lt\/wp-json\/wp\/v2\/comments?post=161994"}],"wp:featuredmedia":[{"embeddable":true,"href":"https:\/\/baldumarket.lt\/lt\/wp-json\/wp\/v2\/media\/161995"}],"wp:attachment":[{"href":"https:\/\/baldumarket.lt\/lt\/wp-json\/wp\/v2\/media?parent=161994"}],"wp:term":[{"taxonomy":"product_brand","embeddable":true,"href":"https:\/\/baldumarket.lt\/lt\/wp-json\/wp\/v2\/product_brand?post=161994"},{"taxonomy":"product_cat","embeddable":true,"href":"https:\/\/baldumarket.lt\/lt\/wp-json\/wp\/v2\/product_cat?post=161994"},{"taxonomy":"product_tag","embeddable":true,"href":"https:\/\/baldumarket.lt\/lt\/wp-json\/wp\/v2\/product_tag?post=161994"}],"curies":[{"name":"wp","href":"https:\/\/api.w.org\/{rel}","templated":true}]}}