{"id":161986,"date":"2025-12-19T11:58:04","date_gmt":"2025-12-19T08:58:04","guid":{"rendered":"https:\/\/baldumarket.lt\/product\/avenale-avek02-komoda-3d3s-antracyt\/"},"modified":"2026-04-06T18:42:08","modified_gmt":"2026-04-06T15:42:08","slug":"avenale-avek02-komoda-3d3s-antracyt","status":"publish","type":"product","link":"https:\/\/baldumarket.lt\/lt\/product\/avenale-avek02-komoda-3d3s-antracyt\/","title":{"rendered":"Avenale AVEK02 \u2013 Komoda 3D3S Antracito spalvos"},"content":{"rendered":"<p>\u201eAvenale AVEK02\u201c komoda \u2013 puikus pasirinkimas modernaus dizaino m\u0117g\u0117jams, vertinantiems estetikos ir funkcionalumo derin\u012f. Minimalistin\u0117 forma, eleganti\u0161ka supermatin\u0117 antracito spalva, paver\u010dia j\u0105 ne tik baldu, bet ir stilingu bet kokio interjero akcentu. Lygios linijos ir subtiliai frezuoti fasadai suteikia komodai unikal\u0173 charakter\u012f, puikiai atitinkant\u012f \u0161iuolaikinio dizaino tendencijas.<\/p>\n<p>\u0160i 212 cm plo\u010dio ir 91,6 cm auk\u0161\u010dio komoda puikiai tiks bet kurioje erdv\u0117je ir pasi\u016blys daugyb\u0119 daikt\u0173 laikymo galimybi\u0173. Trys erdvios lentynos, pasl\u0117ptos u\u017e tyli\u0173 dureli\u0173, ir trys gil\u016bs stal\u010diai suteikia daug vietos kasdieniams daiktams, suvenyrams ir dokumentams laikyti. Be to, plonos metalin\u0117s kojel\u0117s suteikia pakankam\u0105 stabilum\u0105, o j\u0173 auk\u0161tis palengvina valym\u0105, o tai labai svarbu \u0161iandieniniame dinami\u0161kame gyvenimo b\u016bde.<\/p>\n<p>\u201eAvenale\u201c komoda yra daugiau nei baldas \u2013 tai sprendimas, jungiantis estetik\u0105 ir prakti\u0161kum\u0105. Atidarymo sistema be ranken\u0117li\u0173 leid\u017eia j\u0105 intuityviai ir patogiai naudoti, o fasadai be i\u0161siki\u0161usi\u0173 element\u0173 pabr\u0117\u017eia modern\u0173 dizain\u0105. D\u0117mesys detal\u0117ms ir auk\u0161tos kokyb\u0117s med\u017eiag\u0173, toki\u0173 kaip MDF ir laminuotos med\u017eio dro\u017eli\u0173 plok\u0161t\u0117s, naudojimas garantuoja ne tik ilgaam\u017ei\u0161kum\u0105, bet ir lengv\u0105 prie\u017ei\u016br\u0105.<\/p>\n<p>Investav\u0119 \u012f \u201eAvenale AVEK02\u201c komod\u0105, galite b\u016bti tikri, kad j\u016bs\u0173 svetain\u0117, miegamasis ar biuras \u012fgaus darni\u0105 ir stiling\u0105 i\u0161vaizd\u0105. D\u0117l universalaus dizaino j\u0105 lengva priderinti prie kit\u0173 bald\u0173, toki\u0173 kaip sofos, ra\u0161omieji stalai ar vitrinos. Tegul \u0161i komoda tampa j\u016bs\u0173 nam\u0173 \u0161irdimi, kurioje viename unikaliame balde dera funkcionalumas ir elegancija.<\/p>","protected":false},"excerpt":{"rendered":"<p>Plotis (cm): 212<br \/>\n\u016agis (cm): 91,6<br \/>\nGylis (cm): 40<\/p>","protected":false},"featured_media":161987,"comment_status":"open","ping_status":"open","template":"","meta":[],"product_brand":[],"product_cat":[9471,1173,4107],"product_tag":[],"class_list":{"0":"post-161986","1":"product","2":"type-product","3":"status-publish","4":"has-post-thumbnail","6":"product_cat-furniture-system-avenale-wojcik-meble","7":"product_cat-chests-of-drawers","8":"product_cat-meble-wojcik","10":"first","11":"instock","12":"purchasable","13":"product-type-simple"},"_links":{"self":[{"href":"https:\/\/baldumarket.lt\/lt\/wp-json\/wp\/v2\/product\/161986","targetHints":{"allow":["GET"]}}],"collection":[{"href":"https:\/\/baldumarket.lt\/lt\/wp-json\/wp\/v2\/product"}],"about":[{"href":"https:\/\/baldumarket.lt\/lt\/wp-json\/wp\/v2\/types\/product"}],"replies":[{"embeddable":true,"href":"https:\/\/baldumarket.lt\/lt\/wp-json\/wp\/v2\/comments?post=161986"}],"wp:featuredmedia":[{"embeddable":true,"href":"https:\/\/baldumarket.lt\/lt\/wp-json\/wp\/v2\/media\/161987"}],"wp:attachment":[{"href":"https:\/\/baldumarket.lt\/lt\/wp-json\/wp\/v2\/media?parent=161986"}],"wp:term":[{"taxonomy":"product_brand","embeddable":true,"href":"https:\/\/baldumarket.lt\/lt\/wp-json\/wp\/v2\/product_brand?post=161986"},{"taxonomy":"product_cat","embeddable":true,"href":"https:\/\/baldumarket.lt\/lt\/wp-json\/wp\/v2\/product_cat?post=161986"},{"taxonomy":"product_tag","embeddable":true,"href":"https:\/\/baldumarket.lt\/lt\/wp-json\/wp\/v2\/product_tag?post=161986"}],"curies":[{"name":"wp","href":"https:\/\/api.w.org\/{rel}","templated":true}]}}