{"id":161982,"date":"2025-12-19T11:57:56","date_gmt":"2025-12-19T08:57:56","guid":{"rendered":"https:\/\/baldumarket.lt\/product\/avenale-avek02-komoda-3d3s-bialy-alpejski-bialy-polysk\/"},"modified":"2026-04-06T18:42:08","modified_gmt":"2026-04-06T15:42:08","slug":"avenale-avek02-komoda-3d3s-bialy-alpejski-bialy-polysk","status":"publish","type":"product","link":"https:\/\/baldumarket.lt\/lt\/product\/avenale-avek02-komoda-3d3s-bialy-alpejski-bialy-polysk\/","title":{"rendered":"Avenale AVEK02 \u2013 Komoda 3D3S Alpi\u0173 balta blizgi balta"},"content":{"rendered":"<p>Komoda AVENALE AVEK02 \u2013 tai tobulas elegancijos ir modernaus stiliaus derinys, kuris ne tik papuo\u0161 j\u016bs\u0173 interjer\u0105, bet ir supaprastins kasdien\u012f gyvenim\u0105. Patraukli blizgi balta apdaila ir unikal\u016bs, vertikaliai grioveliai ant fasado, \u0161i komoda i\u0161 karto patraukia ak\u012f ir suteikia bet kokiam kambariui prabangos. Minimalistinis dizainas puikiai tinka tiek moderniam, tiek klasikiniam interjerui, sukurdamas unikali\u0105 atmosfer\u0105 j\u016bs\u0173 namuose.<\/p>\n<p>Komoda AVEK02, turinti tris erdvias dureles su \u0161velnaus u\u017edarymo funkcija, si\u016blo puiki\u0105 viet\u0105 \u012fvairiems daiktams laikyti \u2013 nuo stalo \u012franki\u0173 iki tekstil\u0117s ir dokument\u0173. Be to, trys gil\u016bs stal\u010diai su rutuliniais guoliais leid\u017eia juos visi\u0161kai i\u0161traukti, u\u017etikrinant greit\u0105 prieig\u0105 prie laikom\u0173 daikt\u0173. Tai leid\u017eia kasdien\u012f naudojim\u0105 padaryti nepaprastai patog\u0173 ir daug lengviau organizuoti erdv\u0119.<\/p>\n<p>12 cm auk\u0161\u010dio metalin\u0117s kojel\u0117s suteikia lengvumo ir grak\u0161tumo, tuo pa\u010diu u\u017etikrindamos, kad robotas dulki\u0173 siurblys lengvai pasieks po spintele esan\u010dius daiktus. \u0160is prakti\u0161kas sprendimas palengvina tvarkos palaikym\u0105 ir u\u017eima ma\u017eiau laiko. D\u0117l auk\u0161tos kokyb\u0117s med\u017eiag\u0173, toki\u0173 kaip MDF ir laminuotos med\u017eio dro\u017eli\u0173 plok\u0161t\u0117s, \u0161i komoda ne tik \u017eavi savo i\u0161vaizda, bet ir u\u017etikrina ilgaam\u017ei\u0161kum\u0105 bei stabilum\u0105.<\/p>\n<p>Pasirinkdami AVENALE AVEK02 komod\u0105, renkat\u0117s ne tik bald\u0105, bet ir gyvenimo b\u016bd\u0105. Harmoningas jos siluetas ir gaivus, ry\u0161kus dizainas \u012fne\u0161a \u012f j\u016bs\u0173 interjer\u0105 naujos energijos ir elegancijos. Tai puikus sprendimas visiems, kurie vertina tvark\u0105 kartu su estetika. Pamilkite subtil\u0173 grioveli\u0173 fasad\u0173 blizges\u012f ir atraskite, kaip kiekviena akimirka j\u016bs\u0173 namuose gali \u012fgauti unikal\u0173, jauk\u0173 charakter\u012f.<\/p>\n<p>Pa\u017ei\u016br\u0117kite, kaip AVENALE AVEK02 komoda pakeis j\u016bs\u0173 erdv\u0119, suteikdama ne tik vietos daiktams susid\u0117ti, bet ir harmonijos bei komforto poj\u016bt\u012f. \u0160is baldas nuo pirmos dienos taps bet kurio kambario traukos centru, sukurdamas stiling\u0105 ir funkcionali\u0105 komforto zon\u0105, kurioje nor\u0117site praleisti daugiau laiko.<\/p>","protected":false},"excerpt":{"rendered":"<p>Plotis (cm): 212<br \/>\n\u016agis (cm): 91,6<br \/>\nGylis (cm): 40<\/p>","protected":false},"featured_media":161983,"comment_status":"open","ping_status":"open","template":"","meta":[],"product_brand":[],"product_cat":[9471,1173,4107],"product_tag":[],"class_list":{"0":"post-161982","1":"product","2":"type-product","3":"status-publish","4":"has-post-thumbnail","6":"product_cat-furniture-system-avenale-wojcik-meble","7":"product_cat-chests-of-drawers","8":"product_cat-meble-wojcik","10":"first","11":"instock","12":"purchasable","13":"product-type-simple"},"_links":{"self":[{"href":"https:\/\/baldumarket.lt\/lt\/wp-json\/wp\/v2\/product\/161982","targetHints":{"allow":["GET"]}}],"collection":[{"href":"https:\/\/baldumarket.lt\/lt\/wp-json\/wp\/v2\/product"}],"about":[{"href":"https:\/\/baldumarket.lt\/lt\/wp-json\/wp\/v2\/types\/product"}],"replies":[{"embeddable":true,"href":"https:\/\/baldumarket.lt\/lt\/wp-json\/wp\/v2\/comments?post=161982"}],"wp:featuredmedia":[{"embeddable":true,"href":"https:\/\/baldumarket.lt\/lt\/wp-json\/wp\/v2\/media\/161983"}],"wp:attachment":[{"href":"https:\/\/baldumarket.lt\/lt\/wp-json\/wp\/v2\/media?parent=161982"}],"wp:term":[{"taxonomy":"product_brand","embeddable":true,"href":"https:\/\/baldumarket.lt\/lt\/wp-json\/wp\/v2\/product_brand?post=161982"},{"taxonomy":"product_cat","embeddable":true,"href":"https:\/\/baldumarket.lt\/lt\/wp-json\/wp\/v2\/product_cat?post=161982"},{"taxonomy":"product_tag","embeddable":true,"href":"https:\/\/baldumarket.lt\/lt\/wp-json\/wp\/v2\/product_tag?post=161982"}],"curies":[{"name":"wp","href":"https:\/\/api.w.org\/{rel}","templated":true}]}}