{"id":161978,"date":"2025-12-19T11:57:48","date_gmt":"2025-12-19T08:57:48","guid":{"rendered":"https:\/\/baldumarket.lt\/product\/avenale-avek02-komoda-3d3s-cashmere\/"},"modified":"2026-04-06T18:41:58","modified_gmt":"2026-04-06T15:41:58","slug":"avenale-avek02-komoda-3d3s-cashmere","status":"publish","type":"product","link":"https:\/\/baldumarket.lt\/lt\/product\/avenale-avek02-komoda-3d3s-cashmere\/","title":{"rendered":"Avenale AVEK02 &#8211; 3D3S ka\u0161myro komoda"},"content":{"rendered":"<p>\u201eAvenale AVEK02\u201c komoda \u2013 unikalus pasirinkimas tiems, kurie vertina modern\u0173 dizain\u0105 ir funkcionalum\u0105. Minimalistin\u0117 forma ir subtili matin\u0117 ka\u0161myro apdaila puikiai dera su naujausiomis interjero dizaino tendencijomis. Vertikaliai frezuoti fasadai suteikia elegancijos, kuri suteiks charakterio bet kuriai erdvei \u2013 nesvarbu, ar j\u0105 pastatysite svetain\u0117je, valgomajame, ar miegamajame.<\/p>\n<p>Komodos \u017eaves\u012f sustiprina plonos metalin\u0117s kojel\u0117s, kurios vizualiai palengvina baldo form\u0105 ir suteikia jam lengvumo. D\u0117l 12 centimetr\u0173 pro\u0161vaisos gyvenimas su robotu dulki\u0173 siurbliu tampa \u017eymiai lengvesnis, o kiekvienas nam\u0173 kampelis lieka \u0161varus. \u0160\u012f prakti\u0161k\u0105 sprendim\u0105 \u012fvertins tiek kompakti\u0161k\u0173 but\u0173 gyventojai, tiek \u0161eimos su vaikais, kurioms svarbiausia palaikyti tvark\u0105.<\/p>\n<p>\u0160i komoda, kurios matmenys \u2013 212 x 91,6 x 40 cm, \u2013 puikus sprendimas siauroms erdv\u0117ms, kur svarbus kiekvienas centimetras. Nepaisant kompakti\u0161ko dyd\u017eio, ji si\u016blo daug vietos daiktams susid\u0117ti, tod\u0117l yra itin prakti\u0161kas baldas kasdieniam naudojimui. Trys erdv\u016bs stal\u010diai ir trys \u0161velniai u\u017esidaran\u010dios durel\u0117s suteikia daug vietos visiems j\u016bs\u0173 lobiams \u2013 nuo dokument\u0173 ir tekstil\u0117s iki kit\u0173 smulki\u0173 daikt\u0173, kuriuos norite tur\u0117ti po ranka.<\/p>\n<p>Rinkit\u0117s \u201eAvenale AVEK02\u201c komod\u0105 ir m\u0117gaukit\u0117s savo interjero elegancija bei jaukumu. Universali ka\u0161myro spalva ir minimalistinis stilius puikiai tinka \u012fvairiems interjerams. Paverskite savo kasdienes erdves jaukumo ir stiliaus oaz\u0117mis, pasirinkdami bald\u0105, kuris derina estetik\u0105 ir funkcionalum\u0105.<\/p>","protected":false},"excerpt":{"rendered":"<p>Plotis (cm): 212<br \/>\n\u016agis (cm): 91,6<br \/>\nGylis (cm): 40<\/p>","protected":false},"featured_media":161979,"comment_status":"open","ping_status":"open","template":"","meta":[],"product_brand":[],"product_cat":[9471,1173,4107],"product_tag":[],"class_list":{"0":"post-161978","1":"product","2":"type-product","3":"status-publish","4":"has-post-thumbnail","6":"product_cat-furniture-system-avenale-wojcik-meble","7":"product_cat-chests-of-drawers","8":"product_cat-meble-wojcik","10":"first","11":"instock","12":"purchasable","13":"product-type-simple"},"_links":{"self":[{"href":"https:\/\/baldumarket.lt\/lt\/wp-json\/wp\/v2\/product\/161978","targetHints":{"allow":["GET"]}}],"collection":[{"href":"https:\/\/baldumarket.lt\/lt\/wp-json\/wp\/v2\/product"}],"about":[{"href":"https:\/\/baldumarket.lt\/lt\/wp-json\/wp\/v2\/types\/product"}],"replies":[{"embeddable":true,"href":"https:\/\/baldumarket.lt\/lt\/wp-json\/wp\/v2\/comments?post=161978"}],"wp:featuredmedia":[{"embeddable":true,"href":"https:\/\/baldumarket.lt\/lt\/wp-json\/wp\/v2\/media\/161979"}],"wp:attachment":[{"href":"https:\/\/baldumarket.lt\/lt\/wp-json\/wp\/v2\/media?parent=161978"}],"wp:term":[{"taxonomy":"product_brand","embeddable":true,"href":"https:\/\/baldumarket.lt\/lt\/wp-json\/wp\/v2\/product_brand?post=161978"},{"taxonomy":"product_cat","embeddable":true,"href":"https:\/\/baldumarket.lt\/lt\/wp-json\/wp\/v2\/product_cat?post=161978"},{"taxonomy":"product_tag","embeddable":true,"href":"https:\/\/baldumarket.lt\/lt\/wp-json\/wp\/v2\/product_tag?post=161978"}],"curies":[{"name":"wp","href":"https:\/\/api.w.org\/{rel}","templated":true}]}}