{"id":161974,"date":"2025-12-19T11:57:40","date_gmt":"2025-12-19T08:57:40","guid":{"rendered":"https:\/\/baldumarket.lt\/product\/avenale-avek01-komoda-2d3s-cashmere\/"},"modified":"2026-04-06T18:41:58","modified_gmt":"2026-04-06T15:41:58","slug":"avenale-avek01-komoda-2d3s-cashmere","status":"publish","type":"product","link":"https:\/\/baldumarket.lt\/lt\/product\/avenale-avek01-komoda-2d3s-cashmere\/","title":{"rendered":"Avenale AVEK01 &#8211; 2D3S ka\u0161myro komoda"},"content":{"rendered":"<p>AVENALE kolekcija \u2013 tai unikali komod\u0173 kolekcija, kurioje elegancija dera su funkcionalumu. Ka\u0161myro apdailos AVEK01 komoda puikiai dera prie modernaus interjero, kuriame siekiama estetikos ir prakti\u0161kumo pusiausvyros. Vertikaliai grioveliais i\u0161rai\u017eyti fasadai ir siauros, kontrastingos juodos spalvos metalin\u0117s kojel\u0117s paver\u010dia \u0161i\u0105 komod\u0105 tikrai patrauks ak\u012f ir taps stilingu bet kurio kambario akcentu.<\/p>\n<p>Vienas i\u0161 pagrindini\u0173 AVEK01 komodos privalum\u0173 \u2013 apgalvotas erdv\u0117s organizavimas, kuris pravers kasdieniame gyvenime. Nepaisant kompakti\u0161k\u0173 matmen\u0173 (157,8 x 91,6 x 40 cm), viduje yra dvi erdvios lentynos ir trys erdv\u016bs stal\u010diai, idealiai tinkantys tiek tekstil\u0117s gaminiams, tiek dokumentams laikyti. \u0160velniai u\u017esidaran\u010dios durel\u0117s ne tik palengvina naudojim\u0105si ja, bet ir suteikia ne\u012ftik\u0117tino komforto.<\/p>\n<p>D\u0117l lengvai priderinamos ka\u0161myro spalvos AVEK01 komoda puikiai tiks \u012fvairiuose interjeruose \u2013 nuo eleganti\u0161k\u0173 iki jauki\u0173, minimalistini\u0173 erdvi\u0173. Lengvas siluetas suteikia kambariui gaivumo, o neutrali spalva leid\u017eia lengvai derinti su kitais baldais ir aksesuarais. Tai puikus pasirinkimas, jei norite sukurti erdv\u0119, kurioje svarbiausia yra stilius ir tvarka.<\/p>\n<p>Investuodami \u012f AVEK01 komod\u0105, ne tik pagerinsite savo interjero estetik\u0105, bet ir \u012fsigysite bald\u0105, kuris tarnaus ilgus metus. D\u0117l panaudot\u0173 med\u017eiag\u0173, toki\u0173 kaip MDF ir laminuotas korpusas, komoda sujungia patvarum\u0105 ir modern\u0173 dizain\u0105. Pasirinkite j\u0105 savo svetainei, miegamajam ar valgomajam ir m\u0117gaukit\u0117s elegancija bei organizuotumu, kurie supaprastins j\u016bs\u0173 kasdienyb\u0119.<\/p>","protected":false},"excerpt":{"rendered":"<p>Plotis (cm): 157,8<br \/>\n\u016agis (cm): 91,6<br \/>\nGylis (cm): 40<\/p>","protected":false},"featured_media":161975,"comment_status":"open","ping_status":"open","template":"","meta":[],"product_brand":[],"product_cat":[9471,1173,4107],"product_tag":[],"class_list":{"0":"post-161974","1":"product","2":"type-product","3":"status-publish","4":"has-post-thumbnail","6":"product_cat-furniture-system-avenale-wojcik-meble","7":"product_cat-chests-of-drawers","8":"product_cat-meble-wojcik","10":"first","11":"instock","12":"purchasable","13":"product-type-simple"},"_links":{"self":[{"href":"https:\/\/baldumarket.lt\/lt\/wp-json\/wp\/v2\/product\/161974","targetHints":{"allow":["GET"]}}],"collection":[{"href":"https:\/\/baldumarket.lt\/lt\/wp-json\/wp\/v2\/product"}],"about":[{"href":"https:\/\/baldumarket.lt\/lt\/wp-json\/wp\/v2\/types\/product"}],"replies":[{"embeddable":true,"href":"https:\/\/baldumarket.lt\/lt\/wp-json\/wp\/v2\/comments?post=161974"}],"wp:featuredmedia":[{"embeddable":true,"href":"https:\/\/baldumarket.lt\/lt\/wp-json\/wp\/v2\/media\/161975"}],"wp:attachment":[{"href":"https:\/\/baldumarket.lt\/lt\/wp-json\/wp\/v2\/media?parent=161974"}],"wp:term":[{"taxonomy":"product_brand","embeddable":true,"href":"https:\/\/baldumarket.lt\/lt\/wp-json\/wp\/v2\/product_brand?post=161974"},{"taxonomy":"product_cat","embeddable":true,"href":"https:\/\/baldumarket.lt\/lt\/wp-json\/wp\/v2\/product_cat?post=161974"},{"taxonomy":"product_tag","embeddable":true,"href":"https:\/\/baldumarket.lt\/lt\/wp-json\/wp\/v2\/product_tag?post=161974"}],"curies":[{"name":"wp","href":"https:\/\/api.w.org\/{rel}","templated":true}]}}