{"id":161970,"date":"2025-12-19T11:57:32","date_gmt":"2025-12-19T08:57:32","guid":{"rendered":"https:\/\/baldumarket.lt\/product\/avenale-avek01-komoda-2d3s-antracyt\/"},"modified":"2026-04-06T18:41:58","modified_gmt":"2026-04-06T15:41:58","slug":"avenale-avek01-komoda-2d3s-antracyt","status":"publish","type":"product","link":"https:\/\/baldumarket.lt\/lt\/product\/avenale-avek01-komoda-2d3s-antracyt\/","title":{"rendered":"Avenale AVEK01 &#8211; Komoda 2D3S Antracito spalvos"},"content":{"rendered":"<p>Atraskite modernum\u0105 ir funkcionalum\u0105 viename balde \u2013 AVENALE komodoje (modelis AVEK01). Tai ne tik prakti\u0161kas j\u016bs\u0173 interjero elementas, bet ir stilinga dekoracija. Antracito atspalvis traukia d\u0117mes\u012f moderniu dizainu, puikiai atitinkan\u010diu dabartines interjero dizaino tendencijas. \u0160i komoda yra puikus sprendimas, tarnaujantis kaip eleganti\u0161ka daikt\u0173 laikymo vieta ir suteikiantis bet kokiam kambariui charakterio bei stiliaus.<\/p>\n<p>157,8 cm plo\u010dio, 91,6 cm auk\u0161\u010dio ir 40 cm gylio AVENALE komoda puikiai tiks svetainei, miegamajam ar biurui, nes joje yra daug vietos susitvarkyti daiktus. Pagaminta i\u0161 auk\u0161tos kokyb\u0117s med\u017eiag\u0173, jos korpusas \u2013 laminuota med\u017eio dro\u017eli\u0173 plok\u0161t\u0117, u\u017etikrinanti ne tik patvarum\u0105, bet ir atsparum\u0105 pa\u017eeidimams. MDF ir med\u017eio dro\u017eli\u0173 plok\u0161\u010di\u0173 fasadai, apdailinti eleganti\u0161ka matine antracito spalva, yra lengvai valomi ir suteikia unikali\u0105 i\u0161vaizd\u0105.<\/p>\n<p>Komoda AVENALE buvo sukurta galvojant apie visapusi\u0161k\u0105 funkcionalum\u0105. Dvejos varstomos durys atveria erdv\u0173 vid\u0173, o trys erdv\u016bs stal\u010diai su pilno i\u0161traukimo rutuliniais guoliais leid\u017eia lengvai susitvarkyti daiktus. \u0160velnaus u\u017edarymo sistema leid\u017eia patogiai ir maloniai naudotis \u0161ia komoda \u2013 tai tikrai \u012fvertins kiekvienas naudotojas.<\/p>\n<p>Minimalistin\u012f stili\u0173 sustiprina ranken\u0173 nebuvimas, kurias pakeit\u0117 \u012fgilintas priekis, pabr\u0117\u017eiantis \u0161io modelio elegancij\u0105. Juodos metalin\u0117s kojel\u0117s ne tik suteikia stabilumo, bet ir suteikia visai indaujai modernumo. J\u0173 auk\u0161tis leid\u017eia lengvai naudotis valymo robotu, o tai labai svarbu \u0161iandieniniame pasaulyje, kai daugeliui i\u0161 m\u016bs\u0173 prioritetai yra patogumas ir laiko taupymas.<\/p>\n<p>AVENALE indauja yra unikalios kolekcijos, kurioje dera paprastumas ir elegancija, dalis. Ji puikiai tinka tiems, kurie vertina modern\u0173 stili\u0173 ir prakti\u0161kus sprendimus, nes buvo sukurta atsi\u017evelgiant \u012f kiekvien\u0105 detal\u0119. Trij\u0173 skirting\u0173 dekoro variant\u0173 d\u0117ka ji puikiai papildys \u012fvairius interjero dizainus. AVEK01 komoda yra ne tik baldas, bet ir j\u016bs\u0173 gyvenimo b\u016bdo i\u0161rai\u0161ka, derinanti estetik\u0105, funkcionalum\u0105 ir auk\u0161tos kokyb\u0117s meistri\u0161kum\u0105. Rinkit\u0117s modernum\u0105, rinkit\u0117s AVENALE!<\/p>","protected":false},"excerpt":{"rendered":"<p>Plotis (cm): 157,8<br \/>\n\u016agis (cm): 91,6<br \/>\nGylis (cm): 40<\/p>","protected":false},"featured_media":161971,"comment_status":"open","ping_status":"open","template":"","meta":[],"product_brand":[],"product_cat":[9471,1173,4107],"product_tag":[],"class_list":{"0":"post-161970","1":"product","2":"type-product","3":"status-publish","4":"has-post-thumbnail","6":"product_cat-furniture-system-avenale-wojcik-meble","7":"product_cat-chests-of-drawers","8":"product_cat-meble-wojcik","10":"first","11":"instock","12":"purchasable","13":"product-type-simple"},"_links":{"self":[{"href":"https:\/\/baldumarket.lt\/lt\/wp-json\/wp\/v2\/product\/161970","targetHints":{"allow":["GET"]}}],"collection":[{"href":"https:\/\/baldumarket.lt\/lt\/wp-json\/wp\/v2\/product"}],"about":[{"href":"https:\/\/baldumarket.lt\/lt\/wp-json\/wp\/v2\/types\/product"}],"replies":[{"embeddable":true,"href":"https:\/\/baldumarket.lt\/lt\/wp-json\/wp\/v2\/comments?post=161970"}],"wp:featuredmedia":[{"embeddable":true,"href":"https:\/\/baldumarket.lt\/lt\/wp-json\/wp\/v2\/media\/161971"}],"wp:attachment":[{"href":"https:\/\/baldumarket.lt\/lt\/wp-json\/wp\/v2\/media?parent=161970"}],"wp:term":[{"taxonomy":"product_brand","embeddable":true,"href":"https:\/\/baldumarket.lt\/lt\/wp-json\/wp\/v2\/product_brand?post=161970"},{"taxonomy":"product_cat","embeddable":true,"href":"https:\/\/baldumarket.lt\/lt\/wp-json\/wp\/v2\/product_cat?post=161970"},{"taxonomy":"product_tag","embeddable":true,"href":"https:\/\/baldumarket.lt\/lt\/wp-json\/wp\/v2\/product_tag?post=161970"}],"curies":[{"name":"wp","href":"https:\/\/api.w.org\/{rel}","templated":true}]}}