{"id":161966,"date":"2025-12-19T11:57:24","date_gmt":"2025-12-19T08:57:24","guid":{"rendered":"https:\/\/baldumarket.lt\/product\/avenale-avef03-komoda-rtv-2d1s-antracyt\/"},"modified":"2026-04-06T18:41:58","modified_gmt":"2026-04-06T15:41:58","slug":"avenale-avef03-komoda-rtv-2d1s-antracyt","status":"publish","type":"product","link":"https:\/\/baldumarket.lt\/lt\/product\/avenale-avef03-komoda-rtv-2d1s-antracyt\/","title":{"rendered":"Avenale AVEF03 &#8211; TV spintel\u0117 2D1S Antracito spalvos"},"content":{"rendered":"<p>Atraskite modernum\u0105 ir elegancij\u0105 su AVEF03 televizoriaus staliuku tamsiai antracito spalvos. \u0160is rafinuotas, garsaus prek\u0117s \u017eenklo \u201eMeble W\u00f3jcik\u201c sukurtas baldas pasi\u017eymi unikaliu dizainu, kuris puikiai dera su \u0161iuolaikin\u0117mis interjero dizaino tendencijomis. D\u0117l savo matmen\u0173 (plotis 207,8 cm, auk\u0161tis 64,5 cm, gylis 40 cm) jis idealiai tinka erdvioms svetain\u0117ms, kur taps multimedijos zonos traukos centru.<\/p>\n<p>Stilingas stovo pavir\u0161ius su ry\u0161kiais vertikaliais grioveliais traukia d\u0117mes\u012f ir suteikia charakterio bet kokiam interjerui. Lieknos metalin\u0117s kojel\u0117s ne tik suteikia lengvumo bendram dizainui, bet ir leid\u017eia lengvai valyti apa\u010di\u0105, o tai ne\u012fkainojama kasdien naudojant. D\u0117l minimalistin\u0117s i\u0161vaizdos AVEF03 puikiai dera su kitais AVENALE kolekcijos gaminiais, sukurdamas harmoning\u0105 ir esteti\u0161kai patraukli\u0105 erdv\u0119.<\/p>\n<p>\u0160io baldo funkcionalumas buvo sukurtas atsi\u017evelgiant \u012f \u0161iuolaikini\u0173 vartotoj\u0173 poreikius. Dvi \u0161velniai u\u017esidaran\u010dios varstomos durys slepia erdvias lentynas, puikiai tinkan\u010dias \u017eaidim\u0173 konsolei ar CD kolekcijai. Be to, diskreti\u0161ka ni\u0161a su atvira laid\u0173 prieiga leid\u017eia valdyti laidus, o tai labai svarbu bet kurioje pramog\u0173 zonoje. Tai padeda i\u0161vengti chaoso ir paver\u010dia j\u016bs\u0173 svetain\u0119 harmoninga ir tvarkinga erdve.<\/p>\n<p>Nepamir\u0161ti ir papildomi patogumai \u2013 erdvus stal\u010dius su pilno i\u0161traukimo rutuliniais guoliais puikiai tinka \u017eaidim\u0173 pultams, vadovams ar atsargin\u0117ms baterijoms laikyti. AVEF03 televizoriaus staliukas yra ne tik baldas, bet ir vieta tvarkymui bei daikt\u0173 laikymui, kuri leis atsipalaiduoti dar maloniau.<\/p>\n<p>Trumpai tariant, jei ie\u0161kote stilingo ir funkcionalaus televizoriaus staliuko, kuris j\u016bs\u0173 poilsio zonai suteiks nauj\u0105, eleganti\u0161k\u0105 dimensij\u0105, AVENALE televizoriaus staliuko komplektas yra puikus pasirinkimas. Pasirinkite AVEF03 ir pajusite skirtum\u0105 kiekvienoje detal\u0117je \u2013 susikurkite nam\u0173 kino teatr\u0105, kuris d\u017eiugins ne tik jus, bet ir j\u016bs\u0173 sve\u010dius!<\/p>","protected":false},"excerpt":{"rendered":"<p>Plotis (cm): 207,8<br \/>\n\u016agis (cm): 64,5<br \/>\nGylis (cm): 40<\/p>","protected":false},"featured_media":161967,"comment_status":"open","ping_status":"open","template":"","meta":[],"product_brand":[],"product_cat":[9471,4107,1175],"product_tag":[],"class_list":{"0":"post-161966","1":"product","2":"type-product","3":"status-publish","4":"has-post-thumbnail","6":"product_cat-furniture-system-avenale-wojcik-meble","7":"product_cat-meble-wojcik","8":"product_cat-tv-stands","10":"first","11":"instock","12":"purchasable","13":"product-type-simple"},"_links":{"self":[{"href":"https:\/\/baldumarket.lt\/lt\/wp-json\/wp\/v2\/product\/161966","targetHints":{"allow":["GET"]}}],"collection":[{"href":"https:\/\/baldumarket.lt\/lt\/wp-json\/wp\/v2\/product"}],"about":[{"href":"https:\/\/baldumarket.lt\/lt\/wp-json\/wp\/v2\/types\/product"}],"replies":[{"embeddable":true,"href":"https:\/\/baldumarket.lt\/lt\/wp-json\/wp\/v2\/comments?post=161966"}],"wp:featuredmedia":[{"embeddable":true,"href":"https:\/\/baldumarket.lt\/lt\/wp-json\/wp\/v2\/media\/161967"}],"wp:attachment":[{"href":"https:\/\/baldumarket.lt\/lt\/wp-json\/wp\/v2\/media?parent=161966"}],"wp:term":[{"taxonomy":"product_brand","embeddable":true,"href":"https:\/\/baldumarket.lt\/lt\/wp-json\/wp\/v2\/product_brand?post=161966"},{"taxonomy":"product_cat","embeddable":true,"href":"https:\/\/baldumarket.lt\/lt\/wp-json\/wp\/v2\/product_cat?post=161966"},{"taxonomy":"product_tag","embeddable":true,"href":"https:\/\/baldumarket.lt\/lt\/wp-json\/wp\/v2\/product_tag?post=161966"}],"curies":[{"name":"wp","href":"https:\/\/api.w.org\/{rel}","templated":true}]}}