{"id":161962,"date":"2025-12-19T11:57:16","date_gmt":"2025-12-19T08:57:16","guid":{"rendered":"https:\/\/baldumarket.lt\/product\/avenale-avek01-komoda-2d3s-bialy-alpejski-bialy-polysk\/"},"modified":"2026-04-06T18:41:58","modified_gmt":"2026-04-06T15:41:58","slug":"avenale-avek01-komoda-2d3s-bialy-alpejski-bialy-polysk","status":"publish","type":"product","link":"https:\/\/baldumarket.lt\/lt\/product\/avenale-avek01-komoda-2d3s-bialy-alpejski-bialy-polysk\/","title":{"rendered":"Avenale AVEK01 \u2013 Komoda 2D3S Alpi\u0173 balta blizgi balta"},"content":{"rendered":"<p>Kai stilius dera su funkcionalumu, sukuriama AVENALE AVEK01 komoda \u2013 puikus sprendimas bet kokiam interjerui. Subtilus Alpi\u0173 baltas atspalvis kartu su blizgia apdaila suteikia erdvei elegancijos ir lengvumo. \u0160is baldas lengvai tiks bet kuriame kambaryje \u2013 nuo modernios svetain\u0117s iki klasikinio prie\u0161kambario. Unikalus dizainas, pary\u0161kintas grioveliais i\u0161rai\u017eytais fasadais, traukia ak\u012f ir suteikia charakterio bet kokiam interjerui, tod\u0117l komoda yra ne tik prakti\u0161ka, bet ir esteti\u0161kai patraukli.<\/p>\n<p>\u0160i komoda \u017eavi ne tik savo apdaila, bet ir apgalvotu organizavimu. Jos viduje yra keturios lentynos, kuriose yra pakankamai vietos visiems j\u016bs\u0173 reikmenims \u2013 nuo knyg\u0173 iki dekoratyvini\u0173 aksesuar\u0173. Dvi tylios durel\u0117s leid\u017eia ja naudotis ne tik patogiai, bet ir diskreti\u0161kai, nes atidarant negird\u0117ti triuk\u0161mo. Be to, trys plat\u016bs stal\u010diai su visi\u0161kai i\u0161traukiamais b\u0117geliais leid\u017eia lengvai pasiekti laikomus daiktus, o tai \u017eymiai supaprastina kasdieni\u0173 u\u017eduo\u010di\u0173 organizavim\u0105.<\/p>\n<p>Vaik\u0161tant po kambar\u012f, tikrai \u012fvertinsite \u0161io baldo prakti\u0161kum\u0105. Eleganti\u0161kos metalin\u0117s kojel\u0117s pakelia komod\u0105 12 cm, suteikdamos papildomo prana\u0161umo kasdieniam naudojimui. Be to, kad padidina estetin\u012f patrauklum\u0105, jos taip pat leid\u017eia lengvai valyti apa\u010di\u0105, o tai labai svarbu ank\u0161toje erdv\u0117je. D\u0117l to AVEK01 yra puikus kompanionas tiems, kurie vertina tvark\u0105 ir funkcionalum\u0105 savo gyvenime.<\/p>\n<p>Kai ryto saul\u0117 atsispindi nuo blizgan\u010di\u0173 AVENALE komodos fasad\u0173, j\u016bs\u0173 interjeras \u012fgauna ne tik daugiau \u0161viesos, bet ir tvarkos poj\u016bt\u012f, atne\u0161ant\u012f ramyb\u0119 ir harmonij\u0105. Leiskite \u0161iam eleganti\u0161kam baldui pakeisti j\u016bs\u0173 namus, idealiai derinant prakti\u0161kum\u0105 ir estetik\u0105. Pasirinkdami AVEK01 komod\u0105, investuojate \u012f gamin\u012f, kuris taps ne tik dekoratyviniu elementu, bet ir prakti\u0161ku sprendimu j\u016bs\u0173 kasdieniams poreikiams.<\/p>","protected":false},"excerpt":{"rendered":"<p>Plotis (cm): 157,8<br \/>\n\u016agis (cm): 91,6<br \/>\nGylis (cm): 40<\/p>","protected":false},"featured_media":161963,"comment_status":"open","ping_status":"open","template":"","meta":[],"product_brand":[],"product_cat":[9471,1173,4107],"product_tag":[],"class_list":{"0":"post-161962","1":"product","2":"type-product","3":"status-publish","4":"has-post-thumbnail","6":"product_cat-furniture-system-avenale-wojcik-meble","7":"product_cat-chests-of-drawers","8":"product_cat-meble-wojcik","10":"first","11":"instock","12":"purchasable","13":"product-type-simple"},"_links":{"self":[{"href":"https:\/\/baldumarket.lt\/lt\/wp-json\/wp\/v2\/product\/161962","targetHints":{"allow":["GET"]}}],"collection":[{"href":"https:\/\/baldumarket.lt\/lt\/wp-json\/wp\/v2\/product"}],"about":[{"href":"https:\/\/baldumarket.lt\/lt\/wp-json\/wp\/v2\/types\/product"}],"replies":[{"embeddable":true,"href":"https:\/\/baldumarket.lt\/lt\/wp-json\/wp\/v2\/comments?post=161962"}],"wp:featuredmedia":[{"embeddable":true,"href":"https:\/\/baldumarket.lt\/lt\/wp-json\/wp\/v2\/media\/161963"}],"wp:attachment":[{"href":"https:\/\/baldumarket.lt\/lt\/wp-json\/wp\/v2\/media?parent=161962"}],"wp:term":[{"taxonomy":"product_brand","embeddable":true,"href":"https:\/\/baldumarket.lt\/lt\/wp-json\/wp\/v2\/product_brand?post=161962"},{"taxonomy":"product_cat","embeddable":true,"href":"https:\/\/baldumarket.lt\/lt\/wp-json\/wp\/v2\/product_cat?post=161962"},{"taxonomy":"product_tag","embeddable":true,"href":"https:\/\/baldumarket.lt\/lt\/wp-json\/wp\/v2\/product_tag?post=161962"}],"curies":[{"name":"wp","href":"https:\/\/api.w.org\/{rel}","templated":true}]}}