{"id":161958,"date":"2025-12-19T11:57:08","date_gmt":"2025-12-19T08:57:08","guid":{"rendered":"https:\/\/baldumarket.lt\/product\/avenale-avef03-komoda-rtv-2d1s-bialy-alpejski-bialy-polysk\/"},"modified":"2026-04-06T18:41:58","modified_gmt":"2026-04-06T15:41:58","slug":"avenale-avef03-komoda-rtv-2d1s-bialy-alpejski-bialy-polysk","status":"publish","type":"product","link":"https:\/\/baldumarket.lt\/lt\/product\/avenale-avef03-komoda-rtv-2d1s-bialy-alpejski-bialy-polysk\/","title":{"rendered":"Avenale AVEF03 &#8211; TV spintel\u0117 2D1S Alpi\u0173 balta blizgi balta"},"content":{"rendered":"<p>AVENALE televizoriaus staliukas \u2013 puikus pasirinkimas tiems, kurie nori savo svetain\u0117je sukurti eleganti\u0161k\u0105 ir funkcionali\u0105 multimedijos zon\u0105. Alpi\u0173 baltumo spalvos su subtiliu blizgesiu \u0161is baldas ne tik traukia ak\u012f, bet ir suteikia bet kokiam interjerui lengvumo. Vertikaliai grioveliai priekyje suardo minimalistin\u0119 estetik\u0105, tod\u0117l staliukas tampa ry\u0161kiu akcentu j\u016bs\u0173 erdv\u0117je. Lieknos, juodos kojel\u0117s pabr\u0117\u017eia modern\u0173 stili\u0173 ir puikiai dera prie \u0161iuolaikini\u0173 dizaino tendencij\u0173.<\/p>\n<p>Be unikalaus dizaino, AVENALE televizoriaus staliukas buvo sukurtas galvojant apie kasdien\u012f funkcionalum\u0105. Jo matmenys (207,8 x 64,5 x 40 cm) suteikia pakankamai erdv\u0117s visiems svarbiausiems audiovizualiniams priedams. Kair\u0117je stovo pus\u0117je yra dvejos \u0161velniai u\u017esidaran\u010dios durel\u0117s, u\u017e kuri\u0173 slypi pla\u010dios lentynos, puikiai tinkan\u010dios garsiakalbiams, kompaktiniams diskams ar laidams laikyti. De\u0161in\u0117je pus\u0117je esanti ni\u0161a su laid\u0173 i\u0161vestimi puikiai tinka pried\u0117liui ar konsolei, tod\u0117l patogu prijungti \u012frenginius.<\/p>\n<p>Spintel\u0117s apa\u010dioje yra prakti\u0161kas stal\u010dius ant pilno i\u0161traukimo rutulini\u0173 guoli\u0173 b\u0117geli\u0173, kuriame tilps visi reikalingi daiktai, pavyzd\u017eiui, \u017eaidim\u0173 pulteliai, nuotolinio valdymo pulteliai ar m\u0117gstami stalo \u017eaidimai. Pasirinkdami AVENALE televizoriaus spintel\u0119, investuojate \u012f stiling\u0105 ir funkcional\u0173 gamin\u012f. D\u0117l laminuotos med\u017eio dro\u017eli\u0173 plok\u0161t\u0117s ir MDF fasad\u0173 \u0161is baldas yra atsparus kasdieniam naudojimui, tod\u0117l tarnaus daugel\u012f met\u0173.<\/p>\n<p>B\u016bdama ry\u0161kiu nam\u0173 pramog\u0173 centru, AVENALE spintel\u0117 ne tik sutvarkys visus j\u016bs\u0173 aksesuarus, bet ir pagyvins erdv\u0119. Galite j\u0105 naudoti vien\u0105 kaip minimalistinio dizaino element\u0105 arba derinti su kitais kolekcijos baldais ir sukurti unikal\u0173, modulin\u012f komplekt\u0105. \u012evairios spalv\u0173 gamos \u2013 ka\u0161myro, antracito ir baltos \u2013 bei dyd\u017eiai leid\u017eia lengvai priderinti baldus prie j\u016bs\u0173 svetain\u0117s dyd\u017eio ir stiliaus. M\u0117gaukit\u0117s funkcionaliu elegancija kiekvien\u0105 dien\u0105 pasirinkdami AVENALE televizoriaus spintel\u0119 kaip pagrindin\u012f savo interjero element\u0105.<\/p>","protected":false},"excerpt":{"rendered":"<p>Plotis (cm): 207,8<br \/>\n\u016agis (cm): 64,5<br \/>\nGylis (cm): 40<\/p>","protected":false},"featured_media":161959,"comment_status":"open","ping_status":"open","template":"","meta":[],"product_brand":[],"product_cat":[9471,4107,1175],"product_tag":[],"class_list":{"0":"post-161958","1":"product","2":"type-product","3":"status-publish","4":"has-post-thumbnail","6":"product_cat-furniture-system-avenale-wojcik-meble","7":"product_cat-meble-wojcik","8":"product_cat-tv-stands","10":"first","11":"instock","12":"purchasable","13":"product-type-simple"},"_links":{"self":[{"href":"https:\/\/baldumarket.lt\/lt\/wp-json\/wp\/v2\/product\/161958","targetHints":{"allow":["GET"]}}],"collection":[{"href":"https:\/\/baldumarket.lt\/lt\/wp-json\/wp\/v2\/product"}],"about":[{"href":"https:\/\/baldumarket.lt\/lt\/wp-json\/wp\/v2\/types\/product"}],"replies":[{"embeddable":true,"href":"https:\/\/baldumarket.lt\/lt\/wp-json\/wp\/v2\/comments?post=161958"}],"wp:featuredmedia":[{"embeddable":true,"href":"https:\/\/baldumarket.lt\/lt\/wp-json\/wp\/v2\/media\/161959"}],"wp:attachment":[{"href":"https:\/\/baldumarket.lt\/lt\/wp-json\/wp\/v2\/media?parent=161958"}],"wp:term":[{"taxonomy":"product_brand","embeddable":true,"href":"https:\/\/baldumarket.lt\/lt\/wp-json\/wp\/v2\/product_brand?post=161958"},{"taxonomy":"product_cat","embeddable":true,"href":"https:\/\/baldumarket.lt\/lt\/wp-json\/wp\/v2\/product_cat?post=161958"},{"taxonomy":"product_tag","embeddable":true,"href":"https:\/\/baldumarket.lt\/lt\/wp-json\/wp\/v2\/product_tag?post=161958"}],"curies":[{"name":"wp","href":"https:\/\/api.w.org\/{rel}","templated":true}]}}