{"id":161954,"date":"2025-12-19T11:56:59","date_gmt":"2025-12-19T08:56:59","guid":{"rendered":"https:\/\/baldumarket.lt\/product\/avenale-avef03-komoda-rtv-2d1s-cashmere\/"},"modified":"2026-04-06T18:41:58","modified_gmt":"2026-04-06T15:41:58","slug":"avenale-avef03-komoda-rtv-2d1s-cashmere","status":"publish","type":"product","link":"https:\/\/baldumarket.lt\/lt\/product\/avenale-avef03-komoda-rtv-2d1s-cashmere\/","title":{"rendered":"Avenale AVEF03 &#8211; TV komoda 2D1S Ka\u0161myro spalvos"},"content":{"rendered":"<p>Atraskite elegancij\u0105 ir funkcionalum\u0105 viename i\u0161 naujausi\u0173 AVENALE kolekcijos modeli\u0173 \u2013 AVEF03 televizoriaus staliuke, kurio spalva \u017eavi ka\u0161myro spalva. \u0160is unikalus, 207,8 x 64,5 x 40 cm dyd\u017eio staliukas \u2013 puikus sprendimas norint sukurti stiling\u0105 multimedijos zon\u0105 svetain\u0117je. \u0160ilti atspalviai puikiai dera su minimalistiniu dekoru, suteikdami interjerui jaukumo ir harmoningumo.<\/p>\n<p>AVEF03 stovas pasi\u017eymi ne tik gra\u017eaus dizaino, bet ir apgalvotais sprendimais, kurie palengvins j\u016bs\u0173 kasdienyb\u0119. D\u0117l dviej\u0173 \u0161velniai u\u017esidaran\u010di\u0173 dureli\u0173 ir atvir\u0173 ni\u0161\u0173 tur\u0117site puiki\u0105 viet\u0105 garso ir vaizdo \u012frangai bei \u012fvairiems priedams laikyti. Atrasite, kaip lengva sutvarkyti vinilo plok\u0161teli\u0173 ar laid\u0173 kolekcij\u0105, pa\u0161alinant netvark\u0105 ir u\u017etikrinant tvarking\u0105 visos erdv\u0117s i\u0161vaizd\u0105.<\/p>\n<p>Spintel\u0117s funkcionalum\u0105 papildo eleganti\u0161kas stal\u010dius ant pilno i\u0161traukimo rutulini\u0173 guoli\u0173 b\u0117geli\u0173, kuriame telpa viskas, ko reikia norint be vargo naudotis technologijomis \u2013 nuo valdymo svirteli\u0173 iki \u012fkrovikli\u0173 ir nuotolinio valdymo pulteli\u0173. Be to, metalin\u0117s kojel\u0117s ir subtilus vertikalus frezavimas suteikia lengvumo ir modernaus elegancijos, tuo pa\u010diu i\u0161laikant naujausias dizaino tendencijas.<\/p>\n<p>\u012erengti svetain\u0119 taip, kad stilius der\u0117t\u0173 su kasdieniu prakti\u0161kumu, dabar lengviau nei bet kada anks\u010diau. AVEF03 televizoriaus staliukas i\u0161 ka\u0161myro \u2013 puikus pasirinkimas tiems, kurie svajoja apie harmoning\u0105 interjer\u0105, kuriame kiekvienas filmo \u017ei\u016br\u0117jimo ar \u017eaidimo vakaras vykt\u0173 malonioje ir tvarkingoje aplinkoje. Pasirinkite \u0161\u012f staliuk\u0105, kad savo nam\u0173 erdvei suteiktum\u0117te elegancijos ir tvarkos.<\/p>","protected":false},"excerpt":{"rendered":"<p>Plotis (cm): 207,8<br \/>\n\u016agis (cm): 64,5<br \/>\nGylis (cm): 40<\/p>","protected":false},"featured_media":161955,"comment_status":"open","ping_status":"open","template":"","meta":[],"product_brand":[],"product_cat":[9471,4107,1175],"product_tag":[],"class_list":{"0":"post-161954","1":"product","2":"type-product","3":"status-publish","4":"has-post-thumbnail","6":"product_cat-furniture-system-avenale-wojcik-meble","7":"product_cat-meble-wojcik","8":"product_cat-tv-stands","10":"first","11":"instock","12":"purchasable","13":"product-type-simple"},"_links":{"self":[{"href":"https:\/\/baldumarket.lt\/lt\/wp-json\/wp\/v2\/product\/161954","targetHints":{"allow":["GET"]}}],"collection":[{"href":"https:\/\/baldumarket.lt\/lt\/wp-json\/wp\/v2\/product"}],"about":[{"href":"https:\/\/baldumarket.lt\/lt\/wp-json\/wp\/v2\/types\/product"}],"replies":[{"embeddable":true,"href":"https:\/\/baldumarket.lt\/lt\/wp-json\/wp\/v2\/comments?post=161954"}],"wp:featuredmedia":[{"embeddable":true,"href":"https:\/\/baldumarket.lt\/lt\/wp-json\/wp\/v2\/media\/161955"}],"wp:attachment":[{"href":"https:\/\/baldumarket.lt\/lt\/wp-json\/wp\/v2\/media?parent=161954"}],"wp:term":[{"taxonomy":"product_brand","embeddable":true,"href":"https:\/\/baldumarket.lt\/lt\/wp-json\/wp\/v2\/product_brand?post=161954"},{"taxonomy":"product_cat","embeddable":true,"href":"https:\/\/baldumarket.lt\/lt\/wp-json\/wp\/v2\/product_cat?post=161954"},{"taxonomy":"product_tag","embeddable":true,"href":"https:\/\/baldumarket.lt\/lt\/wp-json\/wp\/v2\/product_tag?post=161954"}],"curies":[{"name":"wp","href":"https:\/\/api.w.org\/{rel}","templated":true}]}}