{"id":161950,"date":"2025-12-19T11:56:51","date_gmt":"2025-12-19T08:56:51","guid":{"rendered":"https:\/\/baldumarket.lt\/product\/avenale-avef01-komoda-rtv-2d1s-antracyt\/"},"modified":"2026-04-06T18:41:58","modified_gmt":"2026-04-06T15:41:58","slug":"avenale-avef01-komoda-rtv-2d1s-antracyt","status":"publish","type":"product","link":"https:\/\/baldumarket.lt\/lt\/product\/avenale-avef01-komoda-rtv-2d1s-antracyt\/","title":{"rendered":"Avenale AVEF01 &#8211; TV spintel\u0117 2D1S Antracito spalvos"},"content":{"rendered":"<p>\u201eAVENALE\u201c kolekcija puikiai tinka visiems, norintiems sukurti eleganti\u0161k\u0105, ta\u010diau funkcionali\u0105 multimedijos zon\u0105 savo namuose. AVEF01 televizoriaus staliukas, kurio plotis \u2013 157,8 cm, auk\u0161tis \u2013 65,4 cm, o gylis \u2013 40 cm, \u017eavi savo sodriu antracito atspalviu, suteikian\u010diu erdvei unikal\u0173 charakter\u012f. Lieknos juodos kojel\u0117s ir vertikaliai grioveliais i\u0161rai\u017eyti fasadai sukuria harmoning\u0105 visum\u0105, puikiai papildan\u010di\u0105 modern\u0173 ir minimalistin\u012f interjerus.<\/p>\n<p>Didelis AVEF01 televizoriaus staliuko privalumas \u2013 jo pritaikomumas \u012fvairiems interjerams. Matinis pavir\u0161ius, efektyviai sugeriantis \u0161vies\u0105, sustiprina jauki\u0105 atmosfer\u0105 ir suteikia bet kokiai svetainei rafinuoto gylio. Derinti j\u012f su kitais tos pa\u010dios kolekcijos baldais, pavyzd\u017eiui, ka\u0161myro ar baltos spalvos, yra tikras malonumas, leid\u017eiantis sukurti unikali\u0105 erdv\u0119.<\/p>\n<p>\u0160io baldo funkcionalumas nesibaigia vien estetika. Stovas turi dvi pla\u010dias lentynas, kuriose tilps viskas, ko reikia nam\u0173 kinui \u2013 nuo garsiakalbi\u0173 iki m\u0117gstam\u0173 kompaktini\u0173 disk\u0173. Atvira ni\u0161a su kabelio \u012fvadu suteikia patog\u0173 laikym\u0105 pried\u0117liui ar konsolei, o papildomas stal\u010dius ant pilno i\u0161traukimo rutulini\u0173 guoli\u0173 b\u0117geli\u0173 yra puiki vieta nuotolinio valdymo pultams, \u017eaidim\u0173 pultams ir vadovams. Tai u\u017etikrina, kad kiekvienas daiktas ras savo viet\u0105, tod\u0117l svetain\u0117 taps tvarkingesn\u0117.<\/p>\n<p>Metalin\u0117s kojel\u0117s garantuoja ne tik stabilum\u0105, bet ir lengv\u0105 valym\u0105. D\u0117l 12 centimetr\u0173 pro\u0161vaisos robotas dulki\u0173 siurblys pasiekia sunkiai pasiekiamas vietas, supaprastindamas kasdien\u0119 prie\u017ei\u016br\u0105. AVEF01 televizoriaus staliukas yra ne tik gra\u017eus, bet ir prakti\u0161kas, skland\u017eiai \u012fsiliejantis \u012f kasdienio gyvenimo ritm\u0105.<\/p>\n<p>Pasirinkdami televizoriaus staliuk\u0105 i\u0161 AVENALE kolekcijos, renkat\u0117s komfort\u0105, elegancij\u0105 ir apgalvotus sprendimus, atitinkan\u010dius auk\u0161\u010diausius \u0161iuolaikinio dizaino standartus. Pad\u0117kite televizori\u0173 ant stalo ir visa kita taps lengviau nei bet kada anks\u010diau, leisdami m\u0117gautis kiekviena akimirka namuose.<\/p>","protected":false},"excerpt":{"rendered":"<p>Plotis (cm): 157,8<br \/>\n\u016agis (cm): 65,4<br \/>\nGylis (cm): 40<\/p>","protected":false},"featured_media":161951,"comment_status":"open","ping_status":"open","template":"","meta":[],"product_brand":[],"product_cat":[9471,4107,1175],"product_tag":[],"class_list":{"0":"post-161950","1":"product","2":"type-product","3":"status-publish","4":"has-post-thumbnail","6":"product_cat-furniture-system-avenale-wojcik-meble","7":"product_cat-meble-wojcik","8":"product_cat-tv-stands","10":"first","11":"instock","12":"purchasable","13":"product-type-simple"},"_links":{"self":[{"href":"https:\/\/baldumarket.lt\/lt\/wp-json\/wp\/v2\/product\/161950","targetHints":{"allow":["GET"]}}],"collection":[{"href":"https:\/\/baldumarket.lt\/lt\/wp-json\/wp\/v2\/product"}],"about":[{"href":"https:\/\/baldumarket.lt\/lt\/wp-json\/wp\/v2\/types\/product"}],"replies":[{"embeddable":true,"href":"https:\/\/baldumarket.lt\/lt\/wp-json\/wp\/v2\/comments?post=161950"}],"wp:featuredmedia":[{"embeddable":true,"href":"https:\/\/baldumarket.lt\/lt\/wp-json\/wp\/v2\/media\/161951"}],"wp:attachment":[{"href":"https:\/\/baldumarket.lt\/lt\/wp-json\/wp\/v2\/media?parent=161950"}],"wp:term":[{"taxonomy":"product_brand","embeddable":true,"href":"https:\/\/baldumarket.lt\/lt\/wp-json\/wp\/v2\/product_brand?post=161950"},{"taxonomy":"product_cat","embeddable":true,"href":"https:\/\/baldumarket.lt\/lt\/wp-json\/wp\/v2\/product_cat?post=161950"},{"taxonomy":"product_tag","embeddable":true,"href":"https:\/\/baldumarket.lt\/lt\/wp-json\/wp\/v2\/product_tag?post=161950"}],"curies":[{"name":"wp","href":"https:\/\/api.w.org\/{rel}","templated":true}]}}