{"id":161946,"date":"2025-12-19T11:56:43","date_gmt":"2025-12-19T08:56:43","guid":{"rendered":"https:\/\/baldumarket.lt\/product\/avenale-avef01-komoda-rtv-2d1s-cashmere\/"},"modified":"2026-04-06T18:41:49","modified_gmt":"2026-04-06T15:41:49","slug":"avenale-avef01-komoda-rtv-2d1s-cashmere","status":"publish","type":"product","link":"https:\/\/baldumarket.lt\/lt\/product\/avenale-avef01-komoda-rtv-2d1s-cashmere\/","title":{"rendered":"Avenale AVEF01 &#8211; TV komoda 2D1S Ka\u0161myro spalvos"},"content":{"rendered":"<p>\u201eAvenale AVEF01\u201c televizoriaus staliukas \u2013 puikus pasirinkimas tiems, kurie nori eleganti\u0161kai suprojektuoti savo poilsio erdv\u0119. Minimalistinis dizainas su vertikaliais i\u0161pjovimais pary\u0161kina interjer\u0105, suteikdamas jam modernumo, o \u0161ilta ka\u0161myro apdaila sukuria jauki\u0105 atmosfer\u0105. \u0160is 157,8 cm plo\u010dio ir 65,4 cm auk\u0161\u010dio staliukas puikiai tinka moderniam televizoriui ir yra puiki vieta laikyti b\u016btiniausius aksesuarus.<\/p>\n<p>Pagamintas i\u0161 auk\u0161tos kokyb\u0117s med\u017eiag\u0173, \u201eAvenale\u201c stovas derina estetik\u0105 ir funkcionalum\u0105. Matin\u0117s apdailos MDF fasadai ne tik atrodo eleganti\u0161kai, bet ir lengvai valomi. D\u0117l tyli\u0173 vyri\u0173 dureli\u0173 atidarymas yra itin patogus, tod\u0117l naudotis jomis \u2013 tikras malonumas. Viduje yra erdvios lentynos ir gilus stal\u010dius, puikiai tinkantis laikyti visus svarbiausius priedus, tokius kaip \u017eaidim\u0173 pulteliai ir nuotolinio valdymo pulteliai.<\/p>\n<p>\u201eAvenale AVEF01\u201c stovas ne tik atrodo gra\u017eiai, bet ir yra prakti\u0161kas. Atvira ni\u0161a su laid\u0173 tvarkymo sistema yra puikus sprendimas konsoli\u0173 ir pried\u0117li\u0173 naudotojams, u\u017etikrinantis laid\u0173 tvarkym\u0105. Metalin\u0117s kojel\u0117s, kurios pakelia \u012frengin\u012f 12 cm, u\u017etikrina lengv\u0105 valym\u0105 ir modern\u0173 vaizd\u0105, o minimalistinis dizainas papildys bet kok\u012f interjer\u0105.<\/p>\n<p>Vakare \u012fjungus subtil\u0173 ap\u0161vietim\u0105, matinis ka\u0161myro pavir\u0161ius sukurs maloni\u0105 atmosfer\u0105 j\u016bs\u0173 svetain\u0117je, puikiai tinkan\u010di\u0105 \u017ei\u016br\u0117ti filmus ar vakaro \u017eaidim\u0173 sesijoms. \u201eAvenale AVEF01\u201c yra ne tik baldas; tai kvietimas atsipalaiduoti jaukioje atmosferoje. Papildykite savo erdv\u0119 kitais \u0161ios kolekcijos baldais, sukurdami harmoning\u0105, modulin\u012f vienet\u0105, kuriame kiekviena detal\u0117 ras savo viet\u0105.<\/p>\n<p>Pasirink\u0119 \u201eAvenale AVEF01\u201c televizoriaus staliuk\u0105, gausite ne tik stiling\u0105 bald\u0105, bet ir funkcionalum\u0105 bei komfort\u0105, b\u016btin\u0105 bet kurioje modernioje erdv\u0117je. Su \u201eAvenale\u201c susikurkite tobul\u0105 poilsio viet\u0105, kur kiekvienas vakaras gali b\u016bti stebuklingas!<\/p>","protected":false},"excerpt":{"rendered":"<p>Plotis (cm): 157,8<br \/>\n\u016agis (cm): 65,4<br \/>\nGylis (cm): 40<\/p>","protected":false},"featured_media":161947,"comment_status":"open","ping_status":"open","template":"","meta":[],"product_brand":[],"product_cat":[9471,4107,1175],"product_tag":[],"class_list":{"0":"post-161946","1":"product","2":"type-product","3":"status-publish","4":"has-post-thumbnail","6":"product_cat-furniture-system-avenale-wojcik-meble","7":"product_cat-meble-wojcik","8":"product_cat-tv-stands","10":"first","11":"instock","12":"purchasable","13":"product-type-simple"},"_links":{"self":[{"href":"https:\/\/baldumarket.lt\/lt\/wp-json\/wp\/v2\/product\/161946","targetHints":{"allow":["GET"]}}],"collection":[{"href":"https:\/\/baldumarket.lt\/lt\/wp-json\/wp\/v2\/product"}],"about":[{"href":"https:\/\/baldumarket.lt\/lt\/wp-json\/wp\/v2\/types\/product"}],"replies":[{"embeddable":true,"href":"https:\/\/baldumarket.lt\/lt\/wp-json\/wp\/v2\/comments?post=161946"}],"wp:featuredmedia":[{"embeddable":true,"href":"https:\/\/baldumarket.lt\/lt\/wp-json\/wp\/v2\/media\/161947"}],"wp:attachment":[{"href":"https:\/\/baldumarket.lt\/lt\/wp-json\/wp\/v2\/media?parent=161946"}],"wp:term":[{"taxonomy":"product_brand","embeddable":true,"href":"https:\/\/baldumarket.lt\/lt\/wp-json\/wp\/v2\/product_brand?post=161946"},{"taxonomy":"product_cat","embeddable":true,"href":"https:\/\/baldumarket.lt\/lt\/wp-json\/wp\/v2\/product_cat?post=161946"},{"taxonomy":"product_tag","embeddable":true,"href":"https:\/\/baldumarket.lt\/lt\/wp-json\/wp\/v2\/product_tag?post=161946"}],"curies":[{"name":"wp","href":"https:\/\/api.w.org\/{rel}","templated":true}]}}