{"id":161942,"date":"2025-12-19T11:56:35","date_gmt":"2025-12-19T08:56:35","guid":{"rendered":"https:\/\/baldumarket.lt\/product\/avenale-avef01-komoda-rtv-2d1s-bialy-alpejski-bialy-polysk\/"},"modified":"2026-04-06T18:41:49","modified_gmt":"2026-04-06T15:41:49","slug":"avenale-avef01-komoda-rtv-2d1s-bialy-alpejski-bialy-polysk","status":"publish","type":"product","link":"https:\/\/baldumarket.lt\/lt\/product\/avenale-avef01-komoda-rtv-2d1s-bialy-alpejski-bialy-polysk\/","title":{"rendered":"Avenale AVEF01 \u2013 TV spintel\u0117 2D1S Alpi\u0173 balta blizgi balta"},"content":{"rendered":"<p>\u201eAvenale AVEF01\u201c televizoriaus staliukas \u2013 tai unikalus dizaino elementas, suteikiantis j\u016bs\u0173 svetainei neabejotino stiliaus ir elegancijos. Blizgios Alpi\u0173 baltos spalvos apdaila puikiai derina estetik\u0105 ir funkcionalum\u0105. Vertikal\u016bs grioveliai dureli\u0173 priekin\u0117se dalyse suteikia visam staliukui unikal\u0173 charakter\u012f, o modernios, juodos metalin\u0117s kojel\u0117s suteikia lengvumo, sukurdamos \u012fdom\u0173 kontrast\u0105 su \u0161viesia bald\u0173 spalva.<\/p>\n<p>157,8 x 65,4 x 40 cm dyd\u017eio AVEF01 stovas buvo sukurtas atsi\u017evelgiant \u012f maksimal\u0173 funkcionalum\u0105. Jo i\u0161manus i\u0161d\u0117stymas suteikia vietos tiek garso \u012frangai, tiek m\u0117gstam\u0173 album\u0173 kolekcijai. Kair\u0117je pus\u0117je po \u0161velniai u\u017esidaran\u010diomis durel\u0117mis slepiasi dvi prakti\u0161kos lentynos, idealiai tinkan\u010dios \u012fvairiems priedams laikyti. De\u0161in\u0117je pus\u0117je esanti atvira ni\u0161a su kabelio i\u0161vadu idealiai tinka pried\u0117liui ar \u017eaidim\u0173 konsolei, o gilus stal\u010dius ant pilno i\u0161traukimo rutulini\u0173 guoli\u0173 b\u0117geli\u0173 suteikia patogi\u0105 prieig\u0105 prie laikom\u0173 daikt\u0173.<\/p>\n<p>AVEF01 i\u0161skirtinum\u0105 lemia ne tik funkcionalumas. Alpi\u0173 balta spalva suteikia gaivumo ir atspindi \u0161vies\u0105, suteikdama erdv\u0117s poj\u016bt\u012f net ir ma\u017eoms erdv\u0117ms. Derindami \u0161i\u0105 indauja su kitais AVENALE serijos elementais, galite sukurti darn\u0173 ir harmoning\u0105 i\u0161d\u0117stym\u0105. Prid\u0117j\u0119 ka\u0161myro arba antracito atspalvi\u0173 akcentus, sukursite mading\u0105, dviej\u0173 spalv\u0173 \u012fvaizd\u012f, kuris tikrai patrauks kiekvieno sve\u010dio ak\u012f.<\/p>\n<p>\u201eAvenale AVEF01\u201c televizoriaus staliukas yra daugiau nei tiesiog baldas \u2013 tai stilingas j\u016bs\u0173 nam\u0173 papildymas, leid\u017eiantis eleganti\u0161kai sutvarkyti multimedijos zon\u0105. Modernaus dizaino, auk\u0161tos kokyb\u0117s med\u017eiag\u0173 ir funkcionali\u0173 sprendim\u0173 derinys daro j\u012f puikiu pasirinkimu visiems, kurie vertina stili\u0173 ir patogum\u0105 kasdieniame gyvenime. Tegul kiekvienas filmas ir vaizdo \u017eaidimas atsiskleid\u017eia harmoningoje aplinkoje, kuri d\u017eiugina savo i\u0161vaizda.<\/p>","protected":false},"excerpt":{"rendered":"<p>Plotis (cm): 157,8<br \/>\n\u016agis (cm): 65,4<br \/>\nGylis (cm): 40<\/p>","protected":false},"featured_media":161943,"comment_status":"open","ping_status":"open","template":"","meta":[],"product_brand":[],"product_cat":[9471,4107,1175],"product_tag":[],"class_list":{"0":"post-161942","1":"product","2":"type-product","3":"status-publish","4":"has-post-thumbnail","6":"product_cat-furniture-system-avenale-wojcik-meble","7":"product_cat-meble-wojcik","8":"product_cat-tv-stands","10":"first","11":"instock","12":"purchasable","13":"product-type-simple"},"_links":{"self":[{"href":"https:\/\/baldumarket.lt\/lt\/wp-json\/wp\/v2\/product\/161942","targetHints":{"allow":["GET"]}}],"collection":[{"href":"https:\/\/baldumarket.lt\/lt\/wp-json\/wp\/v2\/product"}],"about":[{"href":"https:\/\/baldumarket.lt\/lt\/wp-json\/wp\/v2\/types\/product"}],"replies":[{"embeddable":true,"href":"https:\/\/baldumarket.lt\/lt\/wp-json\/wp\/v2\/comments?post=161942"}],"wp:featuredmedia":[{"embeddable":true,"href":"https:\/\/baldumarket.lt\/lt\/wp-json\/wp\/v2\/media\/161943"}],"wp:attachment":[{"href":"https:\/\/baldumarket.lt\/lt\/wp-json\/wp\/v2\/media?parent=161942"}],"wp:term":[{"taxonomy":"product_brand","embeddable":true,"href":"https:\/\/baldumarket.lt\/lt\/wp-json\/wp\/v2\/product_brand?post=161942"},{"taxonomy":"product_cat","embeddable":true,"href":"https:\/\/baldumarket.lt\/lt\/wp-json\/wp\/v2\/product_cat?post=161942"},{"taxonomy":"product_tag","embeddable":true,"href":"https:\/\/baldumarket.lt\/lt\/wp-json\/wp\/v2\/product_tag?post=161942"}],"curies":[{"name":"wp","href":"https:\/\/api.w.org\/{rel}","templated":true}]}}