{"id":161938,"date":"2025-12-19T11:56:27","date_gmt":"2025-12-19T08:56:27","guid":{"rendered":"https:\/\/baldumarket.lt\/product\/amarillo-amas01-szafa-2-drzwiowa-orzech-zulawski-moonlight-classic\/"},"modified":"2026-04-06T18:41:49","modified_gmt":"2026-04-06T15:41:49","slug":"amarillo-amas01-szafa-2-drzwiowa-orzech-zulawski-moonlight-classic","status":"publish","type":"product","link":"https:\/\/baldumarket.lt\/lt\/product\/amarillo-amas01-szafa-2-drzwiowa-orzech-zulawski-moonlight-classic\/","title":{"rendered":"Amarillo AMAS01 &#8211; 2 dur\u0173 spinta, \u017bu\u0142awski Walnut\/Moonlight Classic"},"content":{"rendered":"<p>\u201eMeble W\u00f3jcik\u201c dviej\u0173 dur\u0173 spinta \u201eAmarillo AMAS01\u201c \u2013 puikus sprendimas tiems, kurie vertina elegancij\u0105 ir funkcionalum\u0105. Klasikinis dizainas puikiai dera su \u012fvairiais interjero stiliais \u2013 nuo vinta\u017einio ir eklekti\u0161ko iki skandinavi\u0161ko ir bohemi\u0161ko. Unikali \u201e\u017bu\u0142awski Walnut\u201c spalv\u0173 gama kartu su \u0161viesia \u201eMoonlight Classic\u201c apdaila suteikia spintai erdvumo ir gaivumo, tod\u0117l ji tampa bet kurio stilingo miegamojo traukos centru.<\/p>\n<p>\u0160ios spintos prakti\u0161kumas yra beveik ne\u012fkainojamas. D\u0117l erdvi\u0173 daiktad\u0117\u017ei\u0173 metalinis drabu\u017ei\u0173 kabykla leid\u017eia lengvai sutvarkyti spint\u0105. Dviej\u0173 dureli\u0173 konstrukcija leid\u017eia patogiai ja naudotis ir greitai rasti reikiamus daiktus, o tai itin svarbu kasdien naudojantis.<\/p>\n<p>Vienas i\u0161 pagrindini\u0173 \u0161ios spintos bruo\u017e\u0173 \u2013 ranken\u0117li\u0173 neturinti sistema, kuri kartu su \u0161velniai u\u017esidaran\u010diais vyriais u\u017etikrina patog\u0173 ir tyl\u0173 naudojim\u0105. \u0160is sprendimas ne tik pagerina baldo estetik\u0105, bet ir funkcionalum\u0105, tod\u0117l tai puikus pasirinkimas ie\u0161kantiems moderni\u0173 ir prakti\u0161k\u0173 sprendim\u0173 savo namams.<\/p>\n<p>Spintos med\u017eiagos \u2013 laminuota plok\u0161t\u0117 ir MDF \u2013 garantuoja patvarum\u0105 ir atsparum\u0105 kasdieniam naudojimui. \u0160i auk\u0161tos kokyb\u0117s apdaila u\u017etikrina, kad \u201eAmarillo AMAS01\u201c spinta tarnaus ilgus metus neprarandant savo \u017eavesio ir prakti\u0161kumo. Universalus dizainas leid\u017eia j\u0105 lengvai integruoti \u012f \u012fvairius interjerus \u2013 tiek klasikinius, tiek \u012fkv\u0117ptus naujausi\u0173 interjero dizaino tendencij\u0173.<\/p>\n<p>\u201eAmarillo AMAS01\u201c spinta \u2013 tai daugiau nei tik daikt\u0173 laikymo vieta \u2013 tai stilingas elementas, kuris pabr\u0117\u0161 j\u016bs\u0173 miegamojo charakter\u012f ir suteiks jam unikalaus \u017eavesio. Jei ie\u0161kote gamtos \u012fkv\u0117pt\u0173 ir tuo pa\u010diu moderni\u0173 bald\u0173 sprendim\u0173, \u0161is modelis tikrai pateisins j\u016bs\u0173 l\u016bkes\u010dius!<\/p>","protected":false},"excerpt":{"rendered":"<p>Plotis (cm): 106,2<br \/>\n\u016agis (cm): 206,5<br \/>\nGylis (cm): 60<\/p>","protected":false},"featured_media":161939,"comment_status":"open","ping_status":"open","template":"","meta":[],"product_brand":[],"product_cat":[9469,4107,1177],"product_tag":[],"class_list":{"0":"post-161938","1":"product","2":"type-product","3":"status-publish","4":"has-post-thumbnail","6":"product_cat-furniture-system-amarillo-wojcik-meble","7":"product_cat-meble-wojcik","8":"product_cat-wardrobes","10":"first","11":"instock","12":"purchasable","13":"product-type-simple"},"_links":{"self":[{"href":"https:\/\/baldumarket.lt\/lt\/wp-json\/wp\/v2\/product\/161938","targetHints":{"allow":["GET"]}}],"collection":[{"href":"https:\/\/baldumarket.lt\/lt\/wp-json\/wp\/v2\/product"}],"about":[{"href":"https:\/\/baldumarket.lt\/lt\/wp-json\/wp\/v2\/types\/product"}],"replies":[{"embeddable":true,"href":"https:\/\/baldumarket.lt\/lt\/wp-json\/wp\/v2\/comments?post=161938"}],"wp:featuredmedia":[{"embeddable":true,"href":"https:\/\/baldumarket.lt\/lt\/wp-json\/wp\/v2\/media\/161939"}],"wp:attachment":[{"href":"https:\/\/baldumarket.lt\/lt\/wp-json\/wp\/v2\/media?parent=161938"}],"wp:term":[{"taxonomy":"product_brand","embeddable":true,"href":"https:\/\/baldumarket.lt\/lt\/wp-json\/wp\/v2\/product_brand?post=161938"},{"taxonomy":"product_cat","embeddable":true,"href":"https:\/\/baldumarket.lt\/lt\/wp-json\/wp\/v2\/product_cat?post=161938"},{"taxonomy":"product_tag","embeddable":true,"href":"https:\/\/baldumarket.lt\/lt\/wp-json\/wp\/v2\/product_tag?post=161938"}],"curies":[{"name":"wp","href":"https:\/\/api.w.org\/{rel}","templated":true}]}}