{"id":161934,"date":"2025-12-19T11:56:19","date_gmt":"2025-12-19T08:56:19","guid":{"rendered":"https:\/\/baldumarket.lt\/product\/amarillo-amas02-szafa-3-drzwiowa-orzech-zulawski-moonlight-classic\/"},"modified":"2026-04-06T18:41:49","modified_gmt":"2026-04-06T15:41:49","slug":"amarillo-amas02-szafa-3-drzwiowa-orzech-zulawski-moonlight-classic","status":"publish","type":"product","link":"https:\/\/baldumarket.lt\/lt\/product\/amarillo-amas02-szafa-3-drzwiowa-orzech-zulawski-moonlight-classic\/","title":{"rendered":"Amarillo AMAS02 &#8211; 3 dur\u0173 spinta, \u017bu\u0142awski Walnut\/Moonlight Classic"},"content":{"rendered":"<p>Atraskite elegancij\u0105 ir funkcionalum\u0105 su trij\u0173 dur\u0173 \u201eAmarillo AMAS02\u201c spinta, kuri j\u016bs\u0173 miegamajam suteiks klasikinio ir modernaus stiliaus. \u0160i \u201eAMARILLO\u201c kolekcijos spinta derina estetik\u0105 ir prakti\u0161kum\u0105, puikiai tinkanti dideliems, erdviems interjerams. Nesenstanti \u201e\u017bu\u0142awski Walnut\u201c ir \u201eMoonlight Classic\u201c spalv\u0173 apdaila harmoningai dera prie \u012fvairi\u0173 interjer\u0173 \u2013 nuo vinta\u017einio iki modernaus eklekti\u0161ko.<\/p>\n<p>\u201eAmarillo AMAS02\u201c tampa tikra daikt\u0173 laikymo vieta, kurioje yra daug vietos j\u016bs\u0173 drabu\u017eiams. Trij\u0173 dureli\u0173 dizainas suteikia vietos tiek drabu\u017eiams kabinti (d\u0117l metalinio b\u0117gelio), tiek drabu\u017eiams laikyti lentynose. Spinta ne tik sutvarko, bet ir pagerina interjer\u0105 d\u0117l savo fasad\u0173 be ranken\u0117li\u0173 ir stilingo, vertikalaus i\u0161d\u0117stymo. Kiekviena \u0161io baldo detal\u0117 sukurta siekiant pabr\u0117\u017eti jo rafinuot\u0105 i\u0161vaizd\u0105 ir modern\u0173 funkcionalum\u0105.<\/p>\n<p>Spinta pagaminta i\u0161 auk\u0161tos kokyb\u0117s MDF ir laminuotos plok\u0161t\u0117s, u\u017etikrinan\u010dios patvarum\u0105 ir tvirtum\u0105. \u201eAmarillo AMAS02\u201c spinta \u012frodo, kad estetika gali der\u0117ti su kasdieniu prakti\u0161kumu. Erdvios lentynos (i\u0161 viso \u0161e\u0161ios) leid\u017eia tvarkingai laikyti drabu\u017eius, o plati lentyna vir\u0161 skersinio suteikia papildomos vietos didesniems daiktams.<\/p>\n<p>Miegam\u0173j\u0173 dizainuose, kuriuose dominuoja pastelin\u0117s, prislopinti atspalviai ar net ry\u0161k\u016bs, \u0161iuo metu madingi atspalviai, \u201eAmarillo AMAS02\u201c randa deram\u0105 viet\u0105. \u0160ios spintos universalumas ir elegancija daro j\u0105 puikiu pasirinkimu bet kokiam interjerui. Su \u201eMeble W\u00f3jcik\u201c \u201eAmarillo AMAS02\u201c spinta suteikite savo miegamajam ne tik stiliaus, bet ir ilgalaikio funkcionalumo.<\/p>","protected":false},"excerpt":{"rendered":"<p>Plotis (cm): 151,1<br \/>\n\u016agis (cm): 206,5<br \/>\nGylis (cm): 60<\/p>","protected":false},"featured_media":161935,"comment_status":"open","ping_status":"open","template":"","meta":[],"product_brand":[],"product_cat":[9469,4107,1177],"product_tag":[],"class_list":{"0":"post-161934","1":"product","2":"type-product","3":"status-publish","4":"has-post-thumbnail","6":"product_cat-furniture-system-amarillo-wojcik-meble","7":"product_cat-meble-wojcik","8":"product_cat-wardrobes","10":"first","11":"instock","12":"purchasable","13":"product-type-simple"},"_links":{"self":[{"href":"https:\/\/baldumarket.lt\/lt\/wp-json\/wp\/v2\/product\/161934","targetHints":{"allow":["GET"]}}],"collection":[{"href":"https:\/\/baldumarket.lt\/lt\/wp-json\/wp\/v2\/product"}],"about":[{"href":"https:\/\/baldumarket.lt\/lt\/wp-json\/wp\/v2\/types\/product"}],"replies":[{"embeddable":true,"href":"https:\/\/baldumarket.lt\/lt\/wp-json\/wp\/v2\/comments?post=161934"}],"wp:featuredmedia":[{"embeddable":true,"href":"https:\/\/baldumarket.lt\/lt\/wp-json\/wp\/v2\/media\/161935"}],"wp:attachment":[{"href":"https:\/\/baldumarket.lt\/lt\/wp-json\/wp\/v2\/media?parent=161934"}],"wp:term":[{"taxonomy":"product_brand","embeddable":true,"href":"https:\/\/baldumarket.lt\/lt\/wp-json\/wp\/v2\/product_brand?post=161934"},{"taxonomy":"product_cat","embeddable":true,"href":"https:\/\/baldumarket.lt\/lt\/wp-json\/wp\/v2\/product_cat?post=161934"},{"taxonomy":"product_tag","embeddable":true,"href":"https:\/\/baldumarket.lt\/lt\/wp-json\/wp\/v2\/product_tag?post=161934"}],"curies":[{"name":"wp","href":"https:\/\/api.w.org\/{rel}","templated":true}]}}